{"id":9811,"date":"2024-03-17T07:02:16","date_gmt":"2024-03-17T07:02:16","guid":{"rendered":"https:\/\/vn.hettichshop.com\/?post_type=product&#038;p=9811"},"modified":"2026-01-26T10:31:15","modified_gmt":"2026-01-26T02:31:15","slug":"avantech-you-h251","status":"publish","type":"product","link":"https:\/\/vn.hettichshop.com\/vi\/san-pham\/avantech-you-h251\/","title":{"rendered":"Ray h\u1ed9p AvanTech YOU H251"},"content":{"rendered":"<table class=\"table\" style=\"width: 97.5006%; height: 275px;\">\n<tbody>\n<tr style=\"height: 48px;\">\n<td class=\"attrib\" style=\"width: 30.2634%; height: 48px;\"><strong><span style=\"font-family: arial, helvetica, sans-serif;\">M\u00f4 t\u1ea3<\/span><\/strong><\/td>\n<td style=\"width: 156.129%; height: 48px;\"><span style=\"font-family: arial, helvetica, sans-serif;\">V\u1edbi kh\u1edbp n\u1ed1i m\u1eb7t tr\u01b0\u1edbc ray h\u1ed9p\u00a0<\/span><\/td>\n<\/tr>\n<tr style=\"height: 24px;\">\n<td class=\"attrib\" style=\"width: 30.2634%; height: 24px;\"><strong><span style=\"font-family: arial, helvetica, sans-serif;\">T\u00f9y ch\u1ecdn<\/span><\/strong><\/td>\n<td style=\"width: 156.129%; height: 24px;\"><span style=\"font-family: arial, helvetica, sans-serif;\">Th\u00e0nh h\u1ed9p \u0111\u00f4i<\/span><\/td>\n<\/tr>\n<tr style=\"height: 24px;\">\n<td class=\"attrib\" style=\"width: 30.2634%; height: 24px;\"><strong><span style=\"font-family: arial, helvetica, sans-serif;\">Chi\u1ec1u cao h\u1ec7 th\u1ed1ng<\/span><\/strong><\/td>\n<td style=\"width: 156.129%; height: 24px;\"><span style=\"font-family: arial, helvetica, sans-serif;\">251<\/span><\/td>\n<\/tr>\n<tr style=\"height: 49px;\">\n<td style=\"width: 30.2634%; height: 49px;\"><strong><span style=\"font-family: arial, helvetica, sans-serif;\">\u0110\u1ed9 s\u00e2u l\u1eafp \u0111\u1eb7t t\u1ed1i thi\u1ec3u<\/span><\/strong><\/td>\n<td style=\"width: 156.129%; height: 49px;\"><span style=\"font-family: arial, helvetica, sans-serif;\">453 mm (\u0111\u1ed1i v\u1edbi ray h\u1ed9p 450mm)<\/span><\/p>\n<p><span style=\"font-family: arial, helvetica, sans-serif;\">503 mm (\u0111\u1ed1i v\u1edbi ray h\u1ed9p 500mm)<\/span><\/td>\n<\/tr>\n<tr style=\"height: 24px;\">\n<td class=\"attrib\" style=\"width: 30.2634%; height: 24px;\"><strong><span style=\"font-family: arial, helvetica, sans-serif;\">M\u1eb7t l\u1eafp \u0111\u1eb7t<\/span><\/strong><\/td>\n<td style=\"width: 156.129%; height: 24px;\"><span style=\"font-family: arial, helvetica, sans-serif;\">Tr\u00e1i v\u00e0 ph\u1ea3i<\/span><\/td>\n<\/tr>\n<tr style=\"height: 24px;\">\n<td class=\"attrib\" style=\"width: 30.2634%; height: 24px;\"><strong><span style=\"font-family: arial, helvetica, sans-serif;\">Ch\u1ea5t li\u1ec7u<\/span><\/strong><\/td>\n<td style=\"width: 156.129%; height: 24px;\"><span style=\"font-family: arial, helvetica, sans-serif;\">Th\u00e9p<\/span><\/td>\n<\/tr>\n<tr style=\"height: 48px;\">\n<td class=\"attrib\" style=\"width: 30.2634%; height: 48px;\"><strong><span style=\"font-family: arial, helvetica, sans-serif;\">Th\u00e0nh ph\u1ea7n<\/span><\/strong><\/td>\n<td style=\"width: 156.129%; height: 48px;\"><span style=\"font-family: arial, helvetica, sans-serif;\">Th\u00e0nh h\u1ed9p<\/span><br \/>\n<span style=\"font-family: arial, helvetica, sans-serif;\">B\u1ed9 th\u00e0nh h\u1ed9p<\/span><\/td>\n<\/tr>\n<\/tbody>\n<\/table>","protected":false},"excerpt":{"rendered":"<p><span style=\"font-family: arial, helvetica, sans-serif;\">Bao g\u1ed3m:<\/span><\/p>\n<ul style=\"list-style-type: square;\">\n<li><span style=\"font-family: arial, helvetica, sans-serif;\">1 Th\u00e0nh h\u1ed9p b\u00ean tr\u00e1i v\u00e0 ph\u1ea3i<\/span><\/li>\n<li><span style=\"font-family: arial, helvetica, sans-serif;\">2 Th\u00e0nh ray h\u1ed9p v\u1edbi m\u00e0u t\u01b0\u01a1ng \u1ee9ng v\u1edbi th\u00e0nh h\u1ed9p<\/span><\/li>\n<li><span style=\"font-family: arial, helvetica, sans-serif;\">2 Kh\u1edbp n\u1ed1i m\u1eb7t tr\u01b0\u1edbc ray h\u1ed9p<\/span><\/li>\n<li><span style=\"font-family: arial, helvetica, sans-serif;\">2 Bas c\u1ed1 \u0111\u1ecbnh m\u1eb7t sau\u00a0<\/span><\/li>\n<li><span style=\"font-family: arial, helvetica, sans-serif;\">V\u1eadt li\u1ec7u c\u1ed1 \u0111\u1ecbnh<\/span><\/li>\n<li><span style=\"font-family: arial, helvetica, sans-serif;\">1 B\u1ed9 ray tr\u01b0\u1ee3t, tr\u00e1i v\u00e0 ph\u1ea3i\u00a0<\/span><\/li>\n<\/ul>","protected":false},"featured_media":9470,"template":"","meta":{"_links_to":"","_links_to_target":""},"product_cat":[72,84],"product_tag":[],"class_list":{"0":"post-9811","1":"product","2":"type-product","3":"status-publish","4":"has-post-thumbnail","6":"product_cat-he-thong-ray-hop","7":"product_cat-avantech-you","8":"pa_color-silver","9":"pa_color-white","10":"pa_color-xam-den","11":"pa_load-barring-30kg","12":"pa_load-barring-40kg","13":"pa_load-barring-70kg","14":"pa_runners-length-500mm","16":"first","17":"instock","18":"taxable","19":"shipping-taxable","20":"purchasable","21":"product-type-variable","22":"has-default-attributes"},"bundle_layout":"","bundle_add_to_cart_form_location":"","bundle_editable_in_cart":false,"bundle_sold_individually_context":"","bundle_item_grouping":"","bundle_min_size":"","bundle_max_size":"","bundled_by":[],"bundled_items":[],"_links":{"self":[{"href":"https:\/\/vn.hettichshop.com\/vi\/wp-json\/wp\/v2\/product\/9811","targetHints":{"allow":["GET"]}}],"collection":[{"href":"https:\/\/vn.hettichshop.com\/vi\/wp-json\/wp\/v2\/product"}],"about":[{"href":"https:\/\/vn.hettichshop.com\/vi\/wp-json\/wp\/v2\/types\/product"}],"version-history":[{"count":19,"href":"https:\/\/vn.hettichshop.com\/vi\/wp-json\/wp\/v2\/product\/9811\/revisions"}],"predecessor-version":[{"id":10416,"href":"https:\/\/vn.hettichshop.com\/vi\/wp-json\/wp\/v2\/product\/9811\/revisions\/10416"}],"wp:featuredmedia":[{"embeddable":true,"href":"https:\/\/vn.hettichshop.com\/vi\/wp-json\/wp\/v2\/media\/9470"}],"wp:attachment":[{"href":"https:\/\/vn.hettichshop.com\/vi\/wp-json\/wp\/v2\/media?parent=9811"}],"wp:term":[{"taxonomy":"product_cat","embeddable":true,"href":"https:\/\/vn.hettichshop.com\/vi\/wp-json\/wp\/v2\/product_cat?post=9811"},{"taxonomy":"product_tag","embeddable":true,"href":"https:\/\/vn.hettichshop.com\/vi\/wp-json\/wp\/v2\/product_tag?post=9811"}],"curies":[{"name":"wp","href":"https:\/\/api.w.org\/{rel}","templated":true}]}}