{"id":9774,"date":"2024-03-17T06:05:42","date_gmt":"2024-03-17T06:05:42","guid":{"rendered":"https:\/\/vn.hettichshop.com\/?post_type=product&#038;p=9774"},"modified":"2025-11-11T21:11:43","modified_gmt":"2025-11-11T13:11:43","slug":"topline-l-3-door","status":"publish","type":"product","link":"https:\/\/vn.hettichshop.com\/vi\/san-pham\/topline-l-3-door\/","title":{"rendered":"H\u1ec7 th\u1ed1ng c\u1eeda tr\u01b0\u1ee3t TopLine L 3 C\u00e1nh"},"content":{"rendered":"<table class=\"table\" style=\"width: 99.0708%;\">\n<tbody>\n<tr>\n<td class=\"attrib\" style=\"width: 54.9587%;\"><span style=\"font-family: arial, helvetica, sans-serif;\">Tr\u1ecdng l\u01b0\u1ee3ng t\u1ed1i \u0111a c\u1ee7a m\u1ed7i c\u00e1nh<\/span><\/td>\n<td style=\"width: 142.272%;\"><span style=\"font-family: arial, helvetica, sans-serif;\">50\u00a0kg<\/span><\/td>\n<\/tr>\n<tr>\n<td class=\"attrib\" style=\"width: 54.9587%;\"><span style=\"font-family: arial, helvetica, sans-serif;\">S\u1ed1 l\u01b0\u1ee3ng c\u00e1nh c\u00e1nh<\/span><\/td>\n<td style=\"width: 142.272%;\"><span style=\"font-family: arial, helvetica, sans-serif;\">3<\/span><\/td>\n<\/tr>\n<tr>\n<td class=\"attrib\" style=\"width: 54.9587%;\"><span style=\"font-family: arial, helvetica, sans-serif;\">T\u00ednh n\u0103ng<\/span><\/td>\n<td style=\"width: 142.272%;\"><span style=\"font-family: arial, helvetica, sans-serif;\">\u0110\u00f3ng v\u00e0 m\u1edf gi\u1ea3m ch\u1ea5n<\/span><\/td>\n<\/tr>\n<tr>\n<td class=\"attrib\" style=\"width: 54.9587%;\"><span style=\"font-family: arial, helvetica, sans-serif;\">B\u1ed9 ray tr\u01b0\u1ee3t tr\u00ean v\u00e0 d\u01b0\u1edbi<\/span><\/td>\n<td style=\"width: 142.272%;\"><span style=\"font-family: arial, helvetica, sans-serif;\">4000mm<\/span><\/td>\n<\/tr>\n<tr>\n<td style=\"width: 54.9587%;\"><span style=\"font-family: arial, helvetica, sans-serif;\">\u0110\u1ed9 d\u00e0y c\u00e1nh <\/span><\/td>\n<td style=\"width: 142.272%;\"><span style=\"font-family: arial, helvetica, sans-serif;\">18-30mm<\/span><\/td>\n<\/tr>\n<\/tbody>\n<\/table>\n<p>&nbsp;<\/p>\n<p>&nbsp;<\/p>","protected":false},"excerpt":{"rendered":"<ul style=\"list-style-type: square;\">\n<li><span style=\"font-family: arial, helvetica, sans-serif;\">D\u1ec5 d\u00e0ng \u0111\u00f3ng m\u1edf v\u1edbi c\u01a1 ch\u1ebf gi\u1ea3m ch\u1ea5n\u00a0<\/span><\/li>\n<li><span style=\"font-family: arial, helvetica, sans-serif;\">B\u1ed9 ph\u1ee5 ki\u1ec7n <span style=\"color: #808080;\">l\u1eafp \u0111\u1eb7t \u0111\u01b0\u1ee3c \u1ea9n \u0111i<\/span><\/span><\/li>\n<li><span style=\"font-family: arial, helvetica, sans-serif;\">T\u00edch h\u1ee3p c\u01a1 ch\u1ebf gi\u1ea3m ch\u1ea5n va ch\u1ea1m<\/span><\/li>\n<\/ul>\n<p><span style=\"font-family: arial, helvetica, sans-serif;\">Bao g\u1ed3m:<\/span><\/p>\n<ul style=\"list-style-type: square;\">\n<li><span style=\"font-family: arial, helvetica, sans-serif;\">9242713 B\u1ed9 ph\u1ee5 ki\u1ec7n c\u1eeda tr\u01b0\u1ee3t<\/span><\/li>\n<li><span style=\"font-family: arial, helvetica, sans-serif;\">9242240 B\u1ed9 ph\u1ee5 ki\u1ec7n gi\u1ea3m ch\u1ea5n \u0111\u00f3ng\u00a0<\/span><\/li>\n<li><span style=\"font-family: arial, helvetica, sans-serif;\">9242228 B\u1ed9 ph\u1ee5 ki\u1ec7n gi\u1ea3m ch\u1ea5n m\u1edf, c\u00f3 hi\u1ec7u ch\u1ec9nh chi\u1ec1u cao<\/span><\/li>\n<li><span style=\"font-family: arial, helvetica, sans-serif;\">9254630 B\u1ed9 gi\u1ea3m ch\u1ea5n va ch\u1ea1m\u00a0<\/span><\/li>\n<li><span style=\"font-family: arial, helvetica, sans-serif;\">9277167 B\u1ed9 ray tr\u01b0\u1ee3t tr\u00ean v\u00e0 d\u01b0\u1edbi, 4000 mm<\/span><\/li>\n<\/ul>","protected":false},"featured_media":10644,"template":"","meta":{"_links_to":"","_links_to_target":""},"product_cat":[131,75],"product_tag":[],"class_list":{"0":"post-9774","1":"product","2":"type-product","3":"status-publish","4":"has-post-thumbnail","6":"product_cat-topline-l","7":"product_cat-sliding-folding-systems","9":"first","10":"instock","11":"taxable","12":"shipping-taxable","13":"purchasable","14":"product-type-variable","15":"has-default-attributes"},"bundle_layout":"","bundle_add_to_cart_form_location":"","bundle_editable_in_cart":false,"bundle_sold_individually_context":"","bundle_item_grouping":"","bundle_min_size":"","bundle_max_size":"","bundled_by":[],"bundled_items":[],"_links":{"self":[{"href":"https:\/\/vn.hettichshop.com\/vi\/wp-json\/wp\/v2\/product\/9774","targetHints":{"allow":["GET"]}}],"collection":[{"href":"https:\/\/vn.hettichshop.com\/vi\/wp-json\/wp\/v2\/product"}],"about":[{"href":"https:\/\/vn.hettichshop.com\/vi\/wp-json\/wp\/v2\/types\/product"}],"version-history":[{"count":13,"href":"https:\/\/vn.hettichshop.com\/vi\/wp-json\/wp\/v2\/product\/9774\/revisions"}],"predecessor-version":[{"id":15438,"href":"https:\/\/vn.hettichshop.com\/vi\/wp-json\/wp\/v2\/product\/9774\/revisions\/15438"}],"wp:featuredmedia":[{"embeddable":true,"href":"https:\/\/vn.hettichshop.com\/vi\/wp-json\/wp\/v2\/media\/10644"}],"wp:attachment":[{"href":"https:\/\/vn.hettichshop.com\/vi\/wp-json\/wp\/v2\/media?parent=9774"}],"wp:term":[{"taxonomy":"product_cat","embeddable":true,"href":"https:\/\/vn.hettichshop.com\/vi\/wp-json\/wp\/v2\/product_cat?post=9774"},{"taxonomy":"product_tag","embeddable":true,"href":"https:\/\/vn.hettichshop.com\/vi\/wp-json\/wp\/v2\/product_tag?post=9774"}],"curies":[{"name":"wp","href":"https:\/\/api.w.org\/{rel}","templated":true}]}}