{"id":9755,"date":"2024-03-17T06:04:14","date_gmt":"2024-03-17T06:04:14","guid":{"rendered":"https:\/\/vn.hettichshop.com\/?post_type=product&#038;p=9755"},"modified":"2026-01-30T15:15:08","modified_gmt":"2026-01-30T07:15:08","slug":"topline-l-2-door","status":"publish","type":"product","link":"https:\/\/vn.hettichshop.com\/vi\/san-pham\/topline-l-2-door\/","title":{"rendered":"H\u1ec7 th\u1ed1ng c\u1eeda tr\u01b0\u1ee3t TopLine L 2 c\u00e1nh"},"content":{"rendered":"<p>&nbsp;<\/p>\n<table class=\"table\" style=\"width: 58.2271%; height: 120px;\">\n<tbody>\n<tr style=\"height: 24px;\">\n<td class=\"attrib\" style=\"width: 53.6211%; height: 24px;\"><span style=\"font-family: arial, helvetica, sans-serif;\">Tr\u1ecdng l\u01b0\u1ee3ng t\u1ed1i \u0111a c\u1ee7a m\u1ed7i c\u00e1nh\u00a0<\/span><\/td>\n<td style=\"width: 69.274%; height: 24px;\"><span style=\"font-family: arial, helvetica, sans-serif;\">50\u00a0kg<\/span><\/td>\n<\/tr>\n<tr style=\"height: 24px;\">\n<td class=\"attrib\" style=\"width: 53.6211%; height: 24px;\"><span style=\"font-family: arial, helvetica, sans-serif;\">S\u1ed1 l\u01b0\u1ee3ng c\u1ee7a c\u00e1nh<\/span><\/td>\n<td style=\"width: 69.274%; height: 24px;\"><span style=\"font-family: arial, helvetica, sans-serif;\">2<\/span><\/td>\n<\/tr>\n<tr style=\"height: 24px;\">\n<td class=\"attrib\" style=\"width: 53.6211%; height: 24px;\"><span style=\"font-family: arial, helvetica, sans-serif;\">T\u00ednh n\u0103ng<\/span><\/td>\n<td style=\"width: 69.274%; height: 24px;\"><span style=\"font-family: arial, helvetica, sans-serif;\">\u0110\u00f3ng v\u00e0 m\u1edf gi\u1ea3m ch\u1ea5n<\/span><\/td>\n<\/tr>\n<tr style=\"height: 24px;\">\n<td class=\"attrib\" style=\"width: 53.6211%; height: 24px;\"><span style=\"font-family: arial, helvetica, sans-serif;\">B\u1ed9 ray tr\u01b0\u1ee3t tr\u00ean v\u00e0 d\u01b0\u1edbi<\/span><\/td>\n<td style=\"width: 69.274%; height: 24px;\"><span style=\"font-family: arial, helvetica, sans-serif;\">4000 mm<\/span><\/td>\n<\/tr>\n<tr style=\"height: 24px;\">\n<td style=\"width: 53.6211%; height: 24px;\"><span style=\"font-family: arial, helvetica, sans-serif;\">\u0110\u1ed9 d\u00e0y c\u00e1nh<\/span><\/td>\n<td style=\"width: 69.274%; height: 24px;\"><span style=\"font-family: arial, helvetica, sans-serif;\">18-30 mm<\/span><\/td>\n<\/tr>\n<\/tbody>\n<\/table>\n<p>&nbsp;<\/p>","protected":false},"excerpt":{"rendered":"<ul style=\"list-style-type: square;\">\n<li><span style=\"font-family: arial, helvetica, sans-serif;\">D\u1ec5 d\u00e0ng \u0111\u00f3ng m\u1edf v\u1edbi c\u01a1 ch\u1ebf gi\u1ea3m ch\u1ea5n m\u01b0\u1ee3t m\u00e0\u00a0<\/span><\/li>\n<li><span style=\"font-family: arial, helvetica, sans-serif;\">B\u1ed9 ph\u1ee5 ki\u1ec7n l\u1eafp \u0111\u1eb7t \u0111\u01b0\u1ee3c \u1ea9n \u0111i\u00a0<\/span><\/li>\n<li><span style=\"font-family: arial, helvetica, sans-serif;\">C\u01a1 ch\u1ebf gi\u1ea3m va ch\u1ea1m gi\u00fap \u0111\u00f3ng nh\u1eb9 nh\u00e0ng<\/span><\/li>\n<\/ul>\n<p><span style=\"font-family: arial, helvetica, sans-serif;\">Bao g\u1ed3m:<\/span><\/p>\n<ul style=\"list-style-type: square;\">\n<li><span style=\"font-family: arial, helvetica, sans-serif;\">9242712 B\u1ed9 ph\u1ee5 ki\u1ec7n c\u1eeda tr\u01b0\u1ee3t\u00a0<\/span><\/li>\n<li><span style=\"font-family: arial, helvetica, sans-serif;\">9242227 Ph\u1ee5 ki\u1ec7n gi\u1ea3m ch\u1ea5n m\u1edf<\/span><\/li>\n<li><span style=\"font-family: arial, helvetica, sans-serif;\">9242238 Ph\u1ee5 ki\u1ec7n gi\u1ea3m ch\u1ea5n \u0111\u00f3ng<\/span><\/li>\n<li><span style=\"font-family: arial, helvetica, sans-serif;\">9277167 B\u1ed9 ray tr\u01b0\u1ee3t tr\u00ean v\u00e0 d\u01b0\u1edbi, 4000mm<\/span><\/li>\n<\/ul>","protected":false},"featured_media":9764,"template":"","meta":{"_links_to":"","_links_to_target":""},"product_cat":[131,75],"product_tag":[],"class_list":{"0":"post-9755","1":"product","2":"type-product","3":"status-publish","4":"has-post-thumbnail","6":"product_cat-topline-l","7":"product_cat-sliding-folding-systems","9":"first","10":"instock","11":"taxable","12":"shipping-taxable","13":"purchasable","14":"product-type-variable","15":"has-default-attributes"},"bundle_layout":"","bundle_add_to_cart_form_location":"","bundle_editable_in_cart":false,"bundle_sold_individually_context":"","bundle_item_grouping":"","bundle_min_size":"","bundle_max_size":"","bundled_by":[],"bundled_items":[],"_links":{"self":[{"href":"https:\/\/vn.hettichshop.com\/vi\/wp-json\/wp\/v2\/product\/9755","targetHints":{"allow":["GET"]}}],"collection":[{"href":"https:\/\/vn.hettichshop.com\/vi\/wp-json\/wp\/v2\/product"}],"about":[{"href":"https:\/\/vn.hettichshop.com\/vi\/wp-json\/wp\/v2\/types\/product"}],"version-history":[{"count":20,"href":"https:\/\/vn.hettichshop.com\/vi\/wp-json\/wp\/v2\/product\/9755\/revisions"}],"predecessor-version":[{"id":15512,"href":"https:\/\/vn.hettichshop.com\/vi\/wp-json\/wp\/v2\/product\/9755\/revisions\/15512"}],"wp:featuredmedia":[{"embeddable":true,"href":"https:\/\/vn.hettichshop.com\/vi\/wp-json\/wp\/v2\/media\/9764"}],"wp:attachment":[{"href":"https:\/\/vn.hettichshop.com\/vi\/wp-json\/wp\/v2\/media?parent=9755"}],"wp:term":[{"taxonomy":"product_cat","embeddable":true,"href":"https:\/\/vn.hettichshop.com\/vi\/wp-json\/wp\/v2\/product_cat?post=9755"},{"taxonomy":"product_tag","embeddable":true,"href":"https:\/\/vn.hettichshop.com\/vi\/wp-json\/wp\/v2\/product_tag?post=9755"}],"curies":[{"name":"wp","href":"https:\/\/api.w.org\/{rel}","templated":true}]}}