{"id":9711,"date":"2024-03-16T04:49:34","date_gmt":"2024-03-16T04:49:34","guid":{"rendered":"https:\/\/vn.hettichshop.com\/?post_type=product&#038;p=9711"},"modified":"2025-03-27T15:09:06","modified_gmt":"2025-03-27T07:09:06","slug":"opening-angle-limiter-sensys-110","status":"publish","type":"product","link":"https:\/\/vn.hettichshop.com\/vi\/san-pham\/opening-angle-limiter-sensys-110\/","title":{"rendered":"B\u1ed9 gi\u1edbi h\u1ea1n g\u00f3c m\u1edf Sensys 110\u00b0"},"content":{"rendered":"<p>&nbsp;<\/p>\n<table class=\"table\" style=\"width: 38.3485%; height: 104px;\">\n<tbody>\n<tr style=\"height: 24px;\">\n<td class=\"attrib\" style=\"height: 24px; width: 39.3382%;\"><span style=\"font-family: arial, helvetica, sans-serif;\">B\u1ec1 m\u1eb7t<\/span><\/td>\n<td style=\"height: 24px; width: 70.9559%;\"><span style=\"font-family: arial, helvetica, sans-serif;\">Nh\u1ef1a tr\u1eafng<\/span><\/td>\n<\/tr>\n<tr style=\"height: 48px;\">\n<td class=\"attrib\" style=\"height: 48px; width: 39.3382%;\"><span style=\"font-family: arial, helvetica, sans-serif;\">Ph\u00e2n lo\u1ea1i<\/span><\/td>\n<td style=\"height: 48px; width: 70.9559%;\"><span style=\"font-family: arial, helvetica, sans-serif;\">B\u1ed9 gi\u1edbi h\u1ea1n g\u00f3c m\u1edf<\/span><\/td>\n<\/tr>\n<tr style=\"height: 32px;\">\n<td class=\"attrib\" style=\"height: 32px; width: 39.3382%;\"><span style=\"font-family: arial, helvetica, sans-serif;\">G\u00f3c m\u1edf<\/span><\/td>\n<td style=\"height: 32px; width: 70.9559%;\"><span style=\"font-family: arial, helvetica, sans-serif;\">110\u00b0 \u0111\u1ebfn 85\u00b0\u00a0<\/span><\/td>\n<\/tr>\n<tr>\n<td style=\"width: 39.3382%;\"><span style=\"font-family: arial, helvetica, sans-serif;\">MOQ<\/span><\/td>\n<td style=\"width: 70.9559%;\"><span style=\"font-family: arial, helvetica, sans-serif;\">50<\/span><\/td>\n<\/tr>\n<\/tbody>\n<\/table>","protected":false},"excerpt":{"rendered":"<ul style=\"list-style-type: square;\">\n<li><span style=\"font-family: arial, helvetica, sans-serif;\">\u0110\u1ec3 gi\u1ea3m g\u00f3c m\u1edf c\u1ee7a c\u00e1nh t\u1ee7<\/span><\/li>\n<li><span style=\"font-family: arial, helvetica, sans-serif;\">H\u1ea1n ch\u1ebf va ch\u1ea1m gi\u1eefa c\u00e1c th\u00e0nh ph\u1ea7n, tr\u00e1nh l\u00e0m h\u1ecfng c\u00e1nh t\u1ee7 v\u00e0 c\u00e1c th\u00e0nh ph\u1ea7n xung quanh<\/span><\/li>\n<\/ul>","protected":false},"featured_media":9712,"template":"","meta":{"_links_to":"","_links_to_target":""},"product_cat":[74,146],"product_tag":[],"class_list":{"0":"post-9711","1":"product","2":"type-product","3":"status-publish","4":"has-post-thumbnail","6":"product_cat-hinges","7":"product_cat-hinges-accessories","9":"first","10":"instock","11":"taxable","12":"shipping-taxable","13":"purchasable","14":"product-type-simple"},"bundle_layout":"","bundle_add_to_cart_form_location":"","bundle_editable_in_cart":false,"bundle_sold_individually_context":"","bundle_item_grouping":"","bundle_min_size":"","bundle_max_size":"","bundled_by":[],"bundled_items":[],"_links":{"self":[{"href":"https:\/\/vn.hettichshop.com\/vi\/wp-json\/wp\/v2\/product\/9711","targetHints":{"allow":["GET"]}}],"collection":[{"href":"https:\/\/vn.hettichshop.com\/vi\/wp-json\/wp\/v2\/product"}],"about":[{"href":"https:\/\/vn.hettichshop.com\/vi\/wp-json\/wp\/v2\/types\/product"}],"version-history":[{"count":8,"href":"https:\/\/vn.hettichshop.com\/vi\/wp-json\/wp\/v2\/product\/9711\/revisions"}],"predecessor-version":[{"id":13601,"href":"https:\/\/vn.hettichshop.com\/vi\/wp-json\/wp\/v2\/product\/9711\/revisions\/13601"}],"wp:featuredmedia":[{"embeddable":true,"href":"https:\/\/vn.hettichshop.com\/vi\/wp-json\/wp\/v2\/media\/9712"}],"wp:attachment":[{"href":"https:\/\/vn.hettichshop.com\/vi\/wp-json\/wp\/v2\/media?parent=9711"}],"wp:term":[{"taxonomy":"product_cat","embeddable":true,"href":"https:\/\/vn.hettichshop.com\/vi\/wp-json\/wp\/v2\/product_cat?post=9711"},{"taxonomy":"product_tag","embeddable":true,"href":"https:\/\/vn.hettichshop.com\/vi\/wp-json\/wp\/v2\/product_tag?post=9711"}],"curies":[{"name":"wp","href":"https:\/\/api.w.org\/{rel}","templated":true}]}}