{"id":9686,"date":"2024-03-15T09:41:04","date_gmt":"2024-03-15T09:41:04","guid":{"rendered":"https:\/\/vn.hettichshop.com\/?post_type=product&#038;p=9686"},"modified":"2025-03-27T15:09:51","modified_gmt":"2025-03-27T07:09:51","slug":"cover-cap-for-sensys-hinge-cup-for-drilling-pattern-th-tsarticle-blk","status":"publish","type":"product","link":"https:\/\/vn.hettichshop.com\/vi\/san-pham\/cover-cap-for-sensys-hinge-cup-for-drilling-pattern-th-tsarticle-blk\/","title":{"rendered":"N\u1eafp ch\u00e9n b\u1ea3n l\u1ec1 (m\u1eabu khoan TH \/ TS) &#8211; \u0110en obsidian"},"content":{"rendered":"","protected":false},"excerpt":{"rendered":"<ul style=\"list-style-type: square;\">\n<li><span style=\"font-family: arial, helvetica, sans-serif;\">N\u1eafp ch\u00e9n b\u1ea3n l\u1ec1 cho b\u1ea3n l\u1ec1 Sensys v\u1edbi m\u1eabu khoan TH \/ TS<\/span><\/li>\n<li><span style=\"font-family: arial, helvetica, sans-serif;\">Th\u00e9p \u0111en obsidian<\/span><\/li>\n<li><span style=\"font-family: arial, helvetica, sans-serif;\">Quy c\u00e1ch \u0111\u00f3ng g\u00f3i: 50<\/span><\/li>\n<\/ul>","protected":false},"featured_media":9687,"template":"","meta":{"_links_to":"","_links_to_target":""},"product_cat":[74,146],"product_tag":[],"class_list":{"0":"post-9686","1":"product","2":"type-product","3":"status-publish","4":"has-post-thumbnail","6":"product_cat-hinges","7":"product_cat-hinges-accessories","9":"first","10":"instock","11":"taxable","12":"shipping-taxable","13":"purchasable","14":"product-type-simple"},"bundle_layout":"","bundle_add_to_cart_form_location":"","bundle_editable_in_cart":false,"bundle_sold_individually_context":"","bundle_item_grouping":"","bundle_min_size":"","bundle_max_size":"","bundled_by":["10309"],"bundled_items":[],"_links":{"self":[{"href":"https:\/\/vn.hettichshop.com\/vi\/wp-json\/wp\/v2\/product\/9686","targetHints":{"allow":["GET"]}}],"collection":[{"href":"https:\/\/vn.hettichshop.com\/vi\/wp-json\/wp\/v2\/product"}],"about":[{"href":"https:\/\/vn.hettichshop.com\/vi\/wp-json\/wp\/v2\/types\/product"}],"version-history":[{"count":11,"href":"https:\/\/vn.hettichshop.com\/vi\/wp-json\/wp\/v2\/product\/9686\/revisions"}],"predecessor-version":[{"id":13602,"href":"https:\/\/vn.hettichshop.com\/vi\/wp-json\/wp\/v2\/product\/9686\/revisions\/13602"}],"wp:featuredmedia":[{"embeddable":true,"href":"https:\/\/vn.hettichshop.com\/vi\/wp-json\/wp\/v2\/media\/9687"}],"wp:attachment":[{"href":"https:\/\/vn.hettichshop.com\/vi\/wp-json\/wp\/v2\/media?parent=9686"}],"wp:term":[{"taxonomy":"product_cat","embeddable":true,"href":"https:\/\/vn.hettichshop.com\/vi\/wp-json\/wp\/v2\/product_cat?post=9686"},{"taxonomy":"product_tag","embeddable":true,"href":"https:\/\/vn.hettichshop.com\/vi\/wp-json\/wp\/v2\/product_tag?post=9686"}],"curies":[{"name":"wp","href":"https:\/\/api.w.org\/{rel}","templated":true}]}}