{"id":9680,"date":"2024-03-15T09:38:59","date_gmt":"2024-03-15T09:38:59","guid":{"rendered":"https:\/\/vn.hettichshop.com\/?post_type=product&#038;p=9680"},"modified":"2025-04-10T17:32:54","modified_gmt":"2025-04-10T09:32:54","slug":"cover-cap-for-sensys-hinge-arm-wide-angle-hinge","status":"publish","type":"product","link":"https:\/\/vn.hettichshop.com\/vi\/san-pham\/cover-cap-for-sensys-hinge-arm-wide-angle-hinge\/","title":{"rendered":"N\u1eafp th\u00e2n b\u1ea3n l\u1ec1 g\u00f3c m\u1edf r\u1ed9ng"},"content":{"rendered":"","protected":false},"excerpt":{"rendered":"<ul style=\"list-style-type: square;\">\n<li><span style=\"font-family: arial, helvetica, sans-serif;\">D\u00f9ng cho b\u1ea3n l\u1ec1 Sensys g\u00f3c m\u1edf r\u1ed9ng<\/span><\/li>\n<li><span style=\"font-family: arial, helvetica, sans-serif;\">T\u00f9y ch\u1ecdn in theo y\u00eau c\u1ea7u\u00a0<\/span><\/li>\n<li><span style=\"font-family: arial, helvetica, sans-serif;\">Nh\u1ef1a x\u00e1m \u0111en<\/span><\/li>\n<li><span style=\"font-family: arial, helvetica, sans-serif;\">Quy c\u00e1ch \u0111\u00f3ng g\u00f3i: 50<\/span><\/li>\n<\/ul>","protected":false},"featured_media":9681,"template":"","meta":{"_links_to":"","_links_to_target":""},"product_cat":[74,146],"product_tag":[],"class_list":{"0":"post-9680","1":"product","2":"type-product","3":"status-publish","4":"has-post-thumbnail","6":"product_cat-hinges","7":"product_cat-hinges-accessories","9":"first","10":"instock","11":"taxable","12":"shipping-taxable","13":"purchasable","14":"product-type-simple"},"bundle_layout":"","bundle_add_to_cart_form_location":"","bundle_editable_in_cart":false,"bundle_sold_individually_context":"","bundle_item_grouping":"","bundle_min_size":"","bundle_max_size":"","bundled_by":["10491","10485","10488","10493"],"bundled_items":[],"_links":{"self":[{"href":"https:\/\/vn.hettichshop.com\/vi\/wp-json\/wp\/v2\/product\/9680","targetHints":{"allow":["GET"]}}],"collection":[{"href":"https:\/\/vn.hettichshop.com\/vi\/wp-json\/wp\/v2\/product"}],"about":[{"href":"https:\/\/vn.hettichshop.com\/vi\/wp-json\/wp\/v2\/types\/product"}],"version-history":[{"count":8,"href":"https:\/\/vn.hettichshop.com\/vi\/wp-json\/wp\/v2\/product\/9680\/revisions"}],"predecessor-version":[{"id":13604,"href":"https:\/\/vn.hettichshop.com\/vi\/wp-json\/wp\/v2\/product\/9680\/revisions\/13604"}],"wp:featuredmedia":[{"embeddable":true,"href":"https:\/\/vn.hettichshop.com\/vi\/wp-json\/wp\/v2\/media\/9681"}],"wp:attachment":[{"href":"https:\/\/vn.hettichshop.com\/vi\/wp-json\/wp\/v2\/media?parent=9680"}],"wp:term":[{"taxonomy":"product_cat","embeddable":true,"href":"https:\/\/vn.hettichshop.com\/vi\/wp-json\/wp\/v2\/product_cat?post=9680"},{"taxonomy":"product_tag","embeddable":true,"href":"https:\/\/vn.hettichshop.com\/vi\/wp-json\/wp\/v2\/product_tag?post=9680"}],"curies":[{"name":"wp","href":"https:\/\/api.w.org\/{rel}","templated":true}]}}