{"id":9675,"date":"2024-03-15T09:34:27","date_gmt":"2024-03-15T09:34:27","guid":{"rendered":"https:\/\/vn.hettichshop.com\/?post_type=product&#038;p=9675"},"modified":"2025-03-27T15:23:21","modified_gmt":"2025-03-27T07:23:21","slug":"intermat-9930-50-65","status":"publish","type":"product","link":"https:\/\/vn.hettichshop.com\/vi\/san-pham\/intermat-9930-50-65\/","title":{"rendered":"Intermat 9930 <br> B\u1ed9 b\u1ea3n l\u1ec1 n\u1ed1i c\u00e1nh t\u1ee7, tr\u00f9m ngo\u00e0i, m\u00e0u niken"},"content":{"rendered":"","protected":false},"excerpt":{"rendered":"<ul style=\"list-style-type: square;\">\n<li><span style=\"font-family: arial, helvetica, sans-serif;\">B\u1ea3n l\u1ec1 n\u1ed1i c\u00e1nh t\u1ee7 g\u00f3c, g\u00f3c m\u1edf 50\u00b0 \/ 65\u00b0\u00a0<\/span><\/li>\n<li><span style=\"font-family: arial, helvetica, sans-serif;\"><strong>Kh\u00f4ng c\u00f3 t\u00ednh n\u0103ng t\u1ef1 \u0111\u00f3ng<\/strong> (Intermat 9930)<\/span><\/li>\n<li><span style=\"font-family: arial, helvetica, sans-serif;\">T\u1ea3i tr\u1ecdng theo ti\u00eau chu\u1ea9n EN 15570, Level 2<\/span><\/li>\n<li><span style=\"font-family: arial, helvetica, sans-serif;\">\u0110\u1ed9 d\u00e0y c\u00e1nh 15 &#8211; 21 mm<\/span><\/li>\n<li><span style=\"font-family: arial, helvetica, sans-serif;\">K\u00edch th\u01b0\u1edbc khoan &#8211; TH: 52 x 5.5 mm<\/span><\/li>\n<li><span style=\"font-family: arial, helvetica, sans-serif;\">\u0110\u1ed9 s\u00e2u ch\u00e9n 12.8 mm<\/span><\/li>\n<li><span style=\"font-family: arial, helvetica, sans-serif;\">L\u1eafp \u0111\u1eb7t b\u1eb1ng v\u00edt<\/span><\/li>\n<li><span style=\"font-family: arial, helvetica, sans-serif;\">\u0110i\u1ec1u ch\u1ec9nh theo \u0111\u01b0\u1eddng ch\u00e9o +9.5 mm \/ -9.5 mm<\/span><\/li>\n<li><span style=\"font-family: arial, helvetica, sans-serif;\">\u0110i\u1ec1u ch\u1ec9nh \u0111\u1ed9 tr\u00f9m ngo\u00e0i, xem b\u1ea3n v\u1ebd<\/span><\/li>\n<li><span style=\"font-family: arial, helvetica, sans-serif;\">\u0110i\u1ec1u ch\u1ec9nh \u0111\u1ed9 s\u00e2u, xem b\u1ea3n v\u1ebd<\/span><\/li>\n<li><span style=\"font-family: arial, helvetica, sans-serif;\">\u0110i\u1ec1u ch\u1ec9nh chi\u1ec1u cao tr\u00ean \u0111\u1ebf<\/span><\/li>\n<li><span style=\"font-family: arial, helvetica, sans-serif;\">Th\u00e9p \/ h\u1ee3p kim k\u1ebdm \u0111\u00fac, m\u1ea1 niken<\/span><\/li>\n<li><span style=\"font-family: arial, helvetica, sans-serif;\">T\u00ednh n\u0103ng: n\u1ed1i c\u00e1nh t\u1ee7<\/span><\/li>\n<\/ul>","protected":false},"featured_media":10499,"template":"","meta":{"_links_to":"","_links_to_target":""},"product_cat":[74,112],"product_tag":[],"class_list":{"0":"post-9675","1":"product","2":"type-product","3":"status-publish","4":"has-post-thumbnail","6":"product_cat-hinges","7":"product_cat-intermat","9":"first","10":"instock","11":"taxable","12":"shipping-taxable","13":"purchasable","14":"product-type-variable"},"bundle_layout":"","bundle_add_to_cart_form_location":"","bundle_editable_in_cart":false,"bundle_sold_individually_context":"","bundle_item_grouping":"","bundle_min_size":"","bundle_max_size":"","bundled_by":["10498"],"bundled_items":[],"_links":{"self":[{"href":"https:\/\/vn.hettichshop.com\/vi\/wp-json\/wp\/v2\/product\/9675","targetHints":{"allow":["GET"]}}],"collection":[{"href":"https:\/\/vn.hettichshop.com\/vi\/wp-json\/wp\/v2\/product"}],"about":[{"href":"https:\/\/vn.hettichshop.com\/vi\/wp-json\/wp\/v2\/types\/product"}],"version-history":[{"count":16,"href":"https:\/\/vn.hettichshop.com\/vi\/wp-json\/wp\/v2\/product\/9675\/revisions"}],"predecessor-version":[{"id":11109,"href":"https:\/\/vn.hettichshop.com\/vi\/wp-json\/wp\/v2\/product\/9675\/revisions\/11109"}],"wp:featuredmedia":[{"embeddable":true,"href":"https:\/\/vn.hettichshop.com\/vi\/wp-json\/wp\/v2\/media\/10499"}],"wp:attachment":[{"href":"https:\/\/vn.hettichshop.com\/vi\/wp-json\/wp\/v2\/media?parent=9675"}],"wp:term":[{"taxonomy":"product_cat","embeddable":true,"href":"https:\/\/vn.hettichshop.com\/vi\/wp-json\/wp\/v2\/product_cat?post=9675"},{"taxonomy":"product_tag","embeddable":true,"href":"https:\/\/vn.hettichshop.com\/vi\/wp-json\/wp\/v2\/product_tag?post=9675"}],"curies":[{"name":"wp","href":"https:\/\/api.w.org\/{rel}","templated":true}]}}