{"id":9562,"date":"2024-03-15T06:42:47","date_gmt":"2024-03-15T06:42:47","guid":{"rendered":"https:\/\/vn.hettichshop.com\/?post_type=product&#038;p=9562"},"modified":"2026-01-28T15:41:30","modified_gmt":"2026-01-28T07:41:30","slug":"sensys-8645i-110-hinge-half","status":"publish","type":"product","link":"https:\/\/vn.hettichshop.com\/vi\/san-pham\/sensys-8645i-110-hinge-half\/","title":{"rendered":"Sensys 8645i &#8211; B\u1ea3n l\u1ec1 c\u00e1nh ti\u00eau chu\u1ea9n 110\u00b0 &#8211; Tr\u00f9m n\u1eeda &#8211; Niken"},"content":{"rendered":"<ul style=\"list-style-type: square;\">\n<li><span style=\"font-family: arial, helvetica, sans-serif;\">B\u1ea3n l\u1ec1 Sensys 110\u00b0<\/span><\/li>\n<li><span style=\"font-family: arial, helvetica, sans-serif;\">T\u00edch h\u1ee3p gi\u1ea3m ch\u1ea5n v\u00e0 t\u00ednh n\u0103ng t\u1ef1 \u0111\u00f3ng (Sensys 8645i)<\/span><\/li>\n<li><span style=\"font-family: arial, helvetica, sans-serif;\">T\u1ea3i tr\u1ecdng theo ti\u00eau chu\u1ea9n EN 15570, Level 3<\/span><\/li>\n<li><span style=\"font-family: arial, helvetica, sans-serif;\">G\u00f3c m\u1edf 110\u00b0<\/span><\/li>\n<li><span style=\"font-family: arial, helvetica, sans-serif;\">\u0110\u1ed9 d\u00e0y c\u00e1nh 19 mm<\/span><\/li>\n<li><span style=\"font-family: arial, helvetica, sans-serif;\">B\u1ea3n l\u1ec1 tr\u00f9m n\u1eeda (B 3 mm)<\/span><\/li>\n<li><span style=\"font-family: arial, helvetica, sans-serif;\">K\u00edch th\u01b0\u1edbc khoan &#8211; TH 52 x 5.5 mm<\/span><\/li>\n<li><span style=\"font-family: arial, helvetica, sans-serif;\">\u0110\u1ed9 s\u00e2u ch\u00e9n 12.8 mm<\/span><\/li>\n<li><span style=\"font-family: arial, helvetica, sans-serif;\">L\u1eafp \u0111\u1eb7t b\u1eb1ng c\u00e1ch b\u1eaft v\u00edt (TH 52)<\/span><\/li>\n<li><span style=\"font-family: arial, helvetica, sans-serif;\">\u0110i\u1ec1u ch\u1ec9nh \u0111\u1ed9 tr\u00f9m +2 mm \/ -2 mm<\/span><\/li>\n<li><span style=\"font-family: arial, helvetica, sans-serif;\">\u0110i\u1ec1u ch\u1ec9nh \u0111\u1ed9 s\u00e2u\u00a0 +3 mm \/ -2 mm<\/span><\/li>\n<li><span style=\"font-family: arial, helvetica, sans-serif;\">\u0110i\u1ec1u ch\u1ec9nh chi\u1ec1u cao tr\u00ean\u00a0<\/span><\/li>\n<li><span style=\"font-family: arial, helvetica, sans-serif;\">Th\u00e9p m\u1ea1 niken<\/span><\/li>\n<\/ul>","protected":false},"excerpt":{"rendered":"<p><span style=\"font-family: arial, helvetica, sans-serif;\">M\u00e0u s\u1eafc: th\u00e9p m\u1ea1 niken<\/span><\/p>\n<p><span style=\"font-family: arial, helvetica, sans-serif;\">G\u00f3c m\u1edf: 110\u00b0<\/span><\/p>\n<p><span style=\"font-family: arial, helvetica, sans-serif;\">T\u00ednh n\u0103ng: tr\u00f9m n\u1eeda<\/span><\/p>\n<p>&nbsp;<\/p>","protected":false},"featured_media":9563,"template":"","meta":{"_links_to":"","_links_to_target":""},"product_cat":[74,166],"product_tag":[],"class_list":{"0":"post-9562","1":"product","2":"type-product","3":"status-publish","4":"has-post-thumbnail","6":"product_cat-hinges","7":"product_cat-part","9":"first","10":"instock","11":"taxable","12":"shipping-taxable","13":"purchasable","14":"product-type-simple"},"bundle_layout":"","bundle_add_to_cart_form_location":"","bundle_editable_in_cart":false,"bundle_sold_individually_context":"","bundle_item_grouping":"","bundle_min_size":"","bundle_max_size":"","bundled_by":["10209"],"bundled_items":[],"_links":{"self":[{"href":"https:\/\/vn.hettichshop.com\/vi\/wp-json\/wp\/v2\/product\/9562","targetHints":{"allow":["GET"]}}],"collection":[{"href":"https:\/\/vn.hettichshop.com\/vi\/wp-json\/wp\/v2\/product"}],"about":[{"href":"https:\/\/vn.hettichshop.com\/vi\/wp-json\/wp\/v2\/types\/product"}],"version-history":[{"count":6,"href":"https:\/\/vn.hettichshop.com\/vi\/wp-json\/wp\/v2\/product\/9562\/revisions"}],"predecessor-version":[{"id":11685,"href":"https:\/\/vn.hettichshop.com\/vi\/wp-json\/wp\/v2\/product\/9562\/revisions\/11685"}],"wp:featuredmedia":[{"embeddable":true,"href":"https:\/\/vn.hettichshop.com\/vi\/wp-json\/wp\/v2\/media\/9563"}],"wp:attachment":[{"href":"https:\/\/vn.hettichshop.com\/vi\/wp-json\/wp\/v2\/media?parent=9562"}],"wp:term":[{"taxonomy":"product_cat","embeddable":true,"href":"https:\/\/vn.hettichshop.com\/vi\/wp-json\/wp\/v2\/product_cat?post=9562"},{"taxonomy":"product_tag","embeddable":true,"href":"https:\/\/vn.hettichshop.com\/vi\/wp-json\/wp\/v2\/product_tag?post=9562"}],"curies":[{"name":"wp","href":"https:\/\/api.w.org\/{rel}","templated":true}]}}