{"id":9552,"date":"2024-03-14T09:59:13","date_gmt":"2024-03-14T09:59:13","guid":{"rendered":"https:\/\/vn.hettichshop.com\/?post_type=product&#038;p=9552"},"modified":"2025-03-27T15:10:59","modified_gmt":"2025-03-27T07:10:59","slug":"cover-cap-sensys-hinge-arm-blk","status":"publish","type":"product","link":"https:\/\/vn.hettichshop.com\/vi\/san-pham\/cover-cap-sensys-hinge-arm-blk\/","title":{"rendered":"N\u1eafp th\u00e2n b\u1ea3n l\u1ec1 &#8211; \u0110en obsidian"},"content":{"rendered":"","protected":false},"excerpt":{"rendered":"<ul style=\"list-style-type: square;\">\n<li><span style=\"font-family: arial, helvetica, sans-serif;\">D\u00f9ng cho b\u1ea3n l\u1ec1 Sensys, ngo\u1ea1i tr\u1eeb b\u1ea3n l\u1ec1 Sensys g\u00f3c m\u1edf r\u1ed9ng\u00a0<\/span><\/li>\n<li><span style=\"font-family: arial, helvetica, sans-serif;\">N\u1eafp th\u00e2n b\u1ea3n l\u1ec1 c\u00f3 logo Hettich in n\u1ed5i ho\u1eb7c in theo y\u00eau c\u1ea7u<\/span><\/li>\n<li><span style=\"font-family: arial, helvetica, sans-serif;\">Th\u00e9p \u0111en obsidian<\/span><\/li>\n<li><span style=\"font-family: arial, helvetica, sans-serif;\">Quy c\u00e1ch \u0111\u00f3ng g\u00f3i: 50<\/span><\/li>\n<\/ul>","protected":false},"featured_media":9553,"template":"","meta":{"_links_to":"","_links_to_target":""},"product_cat":[74,146],"product_tag":[],"class_list":{"0":"post-9552","1":"product","2":"type-product","3":"status-publish","4":"has-post-thumbnail","6":"product_cat-hinges","7":"product_cat-hinges-accessories","9":"first","10":"instock","11":"taxable","12":"shipping-taxable","13":"purchasable","14":"product-type-simple"},"bundle_layout":"","bundle_add_to_cart_form_location":"","bundle_editable_in_cart":false,"bundle_sold_individually_context":"","bundle_item_grouping":"","bundle_min_size":"","bundle_max_size":"","bundled_by":["10313","10472","10478","10483"],"bundled_items":[],"_links":{"self":[{"href":"https:\/\/vn.hettichshop.com\/vi\/wp-json\/wp\/v2\/product\/9552","targetHints":{"allow":["GET"]}}],"collection":[{"href":"https:\/\/vn.hettichshop.com\/vi\/wp-json\/wp\/v2\/product"}],"about":[{"href":"https:\/\/vn.hettichshop.com\/vi\/wp-json\/wp\/v2\/types\/product"}],"version-history":[{"count":10,"href":"https:\/\/vn.hettichshop.com\/vi\/wp-json\/wp\/v2\/product\/9552\/revisions"}],"predecessor-version":[{"id":13605,"href":"https:\/\/vn.hettichshop.com\/vi\/wp-json\/wp\/v2\/product\/9552\/revisions\/13605"}],"wp:featuredmedia":[{"embeddable":true,"href":"https:\/\/vn.hettichshop.com\/vi\/wp-json\/wp\/v2\/media\/9553"}],"wp:attachment":[{"href":"https:\/\/vn.hettichshop.com\/vi\/wp-json\/wp\/v2\/media?parent=9552"}],"wp:term":[{"taxonomy":"product_cat","embeddable":true,"href":"https:\/\/vn.hettichshop.com\/vi\/wp-json\/wp\/v2\/product_cat?post=9552"},{"taxonomy":"product_tag","embeddable":true,"href":"https:\/\/vn.hettichshop.com\/vi\/wp-json\/wp\/v2\/product_tag?post=9552"}],"curies":[{"name":"wp","href":"https:\/\/api.w.org\/{rel}","templated":true}]}}