{"id":9527,"date":"2024-03-14T09:21:39","date_gmt":"2024-03-14T09:21:39","guid":{"rendered":"https:\/\/vn.hettichshop.com\/?post_type=product&#038;p=9527"},"modified":"2025-04-10T17:53:43","modified_gmt":"2025-04-10T09:53:43","slug":"sensys-8631i-95-thick-door-hinge-blk","status":"publish","type":"product","link":"https:\/\/vn.hettichshop.com\/vi\/san-pham\/sensys-8631i-95-thick-door-hinge-blk\/","title":{"rendered":"Sensys 8631i &#8211; B\u1ea3n l\u1ec1 c\u00e1nh d\u00e0y 95\u00b0 &#8211; Tr\u00f9m ngo\u00e0i &#8211; \u0110en obsidian"},"content":{"rendered":"<ul style=\"list-style-type: square;\">\n<li><span style=\"font-family: arial, helvetica, sans-serif;\">B\u1ea3n l\u1ec1 Sensys 95\u00b0<\/span><\/li>\n<li><span style=\"font-family: arial, helvetica, sans-serif;\">T\u00edch h\u1ee3p h\u1ec7 th\u1ed1ng gi\u1ea3m ch\u1ea5n v\u00e0 t\u00ednh n\u0103ng t\u1ef1 \u0111\u00f3ng (Sensys 8631i)<\/span><\/li>\n<li><span style=\"font-family: arial, helvetica, sans-serif;\">T\u1ea3i tr\u1ecdng theo ch\u1ea5t l\u01b0\u1ee3ng EN 15570, Level 2<\/span><\/li>\n<li><span style=\"font-family: arial, helvetica, sans-serif;\">G\u00f3c m\u1edf 95\u00b0<\/span><\/li>\n<li><span style=\"font-family: arial, helvetica, sans-serif;\">D\u00e0nh cho \u0111\u1ed9 d\u00e0y c\u00e1nh 15-32 mm<\/span><\/li>\n<li><span style=\"font-family: arial, helvetica, sans-serif;\">B\u1ea3n l\u1ec1 tr\u00f9m ngo\u00e0i (B 12.5 mm)<\/span><\/li>\n<li><span style=\"font-family: arial, helvetica, sans-serif;\">TH &#8211; m\u1eabu khoan 52 x 5.5 mm<\/span><\/li>\n<li><span style=\"font-family: arial, helvetica, sans-serif;\">\u0110\u1ed9 s\u00e2u ch\u00e9n 12.8 mm<\/span><\/li>\n<li><span style=\"font-family: arial, helvetica, sans-serif;\">L\u1eafp \u0111\u1eb7t b\u1eb1ng c\u00e1ch b\u1eaft v\u00edt (TH 52)<\/span><\/li>\n<li><span style=\"font-family: arial, helvetica, sans-serif;\">\u0110i\u1ec1u ch\u1ec9nh \u0111\u1ed9 tr\u00f9m +2 mm \/ -2 mm<\/span><\/li>\n<li><span style=\"font-family: arial, helvetica, sans-serif;\">\u0110i\u1ec1u ch\u1ec9nh \u0111\u1ed9 s\u00e2u\u00a0 +3 mm \/ -2 mm<\/span><\/li>\n<li><span style=\"font-family: arial, helvetica, sans-serif;\">\u0110\u1ebf b\u1ea3n l\u1ec1 \u0111i\u1ec1u ch\u1ec9nh chi\u1ec1u cao\u00a0<\/span><\/li>\n<li><span style=\"font-family: arial, helvetica, sans-serif;\">Th\u00e9p \u0111en obsidian<\/span><\/li>\n<\/ul>","protected":false},"excerpt":{"rendered":"<p><span style=\"font-family: arial, helvetica, sans-serif;\">M\u00e0u s\u1eafc: \u0111en obsidian<\/span><\/p>\n<p><span style=\"font-family: arial, helvetica, sans-serif;\">G\u00f3c m\u1edf: 95\u00b0<\/span><\/p>\n<p><span style=\"font-family: arial, helvetica, sans-serif;\">T\u00ednh n\u0103ng: tr\u00f9m ngo\u00e0i\u00a0<\/span><\/p>","protected":false},"featured_media":9528,"template":"","meta":{"_links_to":"","_links_to_target":""},"product_cat":[74,166],"product_tag":[],"class_list":{"0":"post-9527","1":"product","2":"type-product","3":"status-publish","4":"has-post-thumbnail","6":"product_cat-hinges","7":"product_cat-part","9":"first","10":"instock","11":"taxable","12":"shipping-taxable","13":"purchasable","14":"product-type-simple"},"bundle_layout":"","bundle_add_to_cart_form_location":"","bundle_editable_in_cart":false,"bundle_sold_individually_context":"","bundle_item_grouping":"","bundle_min_size":"","bundle_max_size":"","bundled_by":["10284"],"bundled_items":[],"_links":{"self":[{"href":"https:\/\/vn.hettichshop.com\/vi\/wp-json\/wp\/v2\/product\/9527","targetHints":{"allow":["GET"]}}],"collection":[{"href":"https:\/\/vn.hettichshop.com\/vi\/wp-json\/wp\/v2\/product"}],"about":[{"href":"https:\/\/vn.hettichshop.com\/vi\/wp-json\/wp\/v2\/types\/product"}],"version-history":[{"count":8,"href":"https:\/\/vn.hettichshop.com\/vi\/wp-json\/wp\/v2\/product\/9527\/revisions"}],"predecessor-version":[{"id":11179,"href":"https:\/\/vn.hettichshop.com\/vi\/wp-json\/wp\/v2\/product\/9527\/revisions\/11179"}],"wp:featuredmedia":[{"embeddable":true,"href":"https:\/\/vn.hettichshop.com\/vi\/wp-json\/wp\/v2\/media\/9528"}],"wp:attachment":[{"href":"https:\/\/vn.hettichshop.com\/vi\/wp-json\/wp\/v2\/media?parent=9527"}],"wp:term":[{"taxonomy":"product_cat","embeddable":true,"href":"https:\/\/vn.hettichshop.com\/vi\/wp-json\/wp\/v2\/product_cat?post=9527"},{"taxonomy":"product_tag","embeddable":true,"href":"https:\/\/vn.hettichshop.com\/vi\/wp-json\/wp\/v2\/product_tag?post=9527"}],"curies":[{"name":"wp","href":"https:\/\/api.w.org\/{rel}","templated":true}]}}