{"id":9478,"date":"2024-03-12T10:01:12","date_gmt":"2024-03-12T10:01:12","guid":{"rendered":"https:\/\/vn.hettichshop.com\/?post_type=product&#038;p=9478"},"modified":"2025-10-30T17:23:26","modified_gmt":"2025-10-30T09:23:26","slug":"actro-you","status":"publish","type":"product","link":"https:\/\/vn.hettichshop.com\/vi\/san-pham\/actro-you\/","title":{"rendered":"B\u1ed9 ray tr\u01b0\u1ee3t Actro YOU"},"content":{"rendered":"<table class=\"table\" style=\"width: 98.7823%; height: 264px;\">\n<tbody>\n<tr style=\"height: 24px;\">\n<td class=\"attrib\" style=\"width: 48.855%; height: 24px;\"><span style=\"font-family: arial, helvetica, sans-serif;\">T\u1ea3i tr\u1ecdng<\/span><\/td>\n<td style=\"width: 74.4352%; height: 24px;\"><span style=\"font-family: arial, helvetica, sans-serif;\">L (40KG) ,\u00a0 XL (70 kg)<\/span><\/td>\n<\/tr>\n<tr style=\"height: 24px;\">\n<td class=\"attrib\" style=\"width: 48.855%; height: 24px;\"><span style=\"font-family: arial, helvetica, sans-serif;\">Chi\u1ec1u d\u00e0i\u00a0<\/span><\/td>\n<td style=\"width: 74.4352%; height: 24px;\"><span style=\"font-family: arial, helvetica, sans-serif;\">450mm , 500 mm<\/span><\/td>\n<\/tr>\n<tr style=\"height: 24px;\">\n<td class=\"attrib\" style=\"width: 48.855%; height: 24px;\"><span style=\"font-family: arial, helvetica, sans-serif;\">M\u1eb7t l\u1eafp \u0111\u1eb7t<\/span><\/td>\n<td style=\"width: 74.4352%; height: 24px;\"><span style=\"font-family: arial, helvetica, sans-serif;\">Tr\u00e1i v\u00e0 ph\u1ea3i<\/span><\/td>\n<\/tr>\n<tr style=\"height: 48px;\">\n<td class=\"attrib\" style=\"width: 48.855%; height: 48px;\"><span style=\"font-family: arial, helvetica, sans-serif;\">T\u00ednh n\u0103ng<\/span><\/td>\n<td style=\"width: 74.4352%; height: 48px;\"><span style=\"font-family: arial, helvetica, sans-serif; color: #808080;\">H\u1ec7 th\u1ed1ng gi\u1ea3m ch\u1ea5n\u00a0<\/span><br \/>\n<span style=\"font-family: arial, helvetica, sans-serif; color: #808080;\">T\u00edch h\u1ee3p h\u1ec7 th\u1ed1ng nh\u1ea5n m\u1edf<\/span><\/td>\n<\/tr>\n<tr style=\"height: 24px;\">\n<td class=\"attrib\" style=\"width: 48.855%; height: 24px;\"><span style=\"font-family: arial, helvetica, sans-serif;\">T\u00f9y ch\u1ecdn<\/span><\/td>\n<td style=\"width: 74.4352%; height: 24px;\"><span style=\"font-family: arial, helvetica, sans-serif;\">Ray tr\u01b0\u1ee3t m\u1edf to\u00e0n ph\u1ea7n<\/span><\/td>\n<\/tr>\n<tr style=\"height: 24px;\">\n<td class=\"attrib\" style=\"width: 48.855%; height: 24px;\"><span style=\"font-family: arial, helvetica, sans-serif;\">\u0110\u1ed9 s\u00e2u l\u1eafp \u0111\u1eb7t t\u1ed1i thi\u1ec3u<\/span><\/td>\n<td style=\"width: 74.4352%; height: 24px;\"><span style=\"font-family: arial, helvetica, sans-serif;\">453mm \/ 503 mm<\/span><\/td>\n<\/tr>\n<tr style=\"height: 48px;\">\n<td class=\"attrib\" style=\"width: 48.855%; height: 48px;\"><span style=\"font-family: arial, helvetica, sans-serif;\">Chi\u1ec1u r\u1ed9ng l\u1eafp \u0111\u1eb7t\/ \u0110\u1ed9 d\u00e0y th\u00e0nh t\u1ee7<\/span><\/td>\n<td style=\"width: 74.4352%; height: 48px;\"><span style=\"font-family: arial, helvetica, sans-serif;\">EB 21 (\u0111\u1ed9 d\u00e0y th\u00e0nh ng\u0103n k\u00e9o \u2264 16mm)<\/span><\/td>\n<\/tr>\n<tr style=\"height: 24px;\">\n<td class=\"attrib\" style=\"width: 48.855%; height: 24px;\"><span style=\"font-family: arial, helvetica, sans-serif;\">Ch\u1ea5t li\u1ec7u<\/span><\/td>\n<td style=\"width: 74.4352%; height: 24px;\"><span style=\"font-family: arial, helvetica, sans-serif;\">Th\u00e9p<\/span><\/td>\n<\/tr>\n<tr style=\"height: 24px;\">\n<td class=\"attrib\" style=\"width: 48.855%; height: 24px;\"><span style=\"font-family: arial, helvetica, sans-serif;\">Ph\u1ee5 ki\u1ec7n<\/span><\/td>\n<td style=\"width: 74.4352%; height: 24px;\"><span style=\"font-family: arial, helvetica, sans-serif;\">Ray tr\u01b0\u1ee3t<\/span><\/td>\n<\/tr>\n<\/tbody>\n<\/table>","protected":false},"excerpt":{"rendered":"<ul style=\"list-style-type: square;\">\n<li><span style=\"font-family: arial, helvetica, sans-serif;\">Ray tr\u01b0\u1ee3t m\u1edf to\u00e0n ph\u1ea7n d\u00f9ng cho ray h\u1ed9p AvanTech YOU ho\u1eb7c ng\u0103n k\u00e9o g\u1ed7 s\u1eed d\u1ee5ng kh\u00f3a ray<\/span><\/li>\n<li><span style=\"font-family: arial, helvetica, sans-serif;\">T\u00edch h\u1ee3p <strong>h\u1ec7 th\u1ed1ng gi\u1ea3m ch\u1ea5n<\/strong><\/span><\/li>\n<li><span style=\"font-family: arial, helvetica, sans-serif;\">T\u00f9y ch\u1ecdn: H\u1ec7 th\u1ed1ng nh\u1ea5n m\u1edf<\/span><\/li>\n<li><span style=\"font-family: arial, helvetica, sans-serif;\">T\u1ea3i tr\u1ecdng XS (10 kg) \/ L (40 kg) \/ XL (70 kg)<\/span><\/li>\n<li><span style=\"font-family: arial, helvetica, sans-serif;\">T\u1ea3i tr\u1ecdng theo EN 15338, Level 3<\/span><\/li>\n<li><span style=\"font-family: arial, helvetica, sans-serif;\">Th\u00e9p m\u1ea1 k\u1ebdm<\/span><\/li>\n<\/ul>\n<p><span style=\"font-family: arial, helvetica, sans-serif;\">L\u01b0u \u00fd:<\/span><\/p>\n<ul style=\"list-style-type: square;\">\n<li><span style=\"font-family: arial, helvetica, sans-serif;\">H\u1ec7 th\u1ed1ng nh\u1ea5n m\u1edf cho ray Actro YOU c\u00f3 th\u1ec3 \u0111\u01b0\u1ee3c \u0111\u1eb7t ri\u00eang.<\/span><\/li>\n<li><span style=\"font-family: arial, helvetica, sans-serif;\">Kh\u00f3a ray s\u1eed d\u1ee5ng v\u1edbi ng\u0103n k\u00e9o g\u1ed7 c\u00f3 th\u1ec3 \u0111\u01b0\u1ee3c \u0111\u1eb7t ri\u00eang.<\/span><\/li>\n<\/ul>","protected":false},"featured_media":9480,"template":"","meta":{"_links_to":"","_links_to_target":""},"product_cat":[166,73,91,106,107],"product_tag":[],"class_list":{"0":"post-9478","1":"product","2":"type-product","3":"status-publish","4":"has-post-thumbnail","6":"product_cat-part","7":"product_cat-runner-systems","8":"product_cat-actro-you","9":"product_cat-actro-you-40kg-full-extension","10":"product_cat-actro-you-70kg-full-extension","11":"pa_load-barring-40kg","12":"pa_load-barring-70kg","13":"pa_runners-length-500mm","15":"first","16":"instock","17":"taxable","18":"shipping-taxable","19":"purchasable","20":"product-type-variable","21":"has-default-attributes"},"bundle_layout":"","bundle_add_to_cart_form_location":"","bundle_editable_in_cart":false,"bundle_sold_individually_context":"","bundle_item_grouping":"","bundle_min_size":"","bundle_max_size":"","bundled_by":[],"bundled_items":[],"_links":{"self":[{"href":"https:\/\/vn.hettichshop.com\/vi\/wp-json\/wp\/v2\/product\/9478","targetHints":{"allow":["GET"]}}],"collection":[{"href":"https:\/\/vn.hettichshop.com\/vi\/wp-json\/wp\/v2\/product"}],"about":[{"href":"https:\/\/vn.hettichshop.com\/vi\/wp-json\/wp\/v2\/types\/product"}],"version-history":[{"count":14,"href":"https:\/\/vn.hettichshop.com\/vi\/wp-json\/wp\/v2\/product\/9478\/revisions"}],"predecessor-version":[{"id":15243,"href":"https:\/\/vn.hettichshop.com\/vi\/wp-json\/wp\/v2\/product\/9478\/revisions\/15243"}],"wp:featuredmedia":[{"embeddable":true,"href":"https:\/\/vn.hettichshop.com\/vi\/wp-json\/wp\/v2\/media\/9480"}],"wp:attachment":[{"href":"https:\/\/vn.hettichshop.com\/vi\/wp-json\/wp\/v2\/media?parent=9478"}],"wp:term":[{"taxonomy":"product_cat","embeddable":true,"href":"https:\/\/vn.hettichshop.com\/vi\/wp-json\/wp\/v2\/product_cat?post=9478"},{"taxonomy":"product_tag","embeddable":true,"href":"https:\/\/vn.hettichshop.com\/vi\/wp-json\/wp\/v2\/product_tag?post=9478"}],"curies":[{"name":"wp","href":"https:\/\/api.w.org\/{rel}","templated":true}]}}