{"id":9425,"date":"2024-03-12T08:58:17","date_gmt":"2024-03-12T08:58:17","guid":{"rendered":"https:\/\/vn.hettichshop.com\/?post_type=product&#038;p=9425"},"modified":"2025-10-29T15:43:35","modified_gmt":"2025-10-29T07:43:35","slug":"avantech-you-h101-side-profile","status":"publish","type":"product","link":"https:\/\/vn.hettichshop.com\/vi\/san-pham\/avantech-you-h101-side-profile\/","title":{"rendered":"Th\u00e0nh ray h\u1ed9p AvanTech YOU H101"},"content":{"rendered":"<table style=\"width: 62.47%; height: 236px;\">\n<tbody>\n<tr style=\"height: 24px;\">\n<td style=\"height: 24px; width: 31.0757%;\"><span style=\"font-family: arial, helvetica, sans-serif;\">M\u00e0u s\u1eafc<\/span><\/td>\n<td style=\"height: 24px; width: 67.3307%;\"><span style=\"font-family: arial, helvetica, sans-serif;\">b\u1ea1c, tr\u1eafng, x\u00e1m \u0111en<\/span><\/td>\n<\/tr>\n<tr style=\"height: 24px;\">\n<td style=\"height: 24px; width: 31.0757%;\"><span style=\"font-family: arial, helvetica, sans-serif;\">Chi\u1ec1u d\u00e0i<\/span><\/td>\n<td style=\"height: 24px; width: 67.3307%;\"><span style=\"font-family: arial, helvetica, sans-serif;\">500mm<\/span><\/td>\n<\/tr>\n<tr style=\"height: 24px;\">\n<td style=\"height: 24px; width: 31.0757%;\"><span style=\"font-family: arial, helvetica, sans-serif;\">Thi\u1ebft k\u1ebf<\/span><\/td>\n<td style=\"height: 24px; width: 67.3307%;\"><span style=\"font-family: arial, helvetica, sans-serif;\">v\u1edbi kh\u1edbp n\u1ed1i m\u1eb7t tr\u01b0\u1edbc \u0111\u1ec3 nh\u1ea5n m\u1edf<\/span><\/td>\n<\/tr>\n<tr style=\"height: 24px;\">\n<td style=\"height: 24px; width: 31.0757%;\"><span style=\"font-family: arial, helvetica, sans-serif;\">Ph\u00e2n lo\u1ea1i<\/span><\/td>\n<td style=\"height: 24px; width: 67.3307%;\"><span style=\"font-family: arial, helvetica, sans-serif;\">th\u00e0nh h\u1ed9p \u0111\u00f4i<\/span><\/td>\n<\/tr>\n<tr style=\"height: 24px;\">\n<td style=\"height: 20px; width: 31.0757%;\"><span style=\"font-family: arial, helvetica, sans-serif;\">Chi\u1ec1u cao\u00a0<\/span><\/td>\n<td style=\"height: 20px; width: 67.3307%;\"><span style=\"font-family: arial, helvetica, sans-serif;\">101<\/span><\/td>\n<\/tr>\n<tr style=\"height: 24px;\">\n<td style=\"height: 24px; width: 31.0757%;\"><span style=\"font-family: arial, helvetica, sans-serif;\">\u0110\u1ed9 s\u00e2u t\u1ed1i thi\u1ec3u<\/span><\/td>\n<td style=\"height: 24px; width: 67.3307%;\"><span style=\"font-family: arial, helvetica, sans-serif;\">503mm<\/span><\/td>\n<\/tr>\n<tr style=\"height: 24px;\">\n<td style=\"height: 24px; width: 31.0757%;\"><span style=\"font-family: arial, helvetica, sans-serif;\">M\u1eb7t l\u1eafp \u0111\u1eb7t<\/span><\/td>\n<td style=\"height: 24px; width: 67.3307%;\"><span style=\"font-family: arial, helvetica, sans-serif;\">tr\u00e1i v\u00e0 ph\u1ea3i<\/span><\/td>\n<\/tr>\n<tr style=\"height: 24px;\">\n<td style=\"height: 24px; width: 31.0757%;\"><span style=\"font-family: arial, helvetica, sans-serif;\">Ch\u1ea5t li\u1ec7u<\/span><\/td>\n<td style=\"height: 24px; width: 67.3307%;\"><span style=\"font-family: arial, helvetica, sans-serif;\">th\u00e9p<\/span><\/td>\n<\/tr>\n<tr style=\"height: 48px;\">\n<td style=\"height: 48px; width: 31.0757%;\"><span style=\"font-family: arial, helvetica, sans-serif;\">Th\u00e0nh ph\u1ea7n<\/span><\/td>\n<td style=\"height: 48px; width: 67.3307%;\"><span style=\"font-family: arial, helvetica, sans-serif;\">B\u1ed9 h\u1ec7 th\u1ed1ng ray h\u1ed9p<\/span><\/td>\n<\/tr>\n<\/tbody>\n<\/table>","protected":false},"excerpt":{"rendered":"<ul style=\"list-style-type: square;\">\n<li><span style=\"font-family: arial, helvetica, sans-serif;\">T\u00edch h\u1ee3p h\u1ec7 th\u1ed1ng \u0111i\u1ec1u ch\u1ec9nh theo chi\u1ec1u d\u1ecdc, chi\u1ec1u ngang v\u00e0 \u0111\u1ed9 nghi\u00eang<\/span><\/li>\n<li><span style=\"font-family: arial, helvetica, sans-serif;\">Th\u00e9p s\u01a1n t\u0129nh \u0111i\u1ec7n<\/span><\/li>\n<\/ul>\n<p><span style=\"font-family: arial, helvetica, sans-serif;\">Bao g\u1ed3m:<\/span><\/p>\n<ul style=\"list-style-type: square;\">\n<li><span style=\"font-family: arial, helvetica, sans-serif;\">Th\u00e0nh h\u1ed9p b\u00ean tr\u00e1i v\u00e0 ph\u1ea3i<\/span><\/li>\n<li><span style=\"font-family: arial, helvetica, sans-serif;\">2 th\u00e0nh ray h\u1ed9p<\/span><\/li>\n<li><span style=\"font-family: arial, helvetica, sans-serif;\">2 kh\u1edbp n\u1ed1i m\u1eb7t tr\u01b0\u1edbc ray h\u1ed9p\u00a0<\/span><\/li>\n<li><span style=\"font-family: arial, helvetica, sans-serif;\">2 bas c\u1ed1 \u0111\u1ecbnh m\u1eb7t sau<\/span><\/li>\n<li><span style=\"font-family: arial, helvetica, sans-serif;\">V\u00edt c\u1ed1 \u0111\u1ecbnh\u00a0<\/span><\/li>\n<\/ul>\n<p><span style=\"font-family: arial, helvetica, sans-serif;\">L\u01b0u \u00fd:<\/span><\/p>\n<ul style=\"list-style-type: square;\">\n<li><span style=\"font-family: arial, helvetica, sans-serif;\">N\u1eafp g\u00e0i \u0111\u01b0\u1ee3c \u0111\u1eb7t h\u00e0ng ri\u00eang<\/span><\/li>\n<\/ul>","protected":false},"featured_media":0,"template":"","meta":{"_links_to":"","_links_to_target":""},"product_cat":[166],"product_tag":[],"class_list":{"0":"post-9425","1":"product","2":"type-product","3":"status-publish","5":"product_cat-part","6":"pa_color-silver","7":"pa_color-white","8":"pa_color-xam-den","9":"pa_runners-length-500mm","11":"first","12":"instock","13":"taxable","14":"shipping-taxable","15":"purchasable","16":"product-type-variable","17":"has-default-attributes"},"bundle_layout":"","bundle_add_to_cart_form_location":"","bundle_editable_in_cart":false,"bundle_sold_individually_context":"","bundle_item_grouping":"","bundle_min_size":"","bundle_max_size":"","bundled_by":[],"bundled_items":[],"_links":{"self":[{"href":"https:\/\/vn.hettichshop.com\/vi\/wp-json\/wp\/v2\/product\/9425","targetHints":{"allow":["GET"]}}],"collection":[{"href":"https:\/\/vn.hettichshop.com\/vi\/wp-json\/wp\/v2\/product"}],"about":[{"href":"https:\/\/vn.hettichshop.com\/vi\/wp-json\/wp\/v2\/types\/product"}],"version-history":[{"count":9,"href":"https:\/\/vn.hettichshop.com\/vi\/wp-json\/wp\/v2\/product\/9425\/revisions"}],"predecessor-version":[{"id":15126,"href":"https:\/\/vn.hettichshop.com\/vi\/wp-json\/wp\/v2\/product\/9425\/revisions\/15126"}],"wp:attachment":[{"href":"https:\/\/vn.hettichshop.com\/vi\/wp-json\/wp\/v2\/media?parent=9425"}],"wp:term":[{"taxonomy":"product_cat","embeddable":true,"href":"https:\/\/vn.hettichshop.com\/vi\/wp-json\/wp\/v2\/product_cat?post=9425"},{"taxonomy":"product_tag","embeddable":true,"href":"https:\/\/vn.hettichshop.com\/vi\/wp-json\/wp\/v2\/product_tag?post=9425"}],"curies":[{"name":"wp","href":"https:\/\/api.w.org\/{rel}","templated":true}]}}