{"id":8589,"date":"2024-01-14T12:55:21","date_gmt":"2024-01-14T12:55:21","guid":{"rendered":"https:\/\/vn.hettichshop.com\/?post_type=product&#038;p=8589"},"modified":"2025-04-08T14:13:54","modified_gmt":"2025-04-08T06:13:54","slug":"comfortspin","status":"publish","type":"product","link":"https:\/\/vn.hettichshop.com\/vi\/san-pham\/comfortspin\/","title":{"rendered":"Khay xoay \u0111a n\u0103ng 360\u00b0 ComfortSpin"},"content":{"rendered":"<p><span style=\"font-family: arial, helvetica, sans-serif;\">S\u1eed d\u1ee5ng trong d\u1ea3i nhi\u1ec7t \u0111\u1ed9 0 \u2013 40\u00b0C<\/span><\/p>\n<p><span style=\"font-family: arial, helvetica, sans-serif;\">C\u00e1ch v\u1ec7 sinh: Kh\u00f4ng ph\u00f9 h\u1ee3p v\u1edbi m\u00e1y r\u1eeda ch\u00e9n, kh\u00f4ng s\u1eed d\u1ee5ng ch\u1ea5t t\u1ea9y r\u1eeda c\u00f3 t\u00ednh \u0103n m\u00f2n. Ch\u1ec9 l\u00e0m s\u1ea1ch b\u1eb1ng dung d\u1ecbch kh\u00f4ng ch\u1ee9a dung m\u00f4i, tr\u00e1nh d\u00f9ng b\u00e0n ch\u1ea3i, b\u00f9i nh\u00f9i s\u1eaft ho\u1eb7c c\u00e1c v\u1eadt li\u1ec7u c\u00f3 b\u1ec1 m\u1eb7t th\u00f4 r\u00e1p c\u00f3 th\u1ec3 g\u00e2y tr\u1ea7y x\u01b0\u1edbc<\/span><\/p>\n<p><span style=\"font-family: arial, helvetica, sans-serif;\">B\u1ec1 m\u1eb7t l\u1eafp \u0111\u1eb7t:<\/span><\/p>\n<ul style=\"list-style-type: square;\">\n<li><span style=\"font-family: arial, helvetica, sans-serif;\">\u0110\u1ed1i v\u1edbi b\u1ec1 m\u1eb7t nh\u1eb5n (k\u00ednh): s\u1eed d\u1ee5ng c\u1ed1c h\u00fat\u00a0<\/span><\/li>\n<li><span style=\"font-family: arial, helvetica, sans-serif;\">\u0110\u1ed1i v\u1edbi k\u1ec7 g\u1ed7\/v\u00e1n g\u1ed7: s\u1eed d\u1ee5ng v\u00edt cho g\u1ed7 d\u00e0i t\u1eeb 14 mm.<\/span><\/li>\n<li><span style=\"font-family: arial, helvetica, sans-serif;\">\u0110\u1ed1i v\u1edbi b\u1ec1 m\u1eb7t kh\u00e1c (kh\u00f4ng nh\u1eb5n, c\u00f3 \u0111\u1ed9 g\u1ed3): s\u1eed d\u1ee5ng b\u0103ng d\u00ednh 2 m\u1eb7t<\/span><\/li>\n<\/ul>","protected":false},"excerpt":{"rendered":"<p>S\u1eed d\u1ee5ng trong d\u1ea3i nhi\u1ec7t \u0111\u1ed9 0 \u2013 40\u00b0C C\u00e1ch v\u1ec7 sinh: Kh\u00f4ng ph\u00f9 h\u1ee3p v\u1edbi m\u00e1y r\u1eeda ch\u00e9n, kh\u00f4ng<\/p>","protected":false},"featured_media":8595,"template":"","meta":{"_links_to":"","_links_to_target":""},"product_cat":[78,20],"product_tag":[],"class_list":{"0":"post-8589","1":"product","2":"type-product","3":"status-publish","4":"has-post-thumbnail","6":"product_cat-comfortspin","7":"product_cat-phu-kien","9":"first","10":"instock","11":"taxable","12":"shipping-taxable","13":"purchasable","14":"product-type-variable"},"bundle_layout":"","bundle_add_to_cart_form_location":"","bundle_editable_in_cart":false,"bundle_sold_individually_context":"","bundle_item_grouping":"","bundle_min_size":"","bundle_max_size":"","bundled_by":[],"bundled_items":[],"_links":{"self":[{"href":"https:\/\/vn.hettichshop.com\/vi\/wp-json\/wp\/v2\/product\/8589","targetHints":{"allow":["GET"]}}],"collection":[{"href":"https:\/\/vn.hettichshop.com\/vi\/wp-json\/wp\/v2\/product"}],"about":[{"href":"https:\/\/vn.hettichshop.com\/vi\/wp-json\/wp\/v2\/types\/product"}],"version-history":[{"count":9,"href":"https:\/\/vn.hettichshop.com\/vi\/wp-json\/wp\/v2\/product\/8589\/revisions"}],"predecessor-version":[{"id":14459,"href":"https:\/\/vn.hettichshop.com\/vi\/wp-json\/wp\/v2\/product\/8589\/revisions\/14459"}],"wp:featuredmedia":[{"embeddable":true,"href":"https:\/\/vn.hettichshop.com\/vi\/wp-json\/wp\/v2\/media\/8595"}],"wp:attachment":[{"href":"https:\/\/vn.hettichshop.com\/vi\/wp-json\/wp\/v2\/media?parent=8589"}],"wp:term":[{"taxonomy":"product_cat","embeddable":true,"href":"https:\/\/vn.hettichshop.com\/vi\/wp-json\/wp\/v2\/product_cat?post=8589"},{"taxonomy":"product_tag","embeddable":true,"href":"https:\/\/vn.hettichshop.com\/vi\/wp-json\/wp\/v2\/product_tag?post=8589"}],"curies":[{"name":"wp","href":"https:\/\/api.w.org\/{rel}","templated":true}]}}