{"id":15489,"date":"2026-01-22T12:05:41","date_gmt":"2026-01-22T04:05:41","guid":{"rendered":"https:\/\/vn.hettichshop.com\/?post_type=product&#038;p=15489"},"modified":"2026-01-22T12:19:47","modified_gmt":"2026-01-22T04:19:47","slug":"he-thong-cua-truot-slideline-m-canh-trum-ngoai","status":"publish","type":"product","link":"https:\/\/vn.hettichshop.com\/vi\/san-pham\/he-thong-cua-truot-slideline-m-canh-trum-ngoai\/","title":{"rendered":"H\u1ec7 th\u1ed1ng c\u1eeda tr\u01b0\u1ee3t SlideLine M <br> C\u00e1nh tr\u00f9m ngo\u00e0i"},"content":{"rendered":"","protected":false},"excerpt":{"rendered":"<ul style=\"list-style-type: square;\">\n<li><span style=\"font-family: arial, helvetica, sans-serif;\">9156338\u00a0 B\u1ed9 ph\u1ee5 ki\u1ec7n cho c\u1eeda tr\u01b0\u1ee3t v\u1edbi h\u1ec7 th\u1ed1ng gi\u1ea3m ch\u1ea5n (gi\u1ea3m ch\u1ea5n \u0111\u00f3ng, m\u1edf v\u00e0 va ch\u1ea1m), tr\u1ecdng l\u01b0\u1ee3ng c\u00e1nh t\u1ed1i \u0111a l\u00e0 30 kg, chi\u1ec1u r\u1ed9ng t\u1ed1i thi\u1ec3u l\u00e0<\/span><span style=\"font-family: arial, helvetica, sans-serif;\">\u00a0450mm<\/span><\/li>\n<li><span style=\"font-family: arial, helvetica, sans-serif;\">9209226 B\u1ed9 thanh tr\u01b0\u1ee3t v\u1edbi chi\u1ec1u d\u00e0i 4000mm<\/span><\/li>\n<\/ul>\n<p><span style=\"font-family: arial, helvetica, sans-serif;\">Ph\u1ee5 ki\u1ec7n cho c\u1eeda tr\u01b0\u1ee3t 1 c\u00e1nh tr\u00f9m ngo\u00e0i v\u1edbi ch\u1ea5t li\u1ec7u g\u1ed7 ho\u1eb7c khung nh\u00f4m d\u00e0y 55 mm<\/span><\/p>","protected":false},"featured_media":13570,"template":"","meta":{"_links_to":"","_links_to_target":""},"product_cat":[132,75],"product_tag":[],"class_list":{"0":"post-15489","1":"product","2":"type-product","3":"status-publish","4":"has-post-thumbnail","6":"product_cat-slideline-m","7":"product_cat-sliding-folding-systems","9":"first","10":"instock","11":"taxable","12":"shipping-taxable","13":"purchasable","14":"product-type-variable","15":"has-default-attributes"},"bundle_layout":"","bundle_add_to_cart_form_location":"","bundle_editable_in_cart":false,"bundle_sold_individually_context":"","bundle_item_grouping":"","bundle_min_size":"","bundle_max_size":"","bundled_by":[],"bundled_items":[],"_links":{"self":[{"href":"https:\/\/vn.hettichshop.com\/vi\/wp-json\/wp\/v2\/product\/15489","targetHints":{"allow":["GET"]}}],"collection":[{"href":"https:\/\/vn.hettichshop.com\/vi\/wp-json\/wp\/v2\/product"}],"about":[{"href":"https:\/\/vn.hettichshop.com\/vi\/wp-json\/wp\/v2\/types\/product"}],"version-history":[{"count":2,"href":"https:\/\/vn.hettichshop.com\/vi\/wp-json\/wp\/v2\/product\/15489\/revisions"}],"predecessor-version":[{"id":15492,"href":"https:\/\/vn.hettichshop.com\/vi\/wp-json\/wp\/v2\/product\/15489\/revisions\/15492"}],"wp:featuredmedia":[{"embeddable":true,"href":"https:\/\/vn.hettichshop.com\/vi\/wp-json\/wp\/v2\/media\/13570"}],"wp:attachment":[{"href":"https:\/\/vn.hettichshop.com\/vi\/wp-json\/wp\/v2\/media?parent=15489"}],"wp:term":[{"taxonomy":"product_cat","embeddable":true,"href":"https:\/\/vn.hettichshop.com\/vi\/wp-json\/wp\/v2\/product_cat?post=15489"},{"taxonomy":"product_tag","embeddable":true,"href":"https:\/\/vn.hettichshop.com\/vi\/wp-json\/wp\/v2\/product_tag?post=15489"}],"curies":[{"name":"wp","href":"https:\/\/api.w.org\/{rel}","templated":true}]}}