{"id":15330,"date":"2025-10-31T18:59:01","date_gmt":"2025-10-31T10:59:01","guid":{"rendered":"https:\/\/vn.hettichshop.com\/?post_type=product&#038;p=15330"},"modified":"2025-10-31T19:00:14","modified_gmt":"2025-10-31T11:00:14","slug":"bo-khop-noi-mat-nhom-aventech-you-inlay-h187","status":"publish","type":"product","link":"https:\/\/vn.hettichshop.com\/vi\/san-pham\/bo-khop-noi-mat-nhom-aventech-you-inlay-h187\/","title":{"rendered":"B\u1ed9 kh\u1edbp n\u1ed1i m\u1eb7t nh\u00f4m AvenTech YOU Inlay, H187"},"content":{"rendered":"<table style=\"width: 100.385%;\">\n<thead>\n<tr>\n<td style=\"width: 28.5185%;\"><span style=\"font-family: arial, helvetica, sans-serif;\"><strong>Thu\u1ed9c t\u00ednh<\/strong><\/span><\/td>\n<td style=\"width: 100.44%;\"><span style=\"font-family: arial, helvetica, sans-serif;\"><strong>Chi ti\u1ebft<\/strong><\/span><\/td>\n<\/tr>\n<\/thead>\n<tbody>\n<tr>\n<td style=\"width: 28.5185%;\"><span style=\"font-family: arial, helvetica, sans-serif;\">M\u00e0u h\u1ec7 th\u1ed1ng<\/span><\/td>\n<td style=\"width: 100.44%;\"><span style=\"font-family: arial, helvetica, sans-serif;\">x\u00e1m \u0111en, tr\u1eafng, x\u00e1m b\u1ea1c<\/span><\/td>\n<\/tr>\n<tr>\n<td style=\"width: 28.5185%;\"><span style=\"font-family: arial, helvetica, sans-serif;\">Thi\u1ebft k\u1ebf<\/span><\/td>\n<td style=\"width: 100.44%;\"><span style=\"font-family: arial, helvetica, sans-serif;\">D\u00f9ng cho th\u00e0nh ng\u0103n k\u00e9o kh\u00f4ng c\u00f3 \u0111\u00e8n (Illumination)<\/span><\/td>\n<\/tr>\n<tr>\n<td style=\"width: 28.5185%;\"><span style=\"font-family: arial, helvetica, sans-serif;\">Ki\u1ec3u ng\u0103n k\u00e9o<\/span><\/td>\n<td style=\"width: 100.44%;\"><span style=\"font-family: arial, helvetica, sans-serif;\">hai v\u00e1ch (th\u00e0nh \u0111\u00f4i)<\/span><\/td>\n<\/tr>\n<tr>\n<td style=\"width: 28.5185%;\"><span style=\"font-family: arial, helvetica, sans-serif;\">Chi\u1ec1u cao h\u1ec7 th\u1ed1ng<\/span><\/td>\n<td style=\"width: 100.44%;\"><span style=\"font-family: arial, helvetica, sans-serif;\">187<\/span><\/td>\n<\/tr>\n<tr>\n<td style=\"width: 28.5185%;\"><span style=\"font-family: arial, helvetica, sans-serif;\">Bi\u1ebfn th\u1ec3<\/span><\/td>\n<td style=\"width: 100.44%;\"><span style=\"font-family: arial, helvetica, sans-serif;\">C\u00e1c th\u00e0nh ph\u1ea7n<\/span><\/td>\n<\/tr>\n<tr>\n<td style=\"width: 28.5185%;\"><span style=\"font-family: arial, helvetica, sans-serif;\">B\u00ean l\u1eafp \u0111\u1eb7t<\/span><\/td>\n<td style=\"width: 100.44%;\"><span style=\"font-family: arial, helvetica, sans-serif;\">tr\u00e1i v\u00e0 ph\u1ea3i<\/span><\/td>\n<\/tr>\n<tr>\n<td style=\"width: 28.5185%;\"><span style=\"font-family: arial, helvetica, sans-serif;\">Ch\u1ea5t li\u1ec7u<\/span><\/td>\n<td style=\"width: 100.44%;\"><span style=\"font-family: arial, helvetica, sans-serif;\">nh\u1ef1a, th\u00e9p<\/span><\/td>\n<\/tr>\n<tr>\n<td style=\"width: 28.5185%;\"><span style=\"font-family: arial, helvetica, sans-serif;\">C\u00e1c th\u00e0nh ph\u1ea7n<\/span><\/td>\n<td style=\"width: 100.44%;\"><span style=\"font-family: arial, helvetica, sans-serif;\">M\u1eb7t tr\u01b0\u1edbc, Ph\u1ee5 ki\u1ec7n<\/span><\/td>\n<\/tr>\n<tr>\n<td style=\"width: 28.5185%;\"><span style=\"font-family: arial, helvetica, sans-serif;\">\u0110\u01a1n v\u1ecb \u0111\u00f3ng g\u00f3i (PU)<\/span><\/td>\n<td style=\"width: 100.44%;\"><span style=\"font-family: arial, helvetica, sans-serif;\">1 c\u00e1i<\/span><\/td>\n<\/tr>\n<\/tbody>\n<\/table>","protected":false},"excerpt":{"rendered":"<ul>\n<li><span style=\"font-family: arial, helvetica, sans-serif;\">D\u00f9ng \u0111\u1ec3 t\u1ea1o khung v\u00e0 k\u1ebft n\u1ed1i th\u00e0nh h\u1ed9c k\u00e9o<\/span><\/li>\n<li><span style=\"font-family: arial, helvetica, sans-serif;\">Th\u00e9p, nh\u1ef1a<\/span><\/li>\n<\/ul>\n<p><span style=\"font-family: arial, helvetica, sans-serif;\">B\u1ed9 s\u1ea3n ph\u1ea9m bao g\u1ed3m:<\/span><\/p>\n<ul>\n<li><span style=\"font-family: arial, helvetica, sans-serif;\">2 \u0111\u1ea7u n\u1ed1i m\u1eb7t tr\u01b0\u1edbc ki\u1ec3u \u0111\u00f3ng (knock-in) cho th\u00e0nh h\u1ed9c k\u00e9o l\u1ecdt l\u00f2ng (Inlay)<\/span><\/li>\n<li><span style=\"font-family: arial, helvetica, sans-serif;\">2 n\u1eafp che (n\u1eafp b\u1ecbt \u0111\u1ea7u)<\/span><\/li>\n<li><span style=\"font-family: arial, helvetica, sans-serif;\">2 (b\u1ed9) \u1ed5n \u0111\u1ecbnh (thanh gi\u1eb1ng) cho m\u1eb7t ng\u0103n k\u00e9o b\u00ean trong<\/span><\/li>\n<li><span style=\"font-family: arial, helvetica, sans-serif;\">V\u1eadt li\u1ec7u c\u1ed1 \u0111\u1ecbnh (Ph\u1ee5 ki\u1ec7n l\u1eafp \u0111\u1eb7t)<\/span><\/li>\n<\/ul>\n<p><span style=\"font-family: arial, helvetica, sans-serif;\">L\u01b0u \u00fd: thanh n\u00e2ng c\u1ea5p m\u1eb7t tr\u01b0\u1edbc ph\u1ea3i \u0111\u01b0\u1ee3c \u0111\u1eb7t ri\u00eang.\u00a0<\/span><\/p>","protected":false},"featured_media":15334,"template":"","meta":{"_links_to":"","_links_to_target":""},"product_cat":[20],"product_tag":[],"class_list":{"0":"post-15330","1":"product","2":"type-product","3":"status-publish","4":"has-post-thumbnail","6":"product_cat-phu-kien","7":"pa_color-silver","8":"pa_color-white","9":"pa_color-xam-den","11":"first","12":"instock","13":"taxable","14":"shipping-taxable","15":"purchasable","16":"product-type-variable"},"bundle_layout":"","bundle_add_to_cart_form_location":"","bundle_editable_in_cart":false,"bundle_sold_individually_context":"","bundle_item_grouping":"","bundle_min_size":"","bundle_max_size":"","bundled_by":[],"bundled_items":[],"_links":{"self":[{"href":"https:\/\/vn.hettichshop.com\/vi\/wp-json\/wp\/v2\/product\/15330","targetHints":{"allow":["GET"]}}],"collection":[{"href":"https:\/\/vn.hettichshop.com\/vi\/wp-json\/wp\/v2\/product"}],"about":[{"href":"https:\/\/vn.hettichshop.com\/vi\/wp-json\/wp\/v2\/types\/product"}],"version-history":[{"count":2,"href":"https:\/\/vn.hettichshop.com\/vi\/wp-json\/wp\/v2\/product\/15330\/revisions"}],"predecessor-version":[{"id":15341,"href":"https:\/\/vn.hettichshop.com\/vi\/wp-json\/wp\/v2\/product\/15330\/revisions\/15341"}],"wp:featuredmedia":[{"embeddable":true,"href":"https:\/\/vn.hettichshop.com\/vi\/wp-json\/wp\/v2\/media\/15334"}],"wp:attachment":[{"href":"https:\/\/vn.hettichshop.com\/vi\/wp-json\/wp\/v2\/media?parent=15330"}],"wp:term":[{"taxonomy":"product_cat","embeddable":true,"href":"https:\/\/vn.hettichshop.com\/vi\/wp-json\/wp\/v2\/product_cat?post=15330"},{"taxonomy":"product_tag","embeddable":true,"href":"https:\/\/vn.hettichshop.com\/vi\/wp-json\/wp\/v2\/product_tag?post=15330"}],"curies":[{"name":"wp","href":"https:\/\/api.w.org\/{rel}","templated":true}]}}