{"id":15303,"date":"2025-10-31T11:55:06","date_gmt":"2025-10-31T03:55:06","guid":{"rendered":"https:\/\/vn.hettichshop.com\/?post_type=product&#038;p=15303"},"modified":"2026-01-29T15:37:35","modified_gmt":"2026-01-29T07:37:35","slug":"bo-ray-truot-actro-5d-tai-trong-toi-da-70-kg","status":"publish","type":"product","link":"https:\/\/vn.hettichshop.com\/vi\/san-pham\/bo-ray-truot-actro-5d-tai-trong-toi-da-70-kg\/","title":{"rendered":"B\u1ed9 ray tr\u01b0\u1ee3t Actro 5D <br> t\u1ea3i tr\u1ecdng t\u1ed1i \u0111a 70 kg"},"content":{"rendered":"<table class=\"table\" style=\"width: 79.3369%; height: 240px;\">\n<tbody>\n<tr style=\"height: 24px;\">\n<td class=\"attrib\" style=\"width: 40.4727%; height: 24px;\"><span style=\"font-family: arial, helvetica, sans-serif;\">T\u1ea3i tr\u1ecdng<\/span><\/td>\n<td style=\"width: 58.306%; height: 24px;\"><span style=\"font-family: arial, helvetica, sans-serif;\">XL (70 kg)<\/span><\/td>\n<\/tr>\n<tr style=\"height: 24px;\">\n<td class=\"attrib\" style=\"width: 40.4727%; height: 24px;\"><span style=\"font-family: arial, helvetica, sans-serif;\">Chi\u1ec1u d\u00e0i\u00a0<\/span><\/td>\n<td style=\"width: 58.306%; height: 24px;\"><span style=\"font-family: arial, helvetica, sans-serif;\">450mm , 500 mm, 550mm, 600mm, 650mm<\/span><\/td>\n<\/tr>\n<tr style=\"height: 24px;\">\n<td class=\"attrib\" style=\"width: 40.4727%; height: 24px;\"><span style=\"font-family: arial, helvetica, sans-serif;\">M\u1eb7t l\u1eafp \u0111\u1eb7t<\/span><\/td>\n<td style=\"width: 58.306%; height: 24px;\"><span style=\"font-family: arial, helvetica, sans-serif;\">Tr\u00e1i v\u00e0 ph\u1ea3i<\/span><\/td>\n<\/tr>\n<tr style=\"height: 48px;\">\n<td class=\"attrib\" style=\"width: 40.4727%; height: 48px;\"><span style=\"font-family: arial, helvetica, sans-serif;\">T\u00ednh n\u0103ng<\/span><\/td>\n<td style=\"width: 58.306%; height: 48px;\"><span style=\"font-family: arial, helvetica, sans-serif; color: #808080;\">H\u1ec7 th\u1ed1ng gi\u1ea3m ch\u1ea5n\u00a0<\/span><br \/>\n<span style=\"font-family: arial, helvetica, sans-serif; color: #808080;\">T\u00edch h\u1ee3p h\u1ec7 th\u1ed1ng nh\u1ea5n m\u1edf<\/span><\/td>\n<\/tr>\n<tr style=\"height: 24px;\">\n<td class=\"attrib\" style=\"width: 40.4727%; height: 24px;\"><span style=\"font-family: arial, helvetica, sans-serif;\">T\u00f9y ch\u1ecdn<\/span><\/td>\n<td style=\"width: 58.306%; height: 24px;\"><span style=\"font-family: arial, helvetica, sans-serif;\">Ray tr\u01b0\u1ee3t m\u1edf to\u00e0n ph\u1ea7n<\/span><\/td>\n<\/tr>\n<tr style=\"height: 48px;\">\n<td class=\"attrib\" style=\"width: 40.4727%; height: 48px;\"><span style=\"font-family: arial, helvetica, sans-serif;\">Chi\u1ec1u r\u1ed9ng l\u1eafp \u0111\u1eb7t\/ \u0110\u1ed9 d\u00e0y th\u00e0nh t\u1ee7<\/span><\/td>\n<td style=\"width: 58.306%; height: 48px;\"><span style=\"font-family: arial, helvetica, sans-serif;\">EB 21 (\u0111\u1ed9 d\u00e0y th\u00e0nh ng\u0103n k\u00e9o \u2264 16mm)<\/span><\/td>\n<\/tr>\n<tr style=\"height: 24px;\">\n<td class=\"attrib\" style=\"width: 40.4727%; height: 24px;\"><span style=\"font-family: arial, helvetica, sans-serif;\">Ch\u1ea5t li\u1ec7u<\/span><\/td>\n<td style=\"width: 58.306%; height: 24px;\"><span style=\"font-family: arial, helvetica, sans-serif;\">Th\u00e9p<\/span><\/td>\n<\/tr>\n<tr style=\"height: 24px;\">\n<td class=\"attrib\" style=\"width: 40.4727%; height: 24px;\"><span style=\"font-family: arial, helvetica, sans-serif;\">Ph\u1ee5 ki\u1ec7n<\/span><\/td>\n<td style=\"width: 58.306%; height: 24px;\"><span style=\"font-family: arial, helvetica, sans-serif;\">Ray tr\u01b0\u1ee3t<\/span><\/td>\n<\/tr>\n<\/tbody>\n<\/table>","protected":false},"excerpt":{"rendered":"<ul style=\"list-style-type: square;\">\n<li><span style=\"font-family: arial, helvetica, sans-serif;\">Ray tr\u01b0\u1ee3t m\u1edf to\u00e0n ph\u1ea7n d\u00f9ng ng\u0103n k\u00e9o g\u1ed7 s\u1eed d\u1ee5ng kh\u00f3a ray\u00a0<\/span><\/li>\n<li><span style=\"font-family: arial, helvetica, sans-serif;\">T\u00edch h\u1ee3p <strong>h\u1ec7 th\u1ed1ng gi\u1ea3m ch\u1ea5n<\/strong><\/span><\/li>\n<li><span style=\"font-family: arial, helvetica, sans-serif;\">T\u00f9y ch\u1ecdn: H\u1ec7 th\u1ed1ng nh\u1ea5n m\u1edf<\/span><\/li>\n<li><span style=\"font-family: arial, helvetica, sans-serif;\">T\u1ea3i tr\u1ecdng:\u00a0 XL (70 kg)<\/span><\/li>\n<li><span style=\"font-family: arial, helvetica, sans-serif;\">T\u1ea3i tr\u1ecdng theo EN 15338, Level 3<\/span><\/li>\n<li><span style=\"font-family: arial, helvetica, sans-serif;\">Th\u00e9p m\u1ea1 k\u1ebdm<\/span><\/li>\n<\/ul>\n<p><span style=\"font-family: arial, helvetica, sans-serif;\">L\u01b0u \u00fd:<\/span><\/p>\n<ul style=\"list-style-type: square;\">\n<li><span style=\"font-family: arial, helvetica, sans-serif;\">Kh\u00f3a ray s\u1eed d\u1ee5ng v\u1edbi ng\u0103n k\u00e9o g\u1ed7 \u0111\u01b0\u1ee3c \u0111\u1eb7t ri\u00eang.<\/span><\/li>\n<\/ul>","protected":false},"featured_media":12133,"template":"","meta":{"_links_to":"","_links_to_target":""},"product_cat":[73],"product_tag":[],"class_list":{"0":"post-15303","1":"product","2":"type-product","3":"status-publish","4":"has-post-thumbnail","6":"product_cat-runner-systems","7":"pa_load-barring-70kg","8":"pa_runners-length-550mm","9":"pa_runners-length-600mm","10":"pa_runners-length-650mm","11":"pa_runners-length-450mm","12":"pa_runners-length-500mm","14":"first","15":"instock","16":"taxable","17":"shipping-taxable","18":"purchasable","19":"product-type-variable","20":"has-default-attributes"},"bundle_layout":"","bundle_add_to_cart_form_location":"","bundle_editable_in_cart":false,"bundle_sold_individually_context":"","bundle_item_grouping":"","bundle_min_size":"","bundle_max_size":"","bundled_by":[],"bundled_items":[],"_links":{"self":[{"href":"https:\/\/vn.hettichshop.com\/vi\/wp-json\/wp\/v2\/product\/15303","targetHints":{"allow":["GET"]}}],"collection":[{"href":"https:\/\/vn.hettichshop.com\/vi\/wp-json\/wp\/v2\/product"}],"about":[{"href":"https:\/\/vn.hettichshop.com\/vi\/wp-json\/wp\/v2\/types\/product"}],"version-history":[{"count":1,"href":"https:\/\/vn.hettichshop.com\/vi\/wp-json\/wp\/v2\/product\/15303\/revisions"}],"predecessor-version":[{"id":15311,"href":"https:\/\/vn.hettichshop.com\/vi\/wp-json\/wp\/v2\/product\/15303\/revisions\/15311"}],"wp:featuredmedia":[{"embeddable":true,"href":"https:\/\/vn.hettichshop.com\/vi\/wp-json\/wp\/v2\/media\/12133"}],"wp:attachment":[{"href":"https:\/\/vn.hettichshop.com\/vi\/wp-json\/wp\/v2\/media?parent=15303"}],"wp:term":[{"taxonomy":"product_cat","embeddable":true,"href":"https:\/\/vn.hettichshop.com\/vi\/wp-json\/wp\/v2\/product_cat?post=15303"},{"taxonomy":"product_tag","embeddable":true,"href":"https:\/\/vn.hettichshop.com\/vi\/wp-json\/wp\/v2\/product_tag?post=15303"}],"curies":[{"name":"wp","href":"https:\/\/api.w.org\/{rel}","templated":true}]}}