{"id":15220,"date":"2025-10-30T16:30:31","date_gmt":"2025-10-30T08:30:31","guid":{"rendered":"https:\/\/vn.hettichshop.com\/?post_type=product&#038;p=15220"},"modified":"2026-01-30T13:49:50","modified_gmt":"2026-01-30T05:49:50","slug":"khoa-cho-ray-quadro-ben-phai","status":"publish","type":"product","link":"https:\/\/vn.hettichshop.com\/vi\/san-pham\/khoa-cho-ray-quadro-ben-phai\/","title":{"rendered":"Kh\u00f3a cho ray Quadro <br> b\u00ean ph\u1ea3i"},"content":{"rendered":"<table class=\"table\" style=\"width: 41.2045%; height: 143px;\">\n<tbody>\n<tr style=\"height: 24px;\">\n<td class=\"attrib\" style=\"height: 24px; width: 55.1546%;\"><\/td>\n<td style=\"height: 24px; width: 55.1546%;\"><\/td>\n<\/tr>\n<tr style=\"height: 48px;\">\n<td class=\"attrib\" style=\"height: 48px; width: 55.1546%;\"><span style=\"font-family: arial, helvetica, sans-serif;\">\u1ee8ng d\u1ee5ng<\/span><\/td>\n<td style=\"height: 48px; width: 55.1546%;\"><span style=\"font-family: arial, helvetica, sans-serif;\">Ray tr\u01b0\u1ee3t Quadro V6<\/span><br \/>\n<span style=\"font-family: arial, helvetica, sans-serif;\">Quadro 25<\/span><\/td>\n<\/tr>\n<tr style=\"height: 24px;\">\n<td class=\"attrib\" style=\"height: 23px; width: 55.1546%;\"><span style=\"color: #000000; font-family: arial, helvetica, sans-serif;\">M\u1eb7t l\u1eafp \u0111\u1eb7t<\/span><\/td>\n<td style=\"height: 23px; width: 55.1546%;\"><span style=\"font-family: arial, helvetica, sans-serif;\">Ph\u1ea3i<\/span><\/td>\n<\/tr>\n<tr style=\"height: 24px;\">\n<td class=\"attrib\" style=\"height: 24px; width: 55.1546%;\"><span style=\"font-family: arial, helvetica, sans-serif;\">M\u00e0u s\u1eafc<\/span><\/td>\n<td style=\"height: 24px; width: 55.1546%;\"><span style=\"font-family: arial, helvetica, sans-serif;\">M\u00e0u \u0111en<\/span><\/td>\n<\/tr>\n<tr style=\"height: 24px;\">\n<td class=\"attrib\" style=\"height: 24px; width: 55.1546%;\"><span style=\"font-family: arial, helvetica, sans-serif;\">B\u1ed9 ph\u1eadn ray tr\u01b0\u1ee3t<\/span><\/td>\n<td style=\"height: 24px; width: 55.1546%;\"><span style=\"font-family: arial, helvetica, sans-serif;\">Ph\u1ee5 ki\u1ec7n<\/span><\/td>\n<\/tr>\n<\/tbody>\n<\/table>","protected":false},"excerpt":{"rendered":"<ul style=\"list-style-type: square;\">\n<li><span style=\"font-family: arial, helvetica, sans-serif;\">\u1ee8ng d\u1ee5ng: Quadro V6, Quadro 25<\/span><\/li>\n<li><span style=\"font-family: arial, helvetica, sans-serif;\">Kh\u00f3a ray gi\u00fap ray Quadro d\u1ec5 d\u00e0ng th\u00e1o l\u1eafp v\u00e0o ng\u0103n k\u00e9o g\u1ed7<\/span><\/li>\n<li><span style=\"font-family: arial, helvetica, sans-serif;\">\u0110i\u1ec1u ch\u1ec9nh chi\u1ec1u cao + 2 mm th\u00f4ng qua m\u1ed9t b\u00e1nh xe c\u00f3 r\u00e3nh<\/span><\/li>\n<li><span style=\"font-family: arial, helvetica, sans-serif;\">Nh\u1ef1a \u0111en<\/span><\/li>\n<\/ul>","protected":false},"featured_media":15218,"template":"","meta":{"_links_to":"","_links_to_target":""},"product_cat":[73],"product_tag":[],"class_list":{"0":"post-15220","1":"product","2":"type-product","3":"status-publish","4":"has-post-thumbnail","6":"product_cat-runner-systems","8":"first","9":"instock","10":"taxable","11":"shipping-taxable","12":"purchasable","13":"product-type-simple"},"bundle_layout":"","bundle_add_to_cart_form_location":"","bundle_editable_in_cart":false,"bundle_sold_individually_context":"","bundle_item_grouping":"","bundle_min_size":"","bundle_max_size":"","bundled_by":[],"bundled_items":[],"_links":{"self":[{"href":"https:\/\/vn.hettichshop.com\/vi\/wp-json\/wp\/v2\/product\/15220","targetHints":{"allow":["GET"]}}],"collection":[{"href":"https:\/\/vn.hettichshop.com\/vi\/wp-json\/wp\/v2\/product"}],"about":[{"href":"https:\/\/vn.hettichshop.com\/vi\/wp-json\/wp\/v2\/types\/product"}],"version-history":[{"count":1,"href":"https:\/\/vn.hettichshop.com\/vi\/wp-json\/wp\/v2\/product\/15220\/revisions"}],"predecessor-version":[{"id":15223,"href":"https:\/\/vn.hettichshop.com\/vi\/wp-json\/wp\/v2\/product\/15220\/revisions\/15223"}],"wp:featuredmedia":[{"embeddable":true,"href":"https:\/\/vn.hettichshop.com\/vi\/wp-json\/wp\/v2\/media\/15218"}],"wp:attachment":[{"href":"https:\/\/vn.hettichshop.com\/vi\/wp-json\/wp\/v2\/media?parent=15220"}],"wp:term":[{"taxonomy":"product_cat","embeddable":true,"href":"https:\/\/vn.hettichshop.com\/vi\/wp-json\/wp\/v2\/product_cat?post=15220"},{"taxonomy":"product_tag","embeddable":true,"href":"https:\/\/vn.hettichshop.com\/vi\/wp-json\/wp\/v2\/product_tag?post=15220"}],"curies":[{"name":"wp","href":"https:\/\/api.w.org\/{rel}","templated":true}]}}