{"id":15193,"date":"2025-10-30T14:48:18","date_gmt":"2025-10-30T06:48:18","guid":{"rendered":"https:\/\/vn.hettichshop.com\/?post_type=product&#038;p=15193"},"modified":"2026-01-29T15:26:02","modified_gmt":"2026-01-29T07:26:02","slug":"ray-quadro-v6-giam-chan-tai-trong-toi-da-30kg-ben-phai","status":"publish","type":"product","link":"https:\/\/vn.hettichshop.com\/vi\/san-pham\/ray-quadro-v6-giam-chan-tai-trong-toi-da-30kg-ben-phai\/","title":{"rendered":"Ray Quadro V6 gi\u1ea3m ch\u1ea5n <br> t\u1ea3i tr\u1ecdng t\u1ed1i \u0111a 30kg, b\u00ean ph\u1ea3i"},"content":{"rendered":"<table class=\"table\" style=\"width: 101.075%; height: 192px;\">\n<tbody>\n<tr style=\"height: 24px;\">\n<td class=\"attrib\" style=\"width: 45.1751%; height: 24px;\"><span style=\"font-family: arial, helvetica, sans-serif;\">Chi\u1ec1u r\u1ed9ng l\u1eafp \u0111\u1eb7t \/ \u0110\u1ed9 d\u00e0y th\u00e0nh t\u1ee7<\/span><\/td>\n<td style=\"width: 95.8059%; height: 24px;\"><span style=\"font-family: arial, helvetica, sans-serif;\">EB 23 (\u0111\u1ed9 d\u00e0y th\u00e0nh ng\u0103n k\u00e9o \u2264 19 mm)<\/span><\/td>\n<\/tr>\n<tr style=\"height: 24px;\">\n<td class=\"attrib\" style=\"width: 45.1751%; height: 24px;\"><span style=\"font-family: arial, helvetica, sans-serif;\">M\u1eb7t l\u1eafp \u0111\u1eb7t<\/span><\/td>\n<td style=\"width: 95.8059%; height: 24px;\"><span style=\"font-family: arial, helvetica, sans-serif;\">Ph\u1ea3i<\/span><\/td>\n<\/tr>\n<tr style=\"height: 24px;\">\n<td class=\"attrib\" style=\"width: 45.1751%; height: 24px;\"><span style=\"font-family: arial, helvetica, sans-serif;\">T\u1ea3i tr\u1ecdng<\/span><\/td>\n<td style=\"width: 95.8059%; height: 24px;\"><span style=\"font-family: arial, helvetica, sans-serif;\">30 kg<\/span><\/td>\n<\/tr>\n<tr style=\"height: 24px;\">\n<td class=\"attrib\" style=\"width: 45.1751%; height: 24px;\"><span style=\"font-family: arial, helvetica, sans-serif;\">Ph\u00e2n lo\u1ea1i\u00a0<\/span><\/td>\n<td style=\"width: 95.8059%; height: 24px;\"><span style=\"font-family: arial, helvetica, sans-serif;\">Ray tr\u01b0\u1ee3t \u00e2m<\/span><\/td>\n<\/tr>\n<tr style=\"height: 24px;\">\n<td class=\"attrib\" style=\"width: 45.1751%; height: 24px;\"><span style=\"font-family: arial, helvetica, sans-serif;\">M\u00f4 t\u1ea3 s\u1ea3n ph\u1ea9m\u00a0<\/span><\/td>\n<td style=\"width: 95.8059%; height: 24px;\"><span style=\"font-family: arial, helvetica, sans-serif;\">Ray m\u1edf to\u00e0n ph\u1ea7n<\/span><\/td>\n<\/tr>\n<tr style=\"height: 24px;\">\n<td class=\"attrib\" style=\"width: 45.1751%; height: 24px;\"><span style=\"font-family: arial, helvetica, sans-serif;\">T\u00ednh n\u0103ng<\/span><\/td>\n<td style=\"width: 95.8059%; height: 24px;\"><span style=\"font-family: arial, helvetica, sans-serif;\">H\u1ec7 th\u1ed1ng gi\u1ea3m ch\u1ea5n<\/span><\/td>\n<\/tr>\n<tr style=\"height: 24px;\">\n<td class=\"attrib\" style=\"width: 45.1751%; height: 24px;\"><span style=\"font-family: arial, helvetica, sans-serif;\">Ph\u1ee5 ki\u1ec7n <\/span><\/td>\n<td style=\"width: 95.8059%; height: 24px;\"><span style=\"font-family: arial, helvetica, sans-serif;\">Ray tr\u01b0\u1ee3t ng\u0103n k\u00e9o<\/span><\/td>\n<\/tr>\n<tr style=\"height: 24px;\">\n<td class=\"attrib\" style=\"width: 45.1751%; height: 24px;\"><span style=\"font-family: arial, helvetica, sans-serif;\">Ch\u1ea5t li\u1ec7u<\/span><\/td>\n<td style=\"width: 95.8059%; height: 24px;\"><span style=\"font-family: arial, helvetica, sans-serif;\">Th\u00e9p<\/span><\/td>\n<\/tr>\n<\/tbody>\n<\/table>","protected":false},"excerpt":{"rendered":"<ul style=\"list-style-type: square;\">\n<li><span style=\"font-family: arial, helvetica, sans-serif;\">Ray \u00e2m s\u1eed d\u1ee5ng kh\u00f3a ray v\u00e0 \u0111i\u1ec1u ch\u1ec9nh chi\u1ec1u cao kh\u00f4ng c\u1ea7n d\u1ee5ng c\u1ee5 h\u1ed7 tr\u1ee3<\/span><\/li>\n<li><span style=\"font-family: arial, helvetica, sans-serif;\">T\u00edch h\u1ee3p gi\u1ea3m ch\u1ea5n<\/span><\/li>\n<li><span style=\"font-family: arial, helvetica, sans-serif;\">T\u00f9y ch\u1ecdn: <span style=\"color: #808080;\">Kh\u00f3a k\u1ec7 k\u00e9o<\/span><\/span><\/li>\n<li><span style=\"font-family: arial, helvetica, sans-serif;\">Ph\u00f9 h\u1ee3p v\u1edbi ng\u0103n k\u00e9o c\u00f3 \u0111\u1ed9 d\u00e0y th\u00e0nh l\u00ean \u0111\u1ebfn 19 mm<\/span><\/li>\n<li><span style=\"font-family: arial, helvetica, sans-serif;\">T\u1ea3i tr\u1ecdng theo ti\u00eau chu\u1ea9n EN 15338, Level 3<\/span><\/li>\n<li><span style=\"font-family: arial, helvetica, sans-serif;\">Th\u00e9p m\u1ea1 k\u1ebdm<\/span><\/li>\n<\/ul>","protected":false},"featured_media":15203,"template":"","meta":{"_links_to":"","_links_to_target":""},"product_cat":[73],"product_tag":[],"class_list":{"0":"post-15193","1":"product","2":"type-product","3":"status-publish","4":"has-post-thumbnail","6":"product_cat-runner-systems","8":"first","9":"instock","10":"taxable","11":"shipping-taxable","12":"purchasable","13":"product-type-variable"},"bundle_layout":"","bundle_add_to_cart_form_location":"","bundle_editable_in_cart":false,"bundle_sold_individually_context":"","bundle_item_grouping":"","bundle_min_size":"","bundle_max_size":"","bundled_by":[],"bundled_items":[],"_links":{"self":[{"href":"https:\/\/vn.hettichshop.com\/vi\/wp-json\/wp\/v2\/product\/15193","targetHints":{"allow":["GET"]}}],"collection":[{"href":"https:\/\/vn.hettichshop.com\/vi\/wp-json\/wp\/v2\/product"}],"about":[{"href":"https:\/\/vn.hettichshop.com\/vi\/wp-json\/wp\/v2\/types\/product"}],"version-history":[{"count":1,"href":"https:\/\/vn.hettichshop.com\/vi\/wp-json\/wp\/v2\/product\/15193\/revisions"}],"predecessor-version":[{"id":15202,"href":"https:\/\/vn.hettichshop.com\/vi\/wp-json\/wp\/v2\/product\/15193\/revisions\/15202"}],"wp:featuredmedia":[{"embeddable":true,"href":"https:\/\/vn.hettichshop.com\/vi\/wp-json\/wp\/v2\/media\/15203"}],"wp:attachment":[{"href":"https:\/\/vn.hettichshop.com\/vi\/wp-json\/wp\/v2\/media?parent=15193"}],"wp:term":[{"taxonomy":"product_cat","embeddable":true,"href":"https:\/\/vn.hettichshop.com\/vi\/wp-json\/wp\/v2\/product_cat?post=15193"},{"taxonomy":"product_tag","embeddable":true,"href":"https:\/\/vn.hettichshop.com\/vi\/wp-json\/wp\/v2\/product_tag?post=15193"}],"curies":[{"name":"wp","href":"https:\/\/api.w.org\/{rel}","templated":true}]}}