{"id":15052,"date":"2025-10-28T20:23:33","date_gmt":"2025-10-28T12:23:33","guid":{"rendered":"https:\/\/vn.hettichshop.com\/?post_type=product&#038;p=15052"},"modified":"2025-10-28T20:27:58","modified_gmt":"2025-10-28T12:27:58","slug":"chot-oc-lien-ket-du644-su-dung-tac-ke-30-mm-mau-den","status":"publish","type":"product","link":"https:\/\/vn.hettichshop.com\/vi\/san-pham\/chot-oc-lien-ket-du644-su-dung-tac-ke-30-mm-mau-den\/","title":{"rendered":"Ch\u1ed1t \u1ed1c li\u00ean k\u1ebft DU644, s\u1eed d\u1ee5ng t\u1eafc-k\u00ea, 30 mm, m\u00e0u \u0111en"},"content":{"rendered":"<table style=\"width: 99.2838%; height: 96px;\" width=\"306\">\n<tbody>\n<tr style=\"height: 24px;\">\n<td style=\"width: 26.2923%; height: 24px;\" width=\"166\"><strong><span style=\"font-family: arial, helvetica, sans-serif;\">Phi\u00ean b\u1ea3n s\u1ea3n ph\u1ea9m<\/span><\/strong><\/td>\n<td style=\"width: 246.129%; height: 24px;\" width=\"140\"><span style=\"font-family: arial, helvetica, sans-serif;\">\u1ed0c DU 644 T, m\u1ea1 k\u1ebdm<\/span><\/td>\n<\/tr>\n<tr style=\"height: 24px;\">\n<td style=\"width: 26.2923%; height: 24px;\" width=\"166\"><strong><span style=\"font-family: arial, helvetica, sans-serif;\">Chi\u1ec1u d\u00e0i ch\u1ed1t<\/span><\/strong><\/td>\n<td style=\"width: 246.129%; height: 24px;\" width=\"140\"><span style=\"font-family: arial, helvetica, sans-serif;\">30 mm<\/span><\/td>\n<\/tr>\n<tr style=\"height: 24px;\">\n<td style=\"width: 26.2923%; height: 24px;\" width=\"166\"><strong><span style=\"font-family: arial, helvetica, sans-serif;\">Ki\u1ec3u ren<\/span><\/strong><\/td>\n<td style=\"width: 246.129%; height: 24px;\" width=\"140\"><span style=\"font-family: arial, helvetica, sans-serif;\">M (Ren h\u1ec7 m\u00e9t)<\/span><\/td>\n<\/tr>\n<tr style=\"height: 24px;\">\n<td style=\"width: 26.2923%; height: 24px;\" width=\"166\"><strong><span style=\"font-family: arial, helvetica, sans-serif;\">\u0110\u01a1n v\u1ecb \u0111\u00f3ng g\u00f3i (PU)<\/span><\/strong><\/td>\n<td style=\"width: 246.129%; height: 24px;\" width=\"140\"><span style=\"font-family: arial, helvetica, sans-serif;\">2.000 c\u00e1i<\/span><\/td>\n<\/tr>\n<\/tbody>\n<\/table>","protected":false},"excerpt":{"rendered":"<ul>\n<li><span style=\"font-family: arial, helvetica, sans-serif;\">Ren M6 x 7.8 mm<\/span><\/li>\n<li><span style=\"font-family: arial, helvetica, sans-serif;\">Chi\u1ec1u d\u00e0i ch\u1ed1t 30 mm<\/span><\/li>\n<li><span style=\"font-family: arial, helvetica, sans-serif;\">Ph\u1ee5 ki\u1ec7n, t\u1eafc-k\u00ea ren M6 <\/span><\/li>\n<li><span style=\"font-family: arial, helvetica, sans-serif;\">Ch\u1ea5t li\u1ec7u: Th\u00e9p m\u1ea1 k\u1ebdm, nh\u1ef1a<\/span><\/li>\n<\/ul>\n<p><span style=\"font-family: arial, helvetica, sans-serif;\">L\u01b0u \u00fd: Vui l\u00f2ng \u0111\u1eb7t h\u00e0ng t\u1eafc-k\u00ea M6 ri\u00eang.\u00a0<\/span><\/p>","protected":false},"featured_media":0,"template":"","meta":{"_links_to":"","_links_to_target":""},"product_cat":[20],"product_tag":[],"class_list":{"0":"post-15052","1":"product","2":"type-product","3":"status-publish","5":"product_cat-phu-kien","7":"first","8":"instock","9":"taxable","10":"shipping-taxable","11":"purchasable","12":"product-type-simple"},"bundle_layout":"","bundle_add_to_cart_form_location":"","bundle_editable_in_cart":false,"bundle_sold_individually_context":"","bundle_item_grouping":"","bundle_min_size":"","bundle_max_size":"","bundled_by":[],"bundled_items":[],"_links":{"self":[{"href":"https:\/\/vn.hettichshop.com\/vi\/wp-json\/wp\/v2\/product\/15052","targetHints":{"allow":["GET"]}}],"collection":[{"href":"https:\/\/vn.hettichshop.com\/vi\/wp-json\/wp\/v2\/product"}],"about":[{"href":"https:\/\/vn.hettichshop.com\/vi\/wp-json\/wp\/v2\/types\/product"}],"version-history":[{"count":2,"href":"https:\/\/vn.hettichshop.com\/vi\/wp-json\/wp\/v2\/product\/15052\/revisions"}],"predecessor-version":[{"id":15056,"href":"https:\/\/vn.hettichshop.com\/vi\/wp-json\/wp\/v2\/product\/15052\/revisions\/15056"}],"wp:attachment":[{"href":"https:\/\/vn.hettichshop.com\/vi\/wp-json\/wp\/v2\/media?parent=15052"}],"wp:term":[{"taxonomy":"product_cat","embeddable":true,"href":"https:\/\/vn.hettichshop.com\/vi\/wp-json\/wp\/v2\/product_cat?post=15052"},{"taxonomy":"product_tag","embeddable":true,"href":"https:\/\/vn.hettichshop.com\/vi\/wp-json\/wp\/v2\/product_tag?post=15052"}],"curies":[{"name":"wp","href":"https:\/\/api.w.org\/{rel}","templated":true}]}}