{"id":15030,"date":"2025-10-28T19:39:33","date_gmt":"2025-10-28T11:39:33","guid":{"rendered":"https:\/\/vn.hettichshop.com\/?post_type=product&#038;p=15030"},"modified":"2026-01-30T15:24:04","modified_gmt":"2026-01-30T07:24:04","slug":"de-ban-le-chu-thap-novisys-khoang-cach-1-5-mm-d1-5-mm","status":"publish","type":"product","link":"https:\/\/vn.hettichshop.com\/vi\/san-pham\/de-ban-le-chu-thap-novisys-khoang-cach-1-5-mm-d1-5-mm\/","title":{"rendered":"\u0110\u1ebf b\u1ea3n l\u1ec1 Novisys"},"content":{"rendered":"<table style=\"width: 99.216%;\" width=\"318\">\n<tbody>\n<tr>\n<td style=\"width: 39.1506%;\" width=\"207\"><strong><span style=\"font-family: arial, helvetica, sans-serif;\">Ki\u1ec3u l\u1eafp \u0111\u1eb7t \u0111\u1ebf b\u1ea3n l\u1ec1<\/span><\/strong><\/td>\n<td style=\"width: 279.777%;\" width=\"111\"><span style=\"font-family: arial, helvetica, sans-serif;\">B\u1eaft v\u00edt c\u1ed1 \u0111\u1ecbnh<\/span><\/td>\n<\/tr>\n<tr>\n<td style=\"width: 39.1506%;\" width=\"207\"><strong><span style=\"font-family: arial, helvetica, sans-serif;\">Kho\u1ea3ng c\u00e1ch l\u1ed7<\/span><\/strong><\/td>\n<td style=\"width: 279.777%;\" width=\"111\"><span style=\"font-family: arial, helvetica, sans-serif;\">32 mm<\/span><\/td>\n<\/tr>\n<tr>\n<td style=\"width: 39.1506%;\" width=\"207\"><strong><span style=\"font-family: arial, helvetica, sans-serif;\">Lo\u1ea1i \u0111\u1ebf<\/span><\/strong><\/td>\n<td style=\"width: 279.777%;\" width=\"111\"><span style=\"font-family: arial, helvetica, sans-serif;\">\u0110\u1ebf ch\u1eef th\u1eadp<\/span><\/td>\n<\/tr>\n<tr>\n<td style=\"width: 39.1506%;\" width=\"207\"><strong><span style=\"font-family: arial, helvetica, sans-serif;\">Kho\u1ea3ng c\u00e1ch t\u1eeb m\u00e9p t\u1ee7 \u0111\u1ebfn h\u00e0ng v\u00edt \u0111\u1ea7u ti\u00ean<\/span><\/strong><\/td>\n<td style=\"width: 279.777%;\" width=\"111\"><span style=\"font-family: arial, helvetica, sans-serif;\">37\u00a0mm<\/span><\/td>\n<\/tr>\n<tr>\n<td style=\"width: 39.1506%;\" width=\"207\"><strong><span style=\"font-family: arial, helvetica, sans-serif;\">C\u01a1 ch\u1ebf \u0111i\u1ec1u ch\u1ec9nh chi\u1ec1u cao<\/span><\/strong><\/td>\n<td style=\"width: 279.777%;\" width=\"111\"><span style=\"font-family: arial, helvetica, sans-serif;\">\u0111i\u1ec1u ch\u1ec9nh b\u1eb1ng l\u1ed7 oval<\/span><\/td>\n<\/tr>\n<tr>\n<td style=\"width: 39.1506%;\" width=\"207\"><strong><span style=\"font-family: arial, helvetica, sans-serif;\">Ph\u1ea1m vi \u0111i\u1ec1u ch\u1ec9nh<\/span><\/strong><\/td>\n<td style=\"width: 279.777%;\" width=\"111\"><span style=\"font-family: arial, helvetica, sans-serif;\">+ 3 mm \/ &#8211; 3 mm<\/span><\/td>\n<\/tr>\n<tr>\n<td style=\"width: 39.1506%;\" width=\"207\"><strong><span style=\"font-family: arial, helvetica, sans-serif;\">H\u00e0ng l\u1ed7 khoan<\/span><\/strong><\/td>\n<td style=\"width: 279.777%;\" width=\"111\"><span style=\"font-family: arial, helvetica, sans-serif;\">H\u00e0ng l\u1ed7 khoan 37 \/ 50 x 32 mm<\/span><\/td>\n<\/tr>\n<tr>\n<td style=\"width: 39.1506%;\" width=\"207\"><strong><span style=\"font-family: arial, helvetica, sans-serif;\">Kho\u1ea3ng c\u00e1ch<\/span><\/strong><\/td>\n<td style=\"width: 279.777%;\" width=\"111\"><span style=\"font-family: arial, helvetica, sans-serif;\">1.5\u00a0mm<\/span><\/td>\n<\/tr>\n<tr>\n<td style=\"width: 39.1506%;\" width=\"207\"><strong><span style=\"font-family: arial, helvetica, sans-serif;\">Ch\u1ea5t li\u1ec7u<\/span><\/strong><\/td>\n<td style=\"width: 279.777%;\" width=\"111\"><span style=\"font-family: arial, helvetica, sans-serif;\">Th\u00e9p m\u1ea1 nicken<\/span><\/td>\n<\/tr>\n<tr>\n<td style=\"width: 39.1506%;\" rowspan=\"3\" width=\"207\"><strong><span style=\"font-family: arial, helvetica, sans-serif;\">Ki\u1ec3u b\u1ea3n l\u1ec1<\/span><\/strong><\/td>\n<td style=\"width: 279.777%;\" width=\"111\"><span style=\"font-family: arial, helvetica, sans-serif;\">Tr\u00f9m ngo\u00e0i (overlay)<\/span><\/td>\n<\/tr>\n<tr>\n<td style=\"width: 279.777%;\" width=\"111\"><span style=\"font-family: arial, helvetica, sans-serif;\">Tr\u00f9m n\u1eeda (half-overlay)<\/span><\/td>\n<\/tr>\n<tr>\n<td style=\"width: 279.777%;\" width=\"111\"><span style=\"font-family: arial, helvetica, sans-serif;\">L\u1ecdt l\u00f2ng (inset)<\/span><\/td>\n<\/tr>\n<tr>\n<td style=\"width: 39.1506%;\" width=\"207\"><strong><span style=\"font-family: arial, helvetica, sans-serif;\">Ki\u1ec3u l\u1eafp \u0111\u1eb7t<\/span><\/strong><\/td>\n<td style=\"width: 279.777%;\" width=\"111\"><span style=\"font-family: arial, helvetica, sans-serif;\">B\u1eaft v\u00edt c\u1ed1 \u0111\u1ecbnh<\/span><\/td>\n<\/tr>\n<\/tbody>\n<\/table>","protected":false},"excerpt":{"rendered":"<ul style=\"list-style-type: square;\">\n<li><span style=\"font-family: arial, helvetica, sans-serif;\">\u0110\u1ebf b\u1ea3n l\u1ec1 d\u1ea1ng ch\u1eef th\u1eadp, \u0111i\u1ec1u ch\u1ec9nh chi\u1ec1u cao b\u1eb1ng l\u1ed7 thu\u00f4n (l\u1ed7 oval) <\/span><\/li>\n<li><span style=\"font-family: arial, helvetica, sans-serif;\">D\u00f9ng cho (b\u1ea3n l\u1ec1) Novisys, Sensys v\u00e0 Intermat <\/span><\/li>\n<li><span style=\"font-family: arial, helvetica, sans-serif;\">Ph\u00e2n lo\u1ea1i ch\u1ea5t l\u01b0\u1ee3ng theo ti\u00eau chu\u1ea9n EN 15570, C\u1ea5p \u0111\u1ed9 3 <\/span><\/li>\n<li><span style=\"font-family: arial, helvetica, sans-serif;\">D\u00f9ng cho H\u1ec7 l\u1ed7 khoan 37 \/ 50 x 32 mm (c\u00f3 c\u00e1c v\u1ecb tr\u00ed b\u1eaft v\u00edt b\u1ed5 sung tr\u00ean h\u1ec7 l\u1ed7 khoan 50 x 32 mm) <\/span><\/li>\n<li><span style=\"font-family: arial, helvetica, sans-serif;\">L\u1eafp \u0111\u1eb7t b\u1eb1ng c\u00e1ch b\u1eaft v\u00edt v\u1edbi v\u00edt \u0111\u1ea7u ch\u00ecm (\u0111\u1ea7u c\u00f4n) \u00f8 4.5 mm x 16 mm <\/span><\/li>\n<li><span style=\"font-family: arial, helvetica, sans-serif;\">Kho\u1ea3ng c\u00e1ch 1.5 mm (ch\u1ec9nh \u0111\u1ed9 cao c\u1ee7a \u0111\u1ebf) <\/span><\/li>\n<li><span style=\"font-family: arial, helvetica, sans-serif;\">Ph\u1ea1m vi \u0111i\u1ec1u ch\u1ec9nh + 3 mm \/ &#8211; 3 mm <\/span><\/li>\n<li><span style=\"font-family: arial, helvetica, sans-serif;\">Ch\u1ea5t li\u1ec7u: th\u00e9p m\u1ea1 niken<\/span><\/li>\n<\/ul>","protected":false},"featured_media":15033,"template":"","meta":{"_links_to":"","_links_to_target":""},"product_cat":[166,146],"product_tag":[],"class_list":{"0":"post-15030","1":"product","2":"type-product","3":"status-publish","4":"has-post-thumbnail","6":"product_cat-part","7":"product_cat-hinges-accessories","9":"first","10":"instock","11":"taxable","12":"shipping-taxable","13":"purchasable","14":"product-type-simple"},"bundle_layout":"","bundle_add_to_cart_form_location":"","bundle_editable_in_cart":false,"bundle_sold_individually_context":"","bundle_item_grouping":"","bundle_min_size":"","bundle_max_size":"","bundled_by":[],"bundled_items":[],"_links":{"self":[{"href":"https:\/\/vn.hettichshop.com\/vi\/wp-json\/wp\/v2\/product\/15030","targetHints":{"allow":["GET"]}}],"collection":[{"href":"https:\/\/vn.hettichshop.com\/vi\/wp-json\/wp\/v2\/product"}],"about":[{"href":"https:\/\/vn.hettichshop.com\/vi\/wp-json\/wp\/v2\/types\/product"}],"version-history":[{"count":6,"href":"https:\/\/vn.hettichshop.com\/vi\/wp-json\/wp\/v2\/product\/15030\/revisions"}],"predecessor-version":[{"id":15513,"href":"https:\/\/vn.hettichshop.com\/vi\/wp-json\/wp\/v2\/product\/15030\/revisions\/15513"}],"wp:featuredmedia":[{"embeddable":true,"href":"https:\/\/vn.hettichshop.com\/vi\/wp-json\/wp\/v2\/media\/15033"}],"wp:attachment":[{"href":"https:\/\/vn.hettichshop.com\/vi\/wp-json\/wp\/v2\/media?parent=15030"}],"wp:term":[{"taxonomy":"product_cat","embeddable":true,"href":"https:\/\/vn.hettichshop.com\/vi\/wp-json\/wp\/v2\/product_cat?post=15030"},{"taxonomy":"product_tag","embeddable":true,"href":"https:\/\/vn.hettichshop.com\/vi\/wp-json\/wp\/v2\/product_tag?post=15030"}],"curies":[{"name":"wp","href":"https:\/\/api.w.org\/{rel}","templated":true}]}}