{"id":14989,"date":"2025-10-28T17:15:13","date_gmt":"2025-10-28T09:15:13","guid":{"rendered":"https:\/\/vn.hettichshop.com\/?post_type=product&#038;p=14989"},"modified":"2025-10-29T10:49:18","modified_gmt":"2025-10-29T02:49:18","slug":"ban-le-novisys-s8848i-giam-chan-ma-niken-trum-ngoai-mo-len-den-105-do","status":"publish","type":"product","link":"https:\/\/vn.hettichshop.com\/vi\/san-pham\/ban-le-novisys-s8848i-giam-chan-ma-niken-trum-ngoai-mo-len-den-105-do\/","title":{"rendered":"B\u1ea3n l\u1ec1 Novisys S8848i gi\u1ea3m ch\u1ea5n, m\u1ea1 Niken, m\u1edf l\u00ean \u0111\u1ebfn 105 \u0111\u1ed9"},"content":{"rendered":"<table style=\"width: 97.6803%; height: 411px;\" width=\"775\">\n<tbody>\n<tr style=\"height: 23px;\">\n<td style=\"height: 23px; width: 32.8205%;\" width=\"255\"><strong><span style=\"font-family: arial, helvetica, sans-serif;\">Lo\u1ea1i b\u1ea3n l\u1ec1<\/span><\/strong><\/td>\n<td style=\"height: 23px; width: 94.359%;\" width=\"520\"><span style=\"font-family: arial, helvetica, sans-serif;\">tr\u00f9m ngo\u00e0i (overlay); tr\u00f9m n\u1eeda (half-overlay); l\u1ecdt l\u00f2ng (inset)<\/span><\/td>\n<\/tr>\n<tr style=\"height: 23px;\">\n<td style=\"height: 23px; width: 32.8205%;\" width=\"255\"><strong><span style=\"font-family: arial, helvetica, sans-serif;\">C\u00e1ch l\u1eafp \u0111\u1eb7t<\/span><\/strong><\/td>\n<td style=\"height: 23px; width: 94.359%;\" width=\"520\"><span style=\"font-family: arial, helvetica, sans-serif;\">d\u00f9ng v\u00edt c\u1ed1 \u0111\u1ecbnh<\/span><\/td>\n<\/tr>\n<tr style=\"height: 23px;\">\n<td style=\"height: 23px; width: 32.8205%;\" width=\"255\"><strong><span style=\"font-family: arial, helvetica, sans-serif;\">H\u1ec7 l\u1ed7 khoan<\/span><\/strong><\/td>\n<td style=\"height: 23px; width: 94.359%;\" width=\"520\"><span style=\"font-family: arial, helvetica, sans-serif;\">TH 52 x 5,5 mm<\/span><\/td>\n<\/tr>\n<tr style=\"height: 23px;\">\n<td style=\"height: 23px; width: 32.8205%;\" width=\"255\"><strong><span style=\"font-family: arial, helvetica, sans-serif;\">Thi\u1ebft k\u1ebf<\/span><\/strong><\/td>\n<td style=\"height: 23px; width: 94.359%;\" width=\"520\"><span style=\"font-family: arial, helvetica, sans-serif;\">thi c\u00f4ng 90\u00b0<\/span><\/td>\n<\/tr>\n<tr style=\"height: 23px;\">\n<td style=\"height: 69px; width: 32.8205%;\" rowspan=\"3\" width=\"255\"><strong><span style=\"font-family: arial, helvetica, sans-serif;\">Lo\u1ea1i c\u1eeda ph\u00f9 h\u1ee3p<\/span><\/strong><\/td>\n<td style=\"height: 23px; width: 94.359%;\" width=\"520\"><span style=\"font-family: arial, helvetica, sans-serif;\">C\u1eeda ti\u00eau chu\u1ea9n \/ c\u1eeda ch\u1ea5t li\u1ec7u g\u1ed7<\/span><\/td>\n<\/tr>\n<tr style=\"height: 23px;\">\n<td style=\"height: 23px; width: 94.359%;\" width=\"520\"><span style=\"font-family: arial, helvetica, sans-serif;\">C\u1eeda khung g\u1ed7 (chi\u1ec1u d\u00e0y khung g\u1ed7 t\u1eeb 50 mm)<\/span><\/td>\n<\/tr>\n<tr style=\"height: 23px;\">\n<td style=\"height: 23px; width: 94.359%;\" width=\"520\"><span style=\"font-family: arial, helvetica, sans-serif;\">C\u1eeda khung nh\u00f4m (chi\u1ec1u d\u00e0y khung t\u1eeb 50 mm)<\/span><\/td>\n<\/tr>\n<tr style=\"height: 23px;\">\n<td style=\"height: 23px; width: 32.8205%;\" width=\"255\"><strong><span style=\"font-family: arial, helvetica, sans-serif;\">T\u00ednh n\u0103ng<\/span><\/strong><\/td>\n<td style=\"height: 23px; width: 94.359%;\" width=\"520\"><span style=\"font-family: arial, helvetica, sans-serif;\">ph\u00f9 h\u1ee3p v\u1edbi h\u1ec7 th\u1ed1ng gi\u1ea3m ch\u1ea5n<\/span><\/td>\n<\/tr>\n<tr style=\"height: 23px;\">\n<td style=\"height: 23px; width: 32.8205%;\" width=\"255\"><strong><span style=\"font-family: arial, helvetica, sans-serif;\">\u0110\u1ed9 m\u1edf c\u00e1nh<\/span><\/strong><\/td>\n<td style=\"height: 23px; width: 94.359%;\" width=\"520\"><span style=\"font-family: arial, helvetica, sans-serif;\">105\u00a0\u00b0<\/span><\/td>\n<\/tr>\n<tr style=\"height: 23px;\">\n<td style=\"height: 23px; width: 32.8205%;\" width=\"255\"><strong><span style=\"font-family: arial, helvetica, sans-serif;\">\u0110\u1ed9 d\u00e0y c\u1eeda t\u1ed1i thi\u1ec3u<\/span><\/strong><\/td>\n<td style=\"height: 23px; width: 94.359%;\" width=\"520\"><span style=\"font-family: arial, helvetica, sans-serif;\">14\u00a0mm<\/span><\/td>\n<\/tr>\n<tr style=\"height: 23px;\">\n<td style=\"height: 23px; width: 32.8205%;\" width=\"255\"><strong><span style=\"font-family: arial, helvetica, sans-serif;\">\u0110\u1ed9 d\u00e0y c\u1eeda t\u1ed1i \u0111a<\/span><\/strong><\/td>\n<td style=\"height: 23px; width: 94.359%;\" width=\"520\"><span style=\"font-family: arial, helvetica, sans-serif;\">24\u00a0mm<\/span><\/td>\n<\/tr>\n<tr style=\"height: 23px;\">\n<td style=\"height: 23px; width: 32.8205%;\" width=\"255\"><strong><span style=\"font-family: arial, helvetica, sans-serif;\">Phi\u00ean b\u1ea3n ch\u00e9n b\u1ea3n l\u1ec1<\/span><\/strong><\/td>\n<td style=\"height: 23px; width: 94.359%;\" width=\"520\"><span style=\"font-family: arial, helvetica, sans-serif;\">TH 42<\/span><\/td>\n<\/tr>\n<tr style=\"height: 23px;\">\n<td style=\"height: 23px; width: 32.8205%;\" width=\"255\"><strong><span style=\"font-family: arial, helvetica, sans-serif;\">\u0110\u1ebf b\u1ea3n l\u1ec1<\/span><\/strong><\/td>\n<td style=\"height: 23px; width: 94.359%;\" width=\"520\"><span style=\"font-family: arial, helvetica, sans-serif;\">12.5 mm (b\u1ea3n l\u1ec1 tr\u00f9m ngo\u00e0i); 3 mm (b\u1ea3n l\u1ec1 tr\u00f9m n\u1eeda); -4 mm (b\u1ea3n l\u1ec1 l\u1ecdt l\u00f2ng)<\/span><\/td>\n<\/tr>\n<tr style=\"height: 23px;\">\n<td style=\"height: 23px; width: 32.8205%;\" width=\"255\"><strong><span style=\"font-family: arial, helvetica, sans-serif;\">\u0110\u01b0\u1eddng k\u00ednh ch\u00e9n b\u1ea3n l\u1ec1<\/span><\/strong><\/td>\n<td style=\"height: 23px; width: 94.359%;\" width=\"520\"><span style=\"font-family: arial, helvetica, sans-serif;\">35\u00a0mm<\/span><\/td>\n<\/tr>\n<tr style=\"height: 23px;\">\n<td style=\"height: 23px; width: 32.8205%;\" width=\"255\"><strong><span style=\"font-family: arial, helvetica, sans-serif;\">\u0110\u1ed9 s\u00e2u ch\u00e9n b\u1ea3n l\u1ec1<\/span><\/strong><\/td>\n<td style=\"height: 23px; width: 94.359%;\" width=\"520\"><span style=\"font-family: arial, helvetica, sans-serif;\">11.8\u00a0mm<\/span><\/td>\n<\/tr>\n<tr style=\"height: 23px;\">\n<td style=\"height: 23px; width: 32.8205%;\" width=\"255\"><strong><span style=\"font-family: arial, helvetica, sans-serif;\">B\u1ec1 m\u1eb7t ho\u00e0n thi\u1ec7n<\/span><\/strong><\/td>\n<td style=\"height: 23px; width: 94.359%;\" width=\"520\"><span style=\"font-family: arial, helvetica, sans-serif;\">Th\u00e9p m\u1ea1 nickel<\/span><\/td>\n<\/tr>\n<tr style=\"height: 23px;\">\n<td style=\"height: 10px; width: 32.8205%;\" width=\"255\"><strong><span style=\"font-family: arial, helvetica, sans-serif;\">M\u1ee9c \u0111\u1ed9 \u0111i\u1ec1u ch\u1ec9nh \u0111\u1ed9 ph\u1ee7 t\u00edch h\u1ee3p (Integrated overlay adjustment)<\/span><\/strong><\/td>\n<td style=\"height: 10px; width: 94.359%;\" width=\"520\"><span style=\"font-family: arial, helvetica, sans-serif;\">+2 mm \/ -2 mm<\/span><\/td>\n<\/tr>\n<tr style=\"height: 23px;\">\n<td style=\"height: 10px; width: 32.8205%;\" width=\"255\"><strong><span style=\"font-family: arial, helvetica, sans-serif;\">M\u1ee9c \u0111\u1ed9 \u0111i\u1ec1u ch\u1ec9nh \u0111\u1ed9 s\u00e2u t\u00edch h\u1ee3p (Integrated depth adjustment)<\/span><\/strong><\/td>\n<td style=\"height: 10px; width: 94.359%;\" width=\"520\"><span style=\"font-family: arial, helvetica, sans-serif;\">+2.8 mm \/ -1.2 mm<\/span><\/td>\n<\/tr>\n<tr style=\"height: 23px;\">\n<td style=\"height: 23px; width: 32.8205%;\" width=\"255\"><strong><span style=\"font-family: arial, helvetica, sans-serif;\">Ch\u1ee9c n\u0103ng t\u1ef1 \u0111\u00f3ng<\/span><\/strong><\/td>\n<td style=\"height: 23px; width: 94.359%;\" width=\"520\"><span style=\"font-family: arial, helvetica, sans-serif;\">C\u00f3<\/span><\/td>\n<\/tr>\n<\/tbody>\n<\/table>","protected":false},"excerpt":{"rendered":"<ul>\n<li><span style=\"font-family: arial, helvetica, sans-serif;\">B\u1ea3n l\u1ec1 Novisys 105\u00b0 v\u1edbi h\u1ec7 th\u1ed1ng gi\u1ea3m ch\u1ea5n (Silent System) t\u00edch h\u1ee3p, c\u00f3 t\u00ednh n\u0103ng t\u1ef1 \u0111\u00f3ng (Novisys 8848i) <\/span><\/li>\n<li><span style=\"font-family: arial, helvetica, sans-serif;\">Ph\u00e2n lo\u1ea1i ch\u1ea5t l\u01b0\u1ee3ng theo ti\u00eau chu\u1ea9n EN 15570, C\u1ea5p \u0111\u1ed9 2 <\/span><\/li>\n<li><span style=\"font-family: arial, helvetica, sans-serif;\">G\u00f3c m\u1edf 105\u00b0, d<\/span><span style=\"font-family: arial, helvetica, sans-serif;\">\u00f9ng cho c\u1eeda d\u00e0y 14 &#8211; 24 mm <\/span><\/li>\n<li><span style=\"font-family: arial, helvetica, sans-serif;\">Ki\u1ec3u b\u1ea3n l\u1ec1: Tr\u00f9m ngo\u00e0i (overlay); Tr\u00f9m n\u1eeda (half-overlay); L\u1ecdt l\u00f2ng (inset)<\/span><\/li>\n<li><span style=\"font-family: arial, helvetica, sans-serif;\">H\u1ec7 l\u1ed7 khoan: TH 52 x 5.5 mm <\/span><\/li>\n<li><span style=\"font-family: arial, helvetica, sans-serif;\">\u0110\u1ed9 s\u00e2u ch\u00e9n b\u1ea3n l\u1ec1: 11.8 mm <\/span><\/li>\n<li><span style=\"font-family: arial, helvetica, sans-serif;\">L\u1eafp \u0111\u1eb7t b\u1eb1ng c\u00e1ch b\u1eaft v\u00edt <\/span><\/li>\n<li><span style=\"font-family: arial, helvetica, sans-serif;\">\u0110i\u1ec1u ch\u1ec9nh \u0111\u1ed9 tr\u00f9m t\u00edch h\u1ee3p +2 mm \/ -2 mm <\/span><\/li>\n<li><span style=\"font-family: arial, helvetica, sans-serif;\">\u0110i\u1ec1u ch\u1ec9nh \u0111\u1ed9 s\u00e2u t\u00edch h\u1ee3p +2.8 mm \/ -1.2 mm <\/span><\/li>\n<li><span style=\"font-family: arial, helvetica, sans-serif;\">\u0110i\u1ec1u ch\u1ec9nh chi\u1ec1u cao t\u1ea1i \u0111\u1ebf b\u1ea3n l\u1ec1 <\/span><\/li>\n<li><span style=\"font-family: arial, helvetica, sans-serif;\">Ch\u1ea5t li\u1ec7u: Th\u00e9p m\u1ea1 niken<\/span><\/li>\n<\/ul>","protected":false},"featured_media":14993,"template":"","meta":{"_links_to":"","_links_to_target":""},"product_cat":[20],"product_tag":[],"class_list":{"0":"post-14989","1":"product","2":"type-product","3":"status-publish","4":"has-post-thumbnail","6":"product_cat-phu-kien","8":"first","9":"instock","10":"taxable","11":"shipping-taxable","12":"purchasable","13":"product-type-variable"},"bundle_layout":"","bundle_add_to_cart_form_location":"","bundle_editable_in_cart":false,"bundle_sold_individually_context":"","bundle_item_grouping":"","bundle_min_size":"","bundle_max_size":"","bundled_by":[],"bundled_items":[],"_links":{"self":[{"href":"https:\/\/vn.hettichshop.com\/vi\/wp-json\/wp\/v2\/product\/14989","targetHints":{"allow":["GET"]}}],"collection":[{"href":"https:\/\/vn.hettichshop.com\/vi\/wp-json\/wp\/v2\/product"}],"about":[{"href":"https:\/\/vn.hettichshop.com\/vi\/wp-json\/wp\/v2\/types\/product"}],"version-history":[{"count":9,"href":"https:\/\/vn.hettichshop.com\/vi\/wp-json\/wp\/v2\/product\/14989\/revisions"}],"predecessor-version":[{"id":15027,"href":"https:\/\/vn.hettichshop.com\/vi\/wp-json\/wp\/v2\/product\/14989\/revisions\/15027"}],"wp:featuredmedia":[{"embeddable":true,"href":"https:\/\/vn.hettichshop.com\/vi\/wp-json\/wp\/v2\/media\/14993"}],"wp:attachment":[{"href":"https:\/\/vn.hettichshop.com\/vi\/wp-json\/wp\/v2\/media?parent=14989"}],"wp:term":[{"taxonomy":"product_cat","embeddable":true,"href":"https:\/\/vn.hettichshop.com\/vi\/wp-json\/wp\/v2\/product_cat?post=14989"},{"taxonomy":"product_tag","embeddable":true,"href":"https:\/\/vn.hettichshop.com\/vi\/wp-json\/wp\/v2\/product_tag?post=14989"}],"curies":[{"name":"wp","href":"https:\/\/api.w.org\/{rel}","templated":true}]}}