{"id":14951,"date":"2025-10-25T15:56:43","date_gmt":"2025-10-25T07:56:43","guid":{"rendered":"https:\/\/vn.hettichshop.com\/?post_type=product&#038;p=14951"},"modified":"2025-10-25T16:00:16","modified_gmt":"2025-10-25T08:00:16","slug":"khop-noi-cho-thanh-nhom-mat-truoc-avantech-you-inlay-h187-danh-cho-ngan-keo-lot-long","status":"publish","type":"product","link":"https:\/\/vn.hettichshop.com\/vi\/san-pham\/khop-noi-cho-thanh-nhom-mat-truoc-avantech-you-inlay-h187-danh-cho-ngan-keo-lot-long\/","title":{"rendered":"Kh\u1edbp n\u1ed1i cho thanh nh\u00f4m m\u1eb7t tr\u01b0\u1edbc AvanTech YOU Inlay H187 &#8211; D\u00e0nh cho ng\u0103n k\u00e9o l\u1ecdt l\u00f2ng"},"content":{"rendered":"<table class=\"table\" style=\"width: 75.4188%; height: 192px;\">\n<tbody>\n<tr style=\"height: 24px;\">\n<td class=\"attrib\" style=\"width: 31.8777%; height: 24px;\"><span style=\"font-family: arial, helvetica, sans-serif;\">Chi\u1ec1u cao\u00a0\u00a0<\/span><\/td>\n<td style=\"width: 97.0716%; height: 24px;\"><span style=\"font-family: arial, helvetica, sans-serif;\">187<\/span><\/td>\n<\/tr>\n<tr style=\"height: 24px;\">\n<td class=\"attrib\" style=\"width: 31.8777%; height: 24px;\"><span style=\"font-family: arial, helvetica, sans-serif;\">Chi\u1ec1u r\u1ed9ng h\u1ed9c t\u1ee7<\/span><\/td>\n<td style=\"width: 97.0716%; height: 24px;\"><span style=\"font-family: arial, helvetica, sans-serif;\">200 mm &#8211; 1200 mm<\/span><\/td>\n<\/tr>\n<tr style=\"height: 24px;\">\n<td class=\"attrib\" style=\"width: 31.8777%; height: 24px;\"><span style=\"font-family: arial, helvetica, sans-serif;\">M\u00f4 t\u1ea3<\/span><\/td>\n<td style=\"width: 97.0716%; height: 24px;\"><span style=\"font-family: arial, helvetica, sans-serif;\">Ray h\u1ed9p \u0111\u00f4i<br \/>\n<\/span><\/td>\n<\/tr>\n<tr style=\"height: 24px;\">\n<td class=\"attrib\" style=\"width: 31.8777%; height: 24px;\"><span style=\"font-family: arial, helvetica, sans-serif;\">M\u1eb7t l\u1eafp \u0111\u1eb7t<\/span><\/td>\n<td style=\"width: 97.0716%; height: 24px;\"><span style=\"font-family: arial, helvetica, sans-serif;\">tr\u00e1i v\u00e0 ph\u1ea3i\u00a0<\/span><\/td>\n<\/tr>\n<tr style=\"height: 48px;\">\n<td class=\"attrib\" style=\"width: 31.8777%; height: 48px;\"><span style=\"font-family: arial, helvetica, sans-serif;\">Ch\u1ea5t li\u1ec7u<\/span><\/td>\n<td style=\"width: 97.0716%; height: 48px;\"><span style=\"font-family: arial, helvetica, sans-serif;\">Nh\u1ef1a<\/span><br \/>\n<span style=\"font-family: arial, helvetica, sans-serif;\">Th\u00e9p<\/span><\/td>\n<\/tr>\n<tr style=\"height: 48px;\">\n<td class=\"attrib\" style=\"width: 31.8777%; height: 48px;\"><span style=\"font-family: arial, helvetica, sans-serif;\">T\u00f9y ch\u1ecdn<\/span><\/td>\n<td style=\"width: 97.0716%; height: 48px;\"><span style=\"font-family: arial, helvetica, sans-serif;\">Kh\u1edbp n\u1ed1i m\u1eb7t tr\u01b0\u1edbc c\u1ee7a t\u1ee7<\/span><br \/>\n<span style=\"font-family: arial, helvetica, sans-serif;\">Ph\u1ee5 ki\u1ec7n<\/span><\/td>\n<\/tr>\n<\/tbody>\n<\/table>\n<p>&nbsp;<\/p>","protected":false},"excerpt":{"rendered":"<ul style=\"list-style-type: square;\">\n<li><span style=\"font-family: arial, helvetica, sans-serif;\">D\u00f9ng \u0111\u1ec3 c\u1ed1 \u0111\u1ecbnh, k\u1ebft n\u1ed1i m\u1eb7t tr\u01b0\u1edbc v\u1edbi th\u00e0nh ray h\u1ed9p<\/span><\/li>\n<li><span style=\"font-family: arial, helvetica, sans-serif;\">Th\u00e9p, nh\u1ef1a<\/span><\/li>\n<\/ul>\n<p><span style=\"font-family: arial, helvetica, sans-serif;\">Bao g\u1ed3m:<\/span><\/p>\n<ul style=\"list-style-type: square;\">\n<li><span style=\"font-family: arial, helvetica, sans-serif;\">2 kh\u1edbp n\u1ed1i m\u1eb7t tr\u01b0\u1edbc ray h\u1ed9p<\/span><\/li>\n<li><span style=\"font-family: arial, helvetica, sans-serif;\">Ph\u1ee5 ki\u1ec7n<\/span><\/li>\n<\/ul>\n<p><span style=\"font-family: arial, helvetica, sans-serif;\">L\u01b0u \u00fd:<\/span><\/p>\n<ul style=\"list-style-type: square;\">\n<li><span style=\"font-family: arial, helvetica, sans-serif;\">Thanh n\u00e2ng c\u1ea5p m\u1eb7t tr\u01b0\u1edbc cho ng\u0103n k\u00e9o l\u1ecdt l\u00f2ng \u0111\u01b0\u1ee3c \u0111\u1eb7t h\u00e0ng ri\u00eang<\/span><\/li>\n<\/ul>","protected":false},"featured_media":14952,"template":"","meta":{"_links_to":"","_links_to_target":""},"product_cat":[166],"product_tag":[],"class_list":{"0":"post-14951","1":"product","2":"type-product","3":"status-publish","4":"has-post-thumbnail","6":"product_cat-part","8":"first","9":"instock","10":"taxable","11":"shipping-taxable","12":"purchasable","13":"product-type-simple"},"bundle_layout":"","bundle_add_to_cart_form_location":"","bundle_editable_in_cart":false,"bundle_sold_individually_context":"","bundle_item_grouping":"","bundle_min_size":"","bundle_max_size":"","bundled_by":[],"bundled_items":[],"_links":{"self":[{"href":"https:\/\/vn.hettichshop.com\/vi\/wp-json\/wp\/v2\/product\/14951","targetHints":{"allow":["GET"]}}],"collection":[{"href":"https:\/\/vn.hettichshop.com\/vi\/wp-json\/wp\/v2\/product"}],"about":[{"href":"https:\/\/vn.hettichshop.com\/vi\/wp-json\/wp\/v2\/types\/product"}],"version-history":[{"count":1,"href":"https:\/\/vn.hettichshop.com\/vi\/wp-json\/wp\/v2\/product\/14951\/revisions"}],"predecessor-version":[{"id":14953,"href":"https:\/\/vn.hettichshop.com\/vi\/wp-json\/wp\/v2\/product\/14951\/revisions\/14953"}],"wp:featuredmedia":[{"embeddable":true,"href":"https:\/\/vn.hettichshop.com\/vi\/wp-json\/wp\/v2\/media\/14952"}],"wp:attachment":[{"href":"https:\/\/vn.hettichshop.com\/vi\/wp-json\/wp\/v2\/media?parent=14951"}],"wp:term":[{"taxonomy":"product_cat","embeddable":true,"href":"https:\/\/vn.hettichshop.com\/vi\/wp-json\/wp\/v2\/product_cat?post=14951"},{"taxonomy":"product_tag","embeddable":true,"href":"https:\/\/vn.hettichshop.com\/vi\/wp-json\/wp\/v2\/product_tag?post=14951"}],"curies":[{"name":"wp","href":"https:\/\/api.w.org\/{rel}","templated":true}]}}