{"id":14855,"date":"2025-04-24T17:12:03","date_gmt":"2025-04-24T09:12:03","guid":{"rendered":"https:\/\/vn.hettichshop.com\/?post_type=product&#038;p=14855"},"modified":"2025-04-24T17:27:36","modified_gmt":"2025-04-24T09:27:36","slug":"vo-de-lap-dat-bang-keo-cho-ban-le-sensys","status":"publish","type":"product","link":"https:\/\/vn.hettichshop.com\/vi\/san-pham\/vo-de-lap-dat-bang-keo-cho-ban-le-sensys\/","title":{"rendered":"V\u1ecf \u0111\u1ec3 l\u1eafp \u0111\u1eb7t b\u1eb1ng keo cho b\u1ea3n l\u1ec1 Sensys"},"content":{"rendered":"","protected":false},"excerpt":{"rendered":"<ul style=\"list-style-type: square;\">\n<li><span style=\"font-family: arial, helvetica, sans-serif;\">\u0110\u1ebf b\u1ea3n l\u1ec1 \u0111i\u1ec1u ch\u1ec9nh chi\u1ec1u cao tr\u1ef1c ti\u1ebfp<\/span><\/li>\n<li><span style=\"font-family: arial, helvetica, sans-serif;\">Ph\u00e2n lo\u1ea1i ch\u1ea5t l\u01b0\u1ee3ng theo EN 15570, C\u1ea5p \u0111\u1ed9 3<\/span><\/li>\n<li><span style=\"font-family: arial, helvetica, sans-serif;\">L\u1eafp \u0111\u1eb7t \u0111\u1ec3 d\u00e1n<\/span><\/li>\n<li><span style=\"font-family: arial, helvetica, sans-serif;\">Kho\u1ea3ng c\u00e1ch 10.0 mm<\/span><\/li>\n<li><span style=\"font-family: arial, helvetica, sans-serif;\">Ph\u1ea1m vi \u0111i\u1ec1u ch\u1ec9nh + 3 mm \/ &#8211; 3 mm<\/span><\/li>\n<li><span style=\"font-family: arial, helvetica, sans-serif;\">B\u1ec1 m\u1eb7t li\u00ean k\u1ebft 28 x 74 mm<\/span><\/li>\n<li><span style=\"font-family: arial, helvetica, sans-serif;\">\u0110\u00fac khu\u00f4n k\u1ebdm m\u1ea1 niken<\/span><\/li>\n<li><span style=\"font-family: arial, helvetica, sans-serif;\">Quy c\u00e1ch \u0111\u00f3ng g\u00f3i: 50<\/span><\/li>\n<\/ul>","protected":false},"featured_media":14856,"template":"","meta":{"_links_to":"","_links_to_target":""},"product_cat":[74,166],"product_tag":[],"class_list":{"0":"post-14855","1":"product","2":"type-product","3":"status-publish","4":"has-post-thumbnail","6":"product_cat-hinges","7":"product_cat-part","9":"first","10":"instock","11":"taxable","12":"shipping-taxable","13":"purchasable","14":"product-type-variable"},"bundle_layout":"","bundle_add_to_cart_form_location":"","bundle_editable_in_cart":false,"bundle_sold_individually_context":"","bundle_item_grouping":"","bundle_min_size":"","bundle_max_size":"","bundled_by":[],"bundled_items":[],"_links":{"self":[{"href":"https:\/\/vn.hettichshop.com\/vi\/wp-json\/wp\/v2\/product\/14855","targetHints":{"allow":["GET"]}}],"collection":[{"href":"https:\/\/vn.hettichshop.com\/vi\/wp-json\/wp\/v2\/product"}],"about":[{"href":"https:\/\/vn.hettichshop.com\/vi\/wp-json\/wp\/v2\/types\/product"}],"version-history":[{"count":1,"href":"https:\/\/vn.hettichshop.com\/vi\/wp-json\/wp\/v2\/product\/14855\/revisions"}],"predecessor-version":[{"id":14857,"href":"https:\/\/vn.hettichshop.com\/vi\/wp-json\/wp\/v2\/product\/14855\/revisions\/14857"}],"wp:featuredmedia":[{"embeddable":true,"href":"https:\/\/vn.hettichshop.com\/vi\/wp-json\/wp\/v2\/media\/14856"}],"wp:attachment":[{"href":"https:\/\/vn.hettichshop.com\/vi\/wp-json\/wp\/v2\/media?parent=14855"}],"wp:term":[{"taxonomy":"product_cat","embeddable":true,"href":"https:\/\/vn.hettichshop.com\/vi\/wp-json\/wp\/v2\/product_cat?post=14855"},{"taxonomy":"product_tag","embeddable":true,"href":"https:\/\/vn.hettichshop.com\/vi\/wp-json\/wp\/v2\/product_tag?post=14855"}],"curies":[{"name":"wp","href":"https:\/\/api.w.org\/{rel}","templated":true}]}}