{"id":14796,"date":"2025-04-24T16:35:37","date_gmt":"2025-04-24T08:35:37","guid":{"rendered":"https:\/\/vn.hettichshop.com\/?post_type=product&#038;p=14796"},"modified":"2025-04-24T17:31:33","modified_gmt":"2025-04-24T09:31:33","slug":"ban-le-sensys-canh-kinh","status":"publish","type":"product","link":"https:\/\/vn.hettichshop.com\/vi\/san-pham\/ban-le-sensys-canh-kinh\/","title":{"rendered":"B\u1ea3n l\u1ec1 Sensys c\u00e1nh k\u00ednh"},"content":{"rendered":"","protected":false},"excerpt":{"rendered":"<ul style=\"list-style-type: square;\">\n<li><span style=\"font-family: arial, helvetica, sans-serif;\">B\u1ea3n l\u1ec1 Sensys t\u00edch h\u1ee3p gi\u1ea3m ch\u1ea5n<\/span><\/li>\n<li><span style=\"font-family: arial, helvetica, sans-serif;\">G\u00f3c m\u1edf 110<\/span><\/li>\n<li><span style=\"font-family: arial, helvetica, sans-serif;\">Ph\u00e2n lo\u1ea1i ch\u1ea5t l\u01b0\u1ee3ng EN 15570, C\u1ea5p \u0111\u1ed9 3<\/span><\/li>\n<li><span style=\"font-family: arial, helvetica, sans-serif;\">D\u00f9ng cho c\u1eeda c\u00f3 \u0111\u1ed9 d\u00e0y t\u1eeb 4 &#8211; 8 mm<\/span><\/li>\n<li><span style=\"font-family: arial, helvetica, sans-serif;\">T\u00edch h\u1ee3p \u0111i\u1ec1u ch\u1ec9nh l\u1edbp ph\u1ee7 + 2 mm \/ &#8211; 2 mm<\/span><\/li>\n<li><span style=\"font-family: arial, helvetica, sans-serif;\">\u0110i\u1ec1u ch\u1ec9nh \u0111\u1ed9 s\u00e2u t\u00edch h\u1ee3p + 3 mm \/ &#8211; 2 mm<\/span><\/li>\n<li><span style=\"font-family: arial, helvetica, sans-serif;\">Th\u00e9p \/ niken m\u1ea1 k\u1ebdm \u0111\u00fac khu\u00f4n<\/span><\/li>\n<\/ul>","protected":false},"featured_media":14786,"template":"","meta":{"_links_to":"","_links_to_target":""},"product_cat":[74,110],"product_tag":[],"class_list":{"0":"post-14796","1":"product","2":"type-product","3":"status-publish","4":"has-post-thumbnail","6":"product_cat-hinges","7":"product_cat-hinge-with-silent-system","9":"first","10":"instock","11":"taxable","12":"shipping-taxable","13":"purchasable","14":"product-type-variable"},"bundle_layout":"","bundle_add_to_cart_form_location":"","bundle_editable_in_cart":false,"bundle_sold_individually_context":"","bundle_item_grouping":"","bundle_min_size":"","bundle_max_size":"","bundled_by":[],"bundled_items":[],"_links":{"self":[{"href":"https:\/\/vn.hettichshop.com\/vi\/wp-json\/wp\/v2\/product\/14796","targetHints":{"allow":["GET"]}}],"collection":[{"href":"https:\/\/vn.hettichshop.com\/vi\/wp-json\/wp\/v2\/product"}],"about":[{"href":"https:\/\/vn.hettichshop.com\/vi\/wp-json\/wp\/v2\/types\/product"}],"version-history":[{"count":2,"href":"https:\/\/vn.hettichshop.com\/vi\/wp-json\/wp\/v2\/product\/14796\/revisions"}],"predecessor-version":[{"id":14861,"href":"https:\/\/vn.hettichshop.com\/vi\/wp-json\/wp\/v2\/product\/14796\/revisions\/14861"}],"wp:featuredmedia":[{"embeddable":true,"href":"https:\/\/vn.hettichshop.com\/vi\/wp-json\/wp\/v2\/media\/14786"}],"wp:attachment":[{"href":"https:\/\/vn.hettichshop.com\/vi\/wp-json\/wp\/v2\/media?parent=14796"}],"wp:term":[{"taxonomy":"product_cat","embeddable":true,"href":"https:\/\/vn.hettichshop.com\/vi\/wp-json\/wp\/v2\/product_cat?post=14796"},{"taxonomy":"product_tag","embeddable":true,"href":"https:\/\/vn.hettichshop.com\/vi\/wp-json\/wp\/v2\/product_tag?post=14796"}],"curies":[{"name":"wp","href":"https:\/\/api.w.org\/{rel}","templated":true}]}}