{"id":14729,"date":"2025-04-17T11:50:19","date_gmt":"2025-04-17T03:50:19","guid":{"rendered":"https:\/\/vn.hettichshop.com\/?post_type=product&#038;p=14729"},"modified":"2025-10-28T20:12:05","modified_gmt":"2025-10-28T12:12:05","slug":"nem-nhan-mo-lap-chim","status":"publish","type":"product","link":"https:\/\/vn.hettichshop.com\/vi\/san-pham\/nem-nhan-mo-lap-chim\/","title":{"rendered":"N\u00eam nh\u1ea5n m\u1edf &#8211; L\u1eafp ch\u00ecm"},"content":{"rendered":"<ul>\n<li><span style=\"font-family: arial, helvetica, sans-serif;\">D\u00f9ng cho b\u1ea3n l\u1ec1 kh\u00f4ng c\u00f3 t\u00ednh n\u0103ng t\u1ef1 \u0111\u00f3ng<\/span><\/li>\n<li><span style=\"font-family: arial, helvetica, sans-serif;\">\u0110\u1ed1i v\u1edbi c\u1eeda tr\u00f9m ngo\u00e0i<\/span><\/li>\n<li><span style=\"font-family: arial, helvetica, sans-serif;\">Ph\u1ea1m vi \u0111i\u1ec1u ch\u1ec9nh l\u1edbn 6 mm<\/span><\/li>\n<li><span style=\"font-family: arial, helvetica, sans-serif;\">Chuy\u1ec3n \u0111\u1ed9ng m\u1edf 1,4 mm<\/span><\/li>\n<li><span style=\"font-family: arial, helvetica, sans-serif;\">Ch\u1ea5t li\u1ec7u nh\u1ef1a<\/span><\/li>\n<\/ul>","protected":false},"excerpt":{"rendered":"<p><span style=\"font-family: arial, helvetica, sans-serif;\">Bao g\u1ed3m :<\/span><\/p>\n<ul style=\"list-style-type: square;\">\n<li><span style=\"font-family: arial, helvetica, sans-serif;\">1 n\u00eam nh\u1ea5n m\u1edf nam ch\u00e2m<\/span><\/li>\n<li><span style=\"font-family: arial, helvetica, sans-serif;\">1 t\u1ea5m \u0111\u1ebf d\u00e1n \/ v\u1eb7n v\u00edt<\/span><\/li>\n<\/ul>","protected":false},"featured_media":14734,"template":"","meta":{"_links_to":"","_links_to_target":""},"product_cat":[74,146],"product_tag":[],"class_list":{"0":"post-14729","1":"product","2":"type-product","3":"status-publish","4":"has-post-thumbnail","6":"product_cat-hinges","7":"product_cat-hinges-accessories","9":"first","10":"instock","11":"taxable","12":"shipping-taxable","13":"purchasable","14":"product-type-variable"},"bundle_layout":"","bundle_add_to_cart_form_location":"","bundle_editable_in_cart":false,"bundle_sold_individually_context":"","bundle_item_grouping":"","bundle_min_size":"","bundle_max_size":"","bundled_by":[],"bundled_items":[],"_links":{"self":[{"href":"https:\/\/vn.hettichshop.com\/vi\/wp-json\/wp\/v2\/product\/14729","targetHints":{"allow":["GET"]}}],"collection":[{"href":"https:\/\/vn.hettichshop.com\/vi\/wp-json\/wp\/v2\/product"}],"about":[{"href":"https:\/\/vn.hettichshop.com\/vi\/wp-json\/wp\/v2\/types\/product"}],"version-history":[{"count":3,"href":"https:\/\/vn.hettichshop.com\/vi\/wp-json\/wp\/v2\/product\/14729\/revisions"}],"predecessor-version":[{"id":15051,"href":"https:\/\/vn.hettichshop.com\/vi\/wp-json\/wp\/v2\/product\/14729\/revisions\/15051"}],"wp:featuredmedia":[{"embeddable":true,"href":"https:\/\/vn.hettichshop.com\/vi\/wp-json\/wp\/v2\/media\/14734"}],"wp:attachment":[{"href":"https:\/\/vn.hettichshop.com\/vi\/wp-json\/wp\/v2\/media?parent=14729"}],"wp:term":[{"taxonomy":"product_cat","embeddable":true,"href":"https:\/\/vn.hettichshop.com\/vi\/wp-json\/wp\/v2\/product_cat?post=14729"},{"taxonomy":"product_tag","embeddable":true,"href":"https:\/\/vn.hettichshop.com\/vi\/wp-json\/wp\/v2\/product_tag?post=14729"}],"curies":[{"name":"wp","href":"https:\/\/api.w.org\/{rel}","templated":true}]}}