{"id":14720,"date":"2025-04-16T18:17:19","date_gmt":"2025-04-16T10:17:19","guid":{"rendered":"https:\/\/vn.hettichshop.com\/?post_type=product&#038;p=14720"},"modified":"2025-10-28T20:04:17","modified_gmt":"2025-10-28T12:04:17","slug":"nem-nhan-mo-lap-noi-copy","status":"publish","type":"product","link":"https:\/\/vn.hettichshop.com\/vi\/san-pham\/nem-nhan-mo-lap-noi-copy\/","title":{"rendered":"N\u00eam nh\u1ea5n m\u1edf &#8211; L\u1eafp n\u1ed5i &#8211; D\u00f9ng cho b\u1ea3n l\u1ec1 kh\u00f4ng t\u1ef1 \u0111\u00f3ng"},"content":{"rendered":"<ul>\n<li><span style=\"font-family: arial, helvetica, sans-serif;\">D\u00f9ng cho b\u1ea3n l\u1ec1 kh\u00f4ng c\u00f3 t\u00ednh n\u0103ng t\u1ef1 \u0111\u00f3ng<\/span><\/li>\n<li><span style=\"font-family: arial, helvetica, sans-serif;\">Ph\u00f9 h\u1ee3p cho c\u00e1nh tr\u00f9m ngo\u00e0i, tr\u00f9m n\u1eeda v\u00e0 l\u1ecdt l\u00f2ng<\/span><\/li>\n<li><span style=\"font-family: arial, helvetica, sans-serif;\">Ph\u1ea1m vi \u0111i\u1ec1u ch\u1ec9nh 6 mm<\/span><\/li>\n<li><span style=\"font-family: arial, helvetica, sans-serif;\">Chuy\u1ec3n \u0111\u1ed9ng m\u1edf 1,4 mm<\/span><\/li>\n<li><span style=\"font-family: arial, helvetica, sans-serif;\">Ch\u1ea5t li\u1ec7u: nh\u1ef1a<\/span><\/li>\n<\/ul>","protected":false},"excerpt":{"rendered":"<p><span style=\"font-family: arial, helvetica, sans-serif;\">Bao g\u1ed3m :<\/span><\/p>\n<ul style=\"list-style-type: square;\">\n<li><span style=\"font-family: arial, helvetica, sans-serif;\">1 n\u00eam nh\u1ea5n m\u1edf nam ch\u00e2m<\/span><\/li>\n<li><span style=\"font-family: arial, helvetica, sans-serif;\">1 b\u1ed9 \u0111\u1ea7u n\u1ed1i tr\u00ean\u00a0<\/span><\/li>\n<li><span style=\"font-family: arial, helvetica, sans-serif;\">1 b\u1ed9 \u0111\u1ea7u n\u1ed1i d\u01b0\u1edbi<\/span><\/li>\n<li><span style=\"font-family: arial, helvetica, sans-serif;\">1 t\u1ea5m \u0111\u1ebf \u0111\u1ec3 d\u00e1n \/ v\u1eb7n v\u00edt<\/span><\/li>\n<\/ul>","protected":false},"featured_media":14724,"template":"","meta":{"_links_to":"","_links_to_target":""},"product_cat":[74,146],"product_tag":[],"class_list":{"0":"post-14720","1":"product","2":"type-product","3":"status-publish","4":"has-post-thumbnail","6":"product_cat-hinges","7":"product_cat-hinges-accessories","9":"first","10":"instock","11":"taxable","12":"shipping-taxable","13":"purchasable","14":"product-type-variable"},"bundle_layout":"","bundle_add_to_cart_form_location":"","bundle_editable_in_cart":false,"bundle_sold_individually_context":"","bundle_item_grouping":"","bundle_min_size":"","bundle_max_size":"","bundled_by":[],"bundled_items":[],"_links":{"self":[{"href":"https:\/\/vn.hettichshop.com\/vi\/wp-json\/wp\/v2\/product\/14720","targetHints":{"allow":["GET"]}}],"collection":[{"href":"https:\/\/vn.hettichshop.com\/vi\/wp-json\/wp\/v2\/product"}],"about":[{"href":"https:\/\/vn.hettichshop.com\/vi\/wp-json\/wp\/v2\/types\/product"}],"version-history":[{"count":5,"href":"https:\/\/vn.hettichshop.com\/vi\/wp-json\/wp\/v2\/product\/14720\/revisions"}],"predecessor-version":[{"id":15046,"href":"https:\/\/vn.hettichshop.com\/vi\/wp-json\/wp\/v2\/product\/14720\/revisions\/15046"}],"wp:featuredmedia":[{"embeddable":true,"href":"https:\/\/vn.hettichshop.com\/vi\/wp-json\/wp\/v2\/media\/14724"}],"wp:attachment":[{"href":"https:\/\/vn.hettichshop.com\/vi\/wp-json\/wp\/v2\/media?parent=14720"}],"wp:term":[{"taxonomy":"product_cat","embeddable":true,"href":"https:\/\/vn.hettichshop.com\/vi\/wp-json\/wp\/v2\/product_cat?post=14720"},{"taxonomy":"product_tag","embeddable":true,"href":"https:\/\/vn.hettichshop.com\/vi\/wp-json\/wp\/v2\/product_tag?post=14720"}],"curies":[{"name":"wp","href":"https:\/\/api.w.org\/{rel}","templated":true}]}}