{"id":14670,"date":"2025-04-16T12:33:51","date_gmt":"2025-04-16T04:33:51","guid":{"rendered":"https:\/\/vn.hettichshop.com\/?post_type=product&#038;p=14670"},"modified":"2025-04-18T14:56:31","modified_gmt":"2025-04-18T06:56:31","slug":"hop-orgastore-630","status":"publish","type":"product","link":"https:\/\/vn.hettichshop.com\/vi\/san-pham\/hop-orgastore-630\/","title":{"rendered":"H\u1ed9p OrgaStore 630"},"content":{"rendered":"","protected":false},"excerpt":{"rendered":"<ul>\n<li style=\"list-style-type: none;\">\n<ul style=\"list-style-type: square;\">\n<li><span style=\"font-family: arial, helvetica, sans-serif;\">Khay \u0111\u1ef1ng dao k\u00e9o v\u00e0 \u0111\u1ed3 d\u00f9ng<\/span><\/li>\n<li><span style=\"font-family: arial, helvetica, sans-serif;\">Chi\u1ec1u r\u1ed9ng 270 mm, chi\u1ec1u cao 43 mm<\/span><\/li>\n<li><span style=\"font-family: arial, helvetica, sans-serif;\">Ph\u00f9 h\u1ee3p v\u1edbi th\u00e2n t\u1ee7 c\u00f3 chi\u1ec1u r\u1ed9ng t\u1eeb 400 mm tr\u1edf l\u00ean<\/span><\/li>\n<li><span style=\"font-family: arial, helvetica, sans-serif;\">C\u00f3 th\u1ec3 k\u1ebft h\u1ee3p v\u1edbi OrgaTray 270<\/span><\/li>\n<li><span style=\"font-family: arial, helvetica, sans-serif;\">N\u00ean l\u1eafp th\u1ea3m ch\u1ed1ng tr\u01b0\u1ee3t<\/span><\/li>\n<li><span style=\"font-family: arial, helvetica, sans-serif;\">Th\u00e9p, s\u01a1n t\u0129nh \u0111i\u1ec7n<\/span><\/li>\n<\/ul>\n<\/li>\n<\/ul>","protected":false},"featured_media":14674,"template":"","meta":{"_links_to":"","_links_to_target":""},"product_cat":[20,170],"product_tag":[],"class_list":{"0":"post-14670","1":"product","2":"type-product","3":"status-publish","4":"has-post-thumbnail","6":"product_cat-phu-kien","7":"product_cat-phu-kien-nha-bep","9":"first","10":"instock","11":"taxable","12":"shipping-taxable","13":"purchasable","14":"product-type-variable"},"bundle_layout":"","bundle_add_to_cart_form_location":"","bundle_editable_in_cart":false,"bundle_sold_individually_context":"","bundle_item_grouping":"","bundle_min_size":"","bundle_max_size":"","bundled_by":[],"bundled_items":[],"_links":{"self":[{"href":"https:\/\/vn.hettichshop.com\/vi\/wp-json\/wp\/v2\/product\/14670","targetHints":{"allow":["GET"]}}],"collection":[{"href":"https:\/\/vn.hettichshop.com\/vi\/wp-json\/wp\/v2\/product"}],"about":[{"href":"https:\/\/vn.hettichshop.com\/vi\/wp-json\/wp\/v2\/types\/product"}],"version-history":[{"count":1,"href":"https:\/\/vn.hettichshop.com\/vi\/wp-json\/wp\/v2\/product\/14670\/revisions"}],"predecessor-version":[{"id":14677,"href":"https:\/\/vn.hettichshop.com\/vi\/wp-json\/wp\/v2\/product\/14670\/revisions\/14677"}],"wp:featuredmedia":[{"embeddable":true,"href":"https:\/\/vn.hettichshop.com\/vi\/wp-json\/wp\/v2\/media\/14674"}],"wp:attachment":[{"href":"https:\/\/vn.hettichshop.com\/vi\/wp-json\/wp\/v2\/media?parent=14670"}],"wp:term":[{"taxonomy":"product_cat","embeddable":true,"href":"https:\/\/vn.hettichshop.com\/vi\/wp-json\/wp\/v2\/product_cat?post=14670"},{"taxonomy":"product_tag","embeddable":true,"href":"https:\/\/vn.hettichshop.com\/vi\/wp-json\/wp\/v2\/product_tag?post=14670"}],"curies":[{"name":"wp","href":"https:\/\/api.w.org\/{rel}","templated":true}]}}