{"id":14048,"date":"2025-03-31T12:04:28","date_gmt":"2025-03-31T04:04:28","guid":{"rendered":"https:\/\/vn.hettichshop.com\/?post_type=product&#038;p=14048"},"modified":"2025-04-16T16:44:24","modified_gmt":"2025-04-16T08:44:24","slug":"de-ban-le-co-vit-dieu-chinh","status":"publish","type":"product","link":"https:\/\/vn.hettichshop.com\/vi\/san-pham\/de-ban-le-co-vit-dieu-chinh\/","title":{"rendered":"\u0110\u1ebf b\u1ea3n l\u1ec1 c\u00f3 v\u00edt \u0111i\u1ec1u ch\u1ec9nh"},"content":{"rendered":"","protected":false},"excerpt":{"rendered":"<ul style=\"list-style-type: square;\">\n<li><span style=\"color: #808080;\"><span style=\"font-family: arial, helvetica, sans-serif;\">\u0110\u1ebf b\u1ea3n l\u1ec1 c\u00f3 v\u00edt \u0111i\u1ec1u ch\u1ec9nh<\/span><\/span><\/li>\n<li><span style=\"font-family: arial, helvetica, sans-serif;\">D\u00e0nh cho b\u1ea3n l\u1ec1 Sensys<\/span><\/li>\n<li><span style=\"font-family: arial, helvetica, sans-serif;\">Ph\u00e2n lo\u1ea1i ch\u1ea5t l\u01b0\u1ee3ng theo EN 15570, Level 3<\/span><\/li>\n<li><span style=\"font-family: arial, helvetica, sans-serif;\">K\u00edch th\u01b0\u1edbc khoan b\u1eaft v\u00edt 37 x 32 mm<\/span><\/li>\n<li><span style=\"font-family: arial, helvetica, sans-serif; color: #808080;\">\u0110i\u1ec1u ch\u1ec9nh chi\u1ec1u cao + 2 mm \/ &#8211; 2 mm<br \/>\n<\/span><\/li>\n<li><span style=\"font-family: arial, helvetica, sans-serif;\">Quy c\u00e1ch \u0111\u00f3ng g\u00f3i: 200<\/span><\/li>\n<\/ul>","protected":false},"featured_media":14054,"template":"","meta":{"_links_to":"","_links_to_target":""},"product_cat":[166,146],"product_tag":[],"class_list":{"0":"post-14048","1":"product","2":"type-product","3":"status-publish","4":"has-post-thumbnail","6":"product_cat-part","7":"product_cat-hinges-accessories","9":"first","10":"instock","11":"taxable","12":"shipping-taxable","13":"purchasable","14":"product-type-variable"},"bundle_layout":"","bundle_add_to_cart_form_location":"","bundle_editable_in_cart":false,"bundle_sold_individually_context":"","bundle_item_grouping":"","bundle_min_size":"","bundle_max_size":"","bundled_by":[],"bundled_items":[],"_links":{"self":[{"href":"https:\/\/vn.hettichshop.com\/vi\/wp-json\/wp\/v2\/product\/14048","targetHints":{"allow":["GET"]}}],"collection":[{"href":"https:\/\/vn.hettichshop.com\/vi\/wp-json\/wp\/v2\/product"}],"about":[{"href":"https:\/\/vn.hettichshop.com\/vi\/wp-json\/wp\/v2\/types\/product"}],"version-history":[{"count":2,"href":"https:\/\/vn.hettichshop.com\/vi\/wp-json\/wp\/v2\/product\/14048\/revisions"}],"predecessor-version":[{"id":14063,"href":"https:\/\/vn.hettichshop.com\/vi\/wp-json\/wp\/v2\/product\/14048\/revisions\/14063"}],"wp:featuredmedia":[{"embeddable":true,"href":"https:\/\/vn.hettichshop.com\/vi\/wp-json\/wp\/v2\/media\/14054"}],"wp:attachment":[{"href":"https:\/\/vn.hettichshop.com\/vi\/wp-json\/wp\/v2\/media?parent=14048"}],"wp:term":[{"taxonomy":"product_cat","embeddable":true,"href":"https:\/\/vn.hettichshop.com\/vi\/wp-json\/wp\/v2\/product_cat?post=14048"},{"taxonomy":"product_tag","embeddable":true,"href":"https:\/\/vn.hettichshop.com\/vi\/wp-json\/wp\/v2\/product_tag?post=14048"}],"curies":[{"name":"wp","href":"https:\/\/api.w.org\/{rel}","templated":true}]}}