{"id":13421,"date":"2025-03-17T12:01:18","date_gmt":"2025-03-17T04:01:18","guid":{"rendered":"https:\/\/vn.hettichshop.com\/?post_type=product&#038;p=13421"},"modified":"2025-04-28T15:38:40","modified_gmt":"2025-04-28T07:38:40","slug":"sensys-8646ibo-ban-le-canh-mong-110","status":"publish","type":"product","link":"https:\/\/vn.hettichshop.com\/vi\/san-pham\/sensys-8646ibo-ban-le-canh-mong-110\/","title":{"rendered":"Sensys 8646i<br>B\u1ed9 b\u1ea3n l\u1ec1 c\u00e1nh m\u1ecfng 110\u00b0"},"content":{"rendered":"","protected":false},"excerpt":{"rendered":"<ul style=\"list-style-type: square;\">\n<li><span style=\"font-family: arial, helvetica, sans-serif;\">B\u1ea3n l\u1ec1 Sensys 110\u00b0<\/span><\/li>\n<li><span style=\"font-family: arial, helvetica, sans-serif;\">T\u00edch h\u1ee3p gi\u1ea3m ch\u1ea5n v\u00e0 t\u00ednh n\u0103ng t\u1ef1 \u0111\u00f3ng (Sensys 8646i)<\/span><\/li>\n<li><span style=\"font-family: arial, helvetica, sans-serif;\">T\u1ea3i tr\u1ecdng theo ch\u1ea5t l\u01b0\u1ee3ng EN 15570, Level 3<\/span><\/li>\n<li><span style=\"font-family: arial, helvetica, sans-serif;\">\u0110\u1ed9 d\u00e0y c\u00e1nh 10 &#8211; 19 mm<\/span><\/li>\n<li><span style=\"font-family: arial, helvetica, sans-serif;\">K\u00edch th\u01b0\u1edbc khoan &#8211; TH 52 x 5.5 mm<\/span><\/li>\n<li><span style=\"font-family: arial, helvetica, sans-serif;\">L\u1eafp \u0111\u1eb7t b\u1eb1ng c\u00e1ch b\u1eaft v\u00edt (TH 52)<\/span><\/li>\n<li><span style=\"font-family: arial, helvetica, sans-serif;\">\u0110i\u1ec1u ch\u1ec9nh \u0111\u1ed9 tr\u00f9m +2 mm \/ -2 mm<\/span><\/li>\n<li><span style=\"font-family: arial, helvetica, sans-serif;\">\u0110i\u1ec1u ch\u1ec9nh \u0111\u1ed9 s\u00e2u +3 mm \/ -2 mm<\/span><\/li>\n<li><span style=\"font-family: arial, helvetica, sans-serif;\">\u0110i\u1ec1u ch\u1ec9nh chi\u1ec1u cao tr\u00ean \u0111\u1ebf\u00a0<\/span><\/li>\n<li><span style=\"font-family: arial, helvetica, sans-serif;\">Quy c\u00e1ch \u0111\u00f3ng g\u00f3i: 50<\/span><\/li>\n<\/ul>","protected":false},"featured_media":13453,"template":"","meta":{"_links_to":"","_links_to_target":""},"product_cat":[74,114,110],"product_tag":[],"class_list":{"0":"post-13421","1":"product","2":"type-product","3":"status-publish","4":"has-post-thumbnail","6":"product_cat-hinges","7":"product_cat-sensys","8":"product_cat-hinge-with-silent-system","10":"first","11":"instock","12":"taxable","13":"shipping-taxable","14":"purchasable","15":"product-type-variable","16":"has-default-attributes"},"bundle_layout":"","bundle_add_to_cart_form_location":"","bundle_editable_in_cart":false,"bundle_sold_individually_context":"","bundle_item_grouping":"","bundle_min_size":"","bundle_max_size":"","bundled_by":[],"bundled_items":[],"_links":{"self":[{"href":"https:\/\/vn.hettichshop.com\/vi\/wp-json\/wp\/v2\/product\/13421","targetHints":{"allow":["GET"]}}],"collection":[{"href":"https:\/\/vn.hettichshop.com\/vi\/wp-json\/wp\/v2\/product"}],"about":[{"href":"https:\/\/vn.hettichshop.com\/vi\/wp-json\/wp\/v2\/types\/product"}],"version-history":[{"count":5,"href":"https:\/\/vn.hettichshop.com\/vi\/wp-json\/wp\/v2\/product\/13421\/revisions"}],"predecessor-version":[{"id":13580,"href":"https:\/\/vn.hettichshop.com\/vi\/wp-json\/wp\/v2\/product\/13421\/revisions\/13580"}],"wp:featuredmedia":[{"embeddable":true,"href":"https:\/\/vn.hettichshop.com\/vi\/wp-json\/wp\/v2\/media\/13453"}],"wp:attachment":[{"href":"https:\/\/vn.hettichshop.com\/vi\/wp-json\/wp\/v2\/media?parent=13421"}],"wp:term":[{"taxonomy":"product_cat","embeddable":true,"href":"https:\/\/vn.hettichshop.com\/vi\/wp-json\/wp\/v2\/product_cat?post=13421"},{"taxonomy":"product_tag","embeddable":true,"href":"https:\/\/vn.hettichshop.com\/vi\/wp-json\/wp\/v2\/product_tag?post=13421"}],"curies":[{"name":"wp","href":"https:\/\/api.w.org\/{rel}","templated":true}]}}