{"id":13361,"date":"2025-03-05T17:19:52","date_gmt":"2025-03-05T09:19:52","guid":{"rendered":"https:\/\/vn.hettichshop.com\/?post_type=product&#038;p=13361"},"modified":"2025-10-31T12:31:55","modified_gmt":"2025-10-31T04:31:55","slug":"bo-ray-truot-am-quadro-25-mo-3-4-nhan-mo-bao-gom-khoa","status":"publish","type":"product","link":"https:\/\/vn.hettichshop.com\/vi\/san-pham\/bo-ray-truot-am-quadro-25-mo-3-4-nhan-mo-bao-gom-khoa\/","title":{"rendered":"B\u1ed9 ray Quadro 25 m\u1edf 3\/4<br>nh\u1ea5n m\u1edf"},"content":{"rendered":"<table class=\"table\" style=\"width: 81.3734%; height: 192px;\">\n<tbody>\n<tr style=\"height: 24px;\">\n<td class=\"attrib\" style=\"width: 48.6154%; height: 24px;\"><span style=\"font-family: arial, helvetica, sans-serif;\">Chi\u1ec1u r\u1ed9ng l\u1eafp \u0111\u1eb7t \/ \u0110\u1ed9 d\u00e0y th\u00e0nh t\u1ee7<\/span><\/td>\n<td style=\"width: 50.3077%; height: 24px;\"><span style=\"font-family: arial, helvetica, sans-serif;\">EB 23 (\u0111\u1ed9 d\u00e0y th\u00e0nh ng\u0103n k\u00e9o \u2264 19 mm)<\/span><\/td>\n<\/tr>\n<tr style=\"height: 24px;\">\n<td class=\"attrib\" style=\"width: 48.6154%; height: 24px;\"><span style=\"font-family: arial, helvetica, sans-serif;\">M\u1eb7t l\u1eafp \u0111\u1eb7t<\/span><\/td>\n<td style=\"width: 50.3077%; height: 24px;\"><span style=\"font-family: arial, helvetica, sans-serif;\">Tr\u00e1i v\u00e0 ph\u1ea3i<\/span><\/td>\n<\/tr>\n<tr style=\"height: 24px;\">\n<td class=\"attrib\" style=\"width: 48.6154%; height: 24px;\"><span style=\"font-family: arial, helvetica, sans-serif;\">T\u1ea3i tr\u1ecdng<\/span><\/td>\n<td style=\"width: 50.3077%; height: 24px;\"><span style=\"font-family: arial, helvetica, sans-serif;\">25 kg<\/span><\/td>\n<\/tr>\n<tr style=\"height: 24px;\">\n<td class=\"attrib\" style=\"width: 48.6154%; height: 24px;\"><span style=\"font-family: arial, helvetica, sans-serif;\">Ph\u00e2n lo\u1ea1i\u00a0<\/span><\/td>\n<td style=\"width: 50.3077%; height: 24px;\"><span style=\"font-family: arial, helvetica, sans-serif;\">Ray tr\u01b0\u1ee3t \u00e2m<\/span><\/td>\n<\/tr>\n<tr style=\"height: 24px;\">\n<td class=\"attrib\" style=\"width: 48.6154%; height: 24px;\"><span style=\"font-family: arial, helvetica, sans-serif;\">M\u00f4 t\u1ea3 s\u1ea3n ph\u1ea9m\u00a0<\/span><\/td>\n<td style=\"width: 50.3077%; height: 24px;\"><span style=\"font-family: arial, helvetica, sans-serif;\">Ray m\u1edf 3\/4<\/span><\/td>\n<\/tr>\n<tr style=\"height: 24px;\">\n<td class=\"attrib\" style=\"width: 48.6154%; height: 24px;\"><span style=\"font-family: arial, helvetica, sans-serif;\">T\u00ednh n\u0103ng<\/span><\/td>\n<td style=\"width: 50.3077%; height: 24px;\"><span style=\"font-family: arial, helvetica, sans-serif;\">H\u1ec7 th\u1ed1ng nh\u1ea5n m\u1edf<\/span><\/td>\n<\/tr>\n<tr style=\"height: 24px;\">\n<td class=\"attrib\" style=\"width: 48.6154%; height: 24px;\"><span style=\"font-family: arial, helvetica, sans-serif;\">Ph\u1ee5 ki\u1ec7n <\/span><\/td>\n<td style=\"width: 50.3077%; height: 24px;\"><span style=\"font-family: arial, helvetica, sans-serif;\">Ray tr\u01b0\u1ee3t ng\u0103n k\u00e9o<\/span><\/td>\n<\/tr>\n<tr style=\"height: 24px;\">\n<td class=\"attrib\" style=\"width: 48.6154%; height: 24px;\"><span style=\"font-family: arial, helvetica, sans-serif;\">Ch\u1ea5t li\u1ec7u<\/span><\/td>\n<td style=\"width: 50.3077%; height: 24px;\"><span style=\"font-family: arial, helvetica, sans-serif;\">Th\u00e9p\u00a0<\/span><\/td>\n<\/tr>\n<\/tbody>\n<\/table>","protected":false},"excerpt":{"rendered":"<ul style=\"list-style-type: square;\">\n<li><span style=\"font-family: arial, helvetica, sans-serif;\">Ray m\u1edf 3\/4<\/span><\/li>\n<li><span style=\"font-family: arial, helvetica, sans-serif;\">D\u1ec5 d\u00e0ng l\u1eafp \u0111\u1eb7t\u00a0<\/span><\/li>\n<li><span style=\"font-family: arial, helvetica, sans-serif;\">T\u1ea3i tr\u1ecdng theo ti\u00eau chu\u1ea9n EN 15338, Level 3<\/span><\/li>\n<li><span style=\"font-family: arial, helvetica, sans-serif;\">Th\u00e9p m\u1ea1 k\u1ebdm<\/span><\/li>\n<\/ul>","protected":false},"featured_media":15275,"template":"","meta":{"_links_to":"","_links_to_target":""},"product_cat":[73,148],"product_tag":[],"class_list":{"0":"post-13361","1":"product","2":"type-product","3":"status-publish","4":"has-post-thumbnail","6":"product_cat-runner-systems","7":"product_cat-quadro-25","8":"pa_runners-length-300mm","9":"pa_runners-length-350mm","10":"pa_runners-length-400mm","11":"pa_runners-length-450mm","12":"pa_runners-length-500mm","14":"first","15":"instock","16":"taxable","17":"shipping-taxable","18":"purchasable","19":"product-type-variable","20":"has-default-attributes"},"bundle_layout":"","bundle_add_to_cart_form_location":"","bundle_editable_in_cart":false,"bundle_sold_individually_context":"","bundle_item_grouping":"","bundle_min_size":"","bundle_max_size":"","bundled_by":[],"bundled_items":[],"_links":{"self":[{"href":"https:\/\/vn.hettichshop.com\/vi\/wp-json\/wp\/v2\/product\/13361","targetHints":{"allow":["GET"]}}],"collection":[{"href":"https:\/\/vn.hettichshop.com\/vi\/wp-json\/wp\/v2\/product"}],"about":[{"href":"https:\/\/vn.hettichshop.com\/vi\/wp-json\/wp\/v2\/types\/product"}],"version-history":[{"count":4,"href":"https:\/\/vn.hettichshop.com\/vi\/wp-json\/wp\/v2\/product\/13361\/revisions"}],"predecessor-version":[{"id":15319,"href":"https:\/\/vn.hettichshop.com\/vi\/wp-json\/wp\/v2\/product\/13361\/revisions\/15319"}],"wp:featuredmedia":[{"embeddable":true,"href":"https:\/\/vn.hettichshop.com\/vi\/wp-json\/wp\/v2\/media\/15275"}],"wp:attachment":[{"href":"https:\/\/vn.hettichshop.com\/vi\/wp-json\/wp\/v2\/media?parent=13361"}],"wp:term":[{"taxonomy":"product_cat","embeddable":true,"href":"https:\/\/vn.hettichshop.com\/vi\/wp-json\/wp\/v2\/product_cat?post=13361"},{"taxonomy":"product_tag","embeddable":true,"href":"https:\/\/vn.hettichshop.com\/vi\/wp-json\/wp\/v2\/product_tag?post=13361"}],"curies":[{"name":"wp","href":"https:\/\/api.w.org\/{rel}","templated":true}]}}