{"id":12711,"date":"2025-01-16T15:34:52","date_gmt":"2025-01-16T07:34:52","guid":{"rendered":"https:\/\/vn.hettichshop.com\/?post_type=product&#038;p=12711"},"modified":"2025-04-28T15:32:39","modified_gmt":"2025-04-28T07:32:39","slug":"sensys-8661-bo-ban-le-canh-day-95","status":"publish","type":"product","link":"https:\/\/vn.hettichshop.com\/vi\/san-pham\/sensys-8661-bo-ban-le-canh-day-95\/","title":{"rendered":"Sensys 8661<br>B\u1ed9 b\u1ea3n l\u1ec1 c\u00e1nh d\u00e0y 95\u00b0"},"content":{"rendered":"","protected":false},"excerpt":{"rendered":"<ul style=\"list-style-type: square;\">\n<li><span style=\"font-family: arial, helvetica, sans-serif;\">B\u1ea3n l\u1ec1 Sensys 95\u00b0<\/span><\/li>\n<li><span style=\"font-family: arial, helvetica, sans-serif;\">Kh\u00f4ng t\u00edch h\u1ee3p gi\u1ea3m ch\u1ea5n v\u00e0 t\u00ednh n\u0103ng t\u1ef1 \u0111\u00f3ng (Sensys 8661)<\/span><\/li>\n<li><span style=\"font-family: arial, helvetica, sans-serif;\">T\u1ea3i tr\u1ecdng theo ch\u1ea5t l\u01b0\u1ee3ng EN 15570, Level 3<\/span><\/li>\n<li><span style=\"font-family: arial, helvetica, sans-serif;\">\u0110\u1ed9 d\u00e0y c\u00e1nh 15 &#8211; 24 mm<\/span><\/li>\n<li><span style=\"font-family: arial, helvetica, sans-serif;\">K\u00edch th\u01b0\u1edbc khoan &#8211; TH 52 x 5.5 mm<\/span><\/li>\n<li><span style=\"font-family: arial, helvetica, sans-serif;\">L\u1eafp \u0111\u1eb7t b\u1eb1ng c\u00e1ch b\u1eaft v\u00edt (TH 52)<\/span><\/li>\n<li><span style=\"font-family: arial, helvetica, sans-serif;\">\u0110i\u1ec1u ch\u1ec9nh \u0111\u1ed9 tr\u00f9m +2 mm \/ -2 mm<\/span><\/li>\n<li><span style=\"font-family: arial, helvetica, sans-serif;\">\u0110i\u1ec1u ch\u1ec9nh \u0111\u1ed9 s\u00e2u +3 mm \/ -2 mm<\/span><\/li>\n<li><span style=\"font-family: arial, helvetica, sans-serif;\">\u0110i\u1ec1u ch\u1ec9nh chi\u1ec1u cao tr\u00ean \u0111\u1ebf\u00a0<\/span><\/li>\n<li><span style=\"font-family: arial, helvetica, sans-serif;\">Quy c\u00e1ch \u0111\u00f3ng g\u00f3i: 50<\/span><\/li>\n<\/ul>","protected":false},"featured_media":10476,"template":"","meta":{"_links_to":"","_links_to_target":""},"product_cat":[74,111],"product_tag":[],"class_list":{"0":"post-12711","1":"product","2":"type-product","3":"status-publish","4":"has-post-thumbnail","6":"product_cat-hinges","7":"product_cat-hinge-without-silent-system","9":"first","10":"instock","11":"taxable","12":"shipping-taxable","13":"purchasable","14":"product-type-variable","15":"has-default-attributes"},"bundle_layout":"","bundle_add_to_cart_form_location":"","bundle_editable_in_cart":false,"bundle_sold_individually_context":"","bundle_item_grouping":"","bundle_min_size":"","bundle_max_size":"","bundled_by":[],"bundled_items":[],"_links":{"self":[{"href":"https:\/\/vn.hettichshop.com\/vi\/wp-json\/wp\/v2\/product\/12711","targetHints":{"allow":["GET"]}}],"collection":[{"href":"https:\/\/vn.hettichshop.com\/vi\/wp-json\/wp\/v2\/product"}],"about":[{"href":"https:\/\/vn.hettichshop.com\/vi\/wp-json\/wp\/v2\/types\/product"}],"version-history":[{"count":6,"href":"https:\/\/vn.hettichshop.com\/vi\/wp-json\/wp\/v2\/product\/12711\/revisions"}],"predecessor-version":[{"id":12765,"href":"https:\/\/vn.hettichshop.com\/vi\/wp-json\/wp\/v2\/product\/12711\/revisions\/12765"}],"wp:featuredmedia":[{"embeddable":true,"href":"https:\/\/vn.hettichshop.com\/vi\/wp-json\/wp\/v2\/media\/10476"}],"wp:attachment":[{"href":"https:\/\/vn.hettichshop.com\/vi\/wp-json\/wp\/v2\/media?parent=12711"}],"wp:term":[{"taxonomy":"product_cat","embeddable":true,"href":"https:\/\/vn.hettichshop.com\/vi\/wp-json\/wp\/v2\/product_cat?post=12711"},{"taxonomy":"product_tag","embeddable":true,"href":"https:\/\/vn.hettichshop.com\/vi\/wp-json\/wp\/v2\/product_tag?post=12711"}],"curies":[{"name":"wp","href":"https:\/\/api.w.org\/{rel}","templated":true}]}}