{"id":10876,"date":"2024-07-11T17:38:08","date_gmt":"2024-07-11T09:38:08","guid":{"rendered":"https:\/\/vn.hettichshop.com\/?post_type=product&#038;p=10876"},"modified":"2025-04-10T15:30:33","modified_gmt":"2025-04-10T07:30:33","slug":"quadro-v6-you-30kg-silent-system","status":"publish","type":"product","link":"https:\/\/vn.hettichshop.com\/vi\/san-pham\/quadro-v6-you-30kg-silent-system\/","title":{"rendered":"Ray tr\u01b0\u1ee3t Quadro YOU t\u00edch h\u1ee3p gi\u1ea3m ch\u1ea5n"},"content":{"rendered":"<table class=\"table\" style=\"width: 81.1687%; height: 192px;\">\n<tbody>\n<tr style=\"height: 24px;\">\n<td class=\"attrib\" style=\"height: 24px;\"><span style=\"font-family: arial, helvetica, sans-serif;\">T\u1ea3i tr\u1ecdng<\/span><\/td>\n<td style=\"height: 24px;\"><span style=\"font-family: arial, helvetica, sans-serif;\">M (30 kg)<\/span><\/td>\n<\/tr>\n<tr style=\"height: 24px;\">\n<td class=\"attrib\" style=\"height: 24px;\"><span style=\"font-family: arial, helvetica, sans-serif;\">M\u1eb7t l\u1eafp \u0111\u1eb7t<\/span><\/td>\n<td style=\"height: 24px;\"><span style=\"font-family: arial, helvetica, sans-serif;\">Tr\u00e1i v\u00e0 ph\u1ea3i <\/span><\/td>\n<\/tr>\n<tr style=\"height: 48px;\">\n<td class=\"attrib\" style=\"height: 48px;\"><span style=\"font-family: arial, helvetica, sans-serif;\">T\u00ednh n\u0103ng<\/span><\/td>\n<td style=\"height: 48px;\"><span style=\"font-family: arial, helvetica, sans-serif;\">T\u00edch h\u1ee3p h\u1ec7 th\u1ed1ng gi\u1ea3m ch\u1ea5n<\/span><br \/>\n<span style=\"font-family: arial, helvetica, sans-serif; color: #808080;\">K\u1ebft h\u1ee3p h\u1ec7 th\u1ed1ng nh\u1ea5n m\u1edf\u00a0<\/span><\/td>\n<\/tr>\n<tr style=\"height: 24px;\">\n<td class=\"attrib\" style=\"height: 24px;\"><span style=\"color: #808080;\"><span style=\"font-family: arial, helvetica, sans-serif;\">Lo\u1ea1i ray<\/span><\/span><\/td>\n<td style=\"height: 24px;\"><span style=\"font-family: arial, helvetica, sans-serif;\">Ray \u00e2m<\/span><\/td>\n<\/tr>\n<tr style=\"height: 24px;\">\n<td class=\"attrib\" style=\"height: 24px;\"><span style=\"font-family: arial, helvetica, sans-serif;\">M\u00f4 t\u1ea3<\/span><\/td>\n<td style=\"height: 24px;\"><span style=\"font-family: arial, helvetica, sans-serif;\">Ray tr\u01b0\u1ee3t \u00e2m m\u1edf to\u00e0n ph\u1ea7n\u00a0<\/span><\/td>\n<\/tr>\n<tr style=\"height: 24px;\">\n<td class=\"attrib\" style=\"height: 24px;\"><span style=\"font-family: arial, helvetica, sans-serif;\">Chi\u1ec1u r\u1ed9ng l\u1eafp \u0111\u1eb7t\/ \u0110\u1ed9 d\u00e0y th\u00e0nh t\u1ee7\u00a0<\/span><\/td>\n<td style=\"height: 24px;\"><span style=\"font-family: arial, helvetica, sans-serif;\">EB 21 (\u0111\u1ed9 d\u00e0y th\u00e0nh ng\u0103n k\u00e9o \u2264 16mm)<\/span><\/td>\n<\/tr>\n<tr style=\"height: 24px;\">\n<td class=\"attrib\" style=\"height: 24px;\"><span style=\"font-family: arial, helvetica, sans-serif;\">Ph\u1ee5 ki\u1ec7n<\/span><\/td>\n<td style=\"height: 24px;\"><span style=\"font-family: arial, helvetica, sans-serif;\">Ray tr\u01b0\u1ee3t ng\u0103n k\u00e9o\u00a0<\/span><\/td>\n<\/tr>\n<tr>\n<td><span style=\"font-family: arial, helvetica, sans-serif;\">Chi\u1ec1u d\u00e0i ray\u00a0<\/span><\/td>\n<td><span style=\"font-family: arial, helvetica, sans-serif;\">500 mm<\/span><\/td>\n<\/tr>\n<\/tbody>\n<\/table>","protected":false},"excerpt":{"rendered":"<ul style=\"list-style-type: square;\">\n<li><span style=\"font-family: arial, helvetica, sans-serif;\">Ray m\u1edf to\u00e0n ph\u1ea7n, d\u00f9ng cho v\u1edbi h\u1ec7 th\u1ed1ng ray h\u1ed9p AvanTech YOU ho\u1eb7c ng\u0103n k\u00e9o g\u1ed7 c\u00f3 kh\u00f3a\u00a0<\/span><\/li>\n<li><span style=\"font-family: arial, helvetica, sans-serif;\">T\u00edch h\u1ee3p <strong>h\u1ec7 th\u1ed1ng gi\u1ea3m ch\u1ea5n<\/strong><\/span><\/li>\n<li><span style=\"font-family: arial, helvetica, sans-serif;\">\u0110i\u1ec1u ch\u1ec9nh chi\u1ec1u cao linh ho\u1ea1t l\u00ean \u0111\u1ebfn + 3mm<\/span><\/li>\n<li><span style=\"font-family: arial, helvetica, sans-serif;\">T\u00f9y ch\u1ecdn: h\u1ec7 th\u1ed1ng nh\u1ea5n m\u1edf t\u00edch h\u1ee3p gi\u1ea3m ch\u1ea5n\u00a0<\/span><\/li>\n<li><span style=\"font-family: arial, helvetica, sans-serif;\">T\u00f9y ch\u1ecdn: \u0111\u1ed3ng b\u1ed9 \/ \u0111a \u0111\u00f4ng b\u1ed9 cho h\u1ec7 th\u1ed1ng nh\u1ea5n m\u1edf<\/span><\/li>\n<li><span style=\"font-family: arial, helvetica, sans-serif;\">T\u00f9y ch\u1ecdn: kh\u00f3a k\u1ec7 k\u00e9o<\/span><\/li>\n<li><span style=\"font-family: arial, helvetica, sans-serif;\">Ph\u00f9 h\u1ee3p v\u1edbi \u0111\u1ed9 d\u00e0y th\u00e0nh ng\u0103n k\u00e9o l\u00ean \u0111\u1ebfn 16 mm<\/span><\/li>\n<li><span style=\"font-family: arial, helvetica, sans-serif;\">T\u1ea3i tr\u1ecdng theo ti\u00eau chu\u1ea9n EN 15338, Level 3<\/span><\/li>\n<li><span style=\"font-family: arial, helvetica, sans-serif;\">Ch\u1ea5t li\u1ec7u: Th\u00e9p m\u1ea1 k\u1ebdm<\/span><\/li>\n<\/ul>","protected":false},"featured_media":10877,"template":"","meta":{"_links_to":"","_links_to_target":""},"product_cat":[166],"product_tag":[],"class_list":{"0":"post-10876","1":"product","2":"type-product","3":"status-publish","4":"has-post-thumbnail","6":"product_cat-part","8":"first","9":"instock","10":"taxable","11":"shipping-taxable","12":"purchasable","13":"product-type-simple"},"bundle_layout":"","bundle_add_to_cart_form_location":"","bundle_editable_in_cart":false,"bundle_sold_individually_context":"","bundle_item_grouping":"","bundle_min_size":"","bundle_max_size":"","bundled_by":[],"bundled_items":[],"_links":{"self":[{"href":"https:\/\/vn.hettichshop.com\/vi\/wp-json\/wp\/v2\/product\/10876","targetHints":{"allow":["GET"]}}],"collection":[{"href":"https:\/\/vn.hettichshop.com\/vi\/wp-json\/wp\/v2\/product"}],"about":[{"href":"https:\/\/vn.hettichshop.com\/vi\/wp-json\/wp\/v2\/types\/product"}],"version-history":[{"count":19,"href":"https:\/\/vn.hettichshop.com\/vi\/wp-json\/wp\/v2\/product\/10876\/revisions"}],"predecessor-version":[{"id":14557,"href":"https:\/\/vn.hettichshop.com\/vi\/wp-json\/wp\/v2\/product\/10876\/revisions\/14557"}],"wp:featuredmedia":[{"embeddable":true,"href":"https:\/\/vn.hettichshop.com\/vi\/wp-json\/wp\/v2\/media\/10877"}],"wp:attachment":[{"href":"https:\/\/vn.hettichshop.com\/vi\/wp-json\/wp\/v2\/media?parent=10876"}],"wp:term":[{"taxonomy":"product_cat","embeddable":true,"href":"https:\/\/vn.hettichshop.com\/vi\/wp-json\/wp\/v2\/product_cat?post=10876"},{"taxonomy":"product_tag","embeddable":true,"href":"https:\/\/vn.hettichshop.com\/vi\/wp-json\/wp\/v2\/product_tag?post=10876"}],"curies":[{"name":"wp","href":"https:\/\/api.w.org\/{rel}","templated":true}]}}