{"id":10581,"date":"2024-04-06T03:42:46","date_gmt":"2024-04-06T03:42:46","guid":{"rendered":"https:\/\/vn.hettichshop.com\/?post_type=product&#038;p=10581"},"modified":"2025-04-08T14:17:40","modified_gmt":"2025-04-08T06:17:40","slug":"avantech-you-illumination-500","status":"publish","type":"product","link":"https:\/\/vn.hettichshop.com\/vi\/san-pham\/avantech-you-illumination-500\/","title":{"rendered":"H\u1ec7 chi\u1ebfu s\u00e1ng cho ray h\u1ed9p Avantech You NL500"},"content":{"rendered":"<table class=\"table\" style=\"width: 52.084%; height: 299px;\">\n<tbody>\n<tr style=\"height: 24px;\">\n<td class=\"attrib\" style=\"width: 58.2333%; height: 24px;\"><span style=\"font-family: arial, helvetica, sans-serif;\">Chi\u1ec1u d\u00e0i\u00a0<\/span><\/td>\n<td style=\"width: 93.5286%; height: 24px;\"><span style=\"font-family: arial, helvetica, sans-serif;\">500<\/span><\/td>\n<\/tr>\n<tr style=\"height: 24px;\">\n<td class=\"attrib\" style=\"width: 58.2333%; height: 24px;\"><span style=\"font-family: arial, helvetica, sans-serif;\">M\u00e0u s\u1eafc<\/span><\/td>\n<td style=\"width: 93.5286%; height: 24px;\"><span style=\"font-family: arial, helvetica, sans-serif;\">X\u00e1m than<\/span><\/td>\n<\/tr>\n<tr style=\"height: 96px;\">\n<td class=\"attrib\" style=\"width: 58.2333%; height: 96px;\"><span style=\"font-family: arial, helvetica, sans-serif;\">Chi\u1ec1u cao\u00a0<\/span><\/td>\n<td style=\"width: 93.5286%; height: 96px;\"><span style=\"font-family: arial, helvetica, sans-serif;\">101<\/span><br \/>\n<span style=\"font-family: arial, helvetica, sans-serif;\">139<\/span><br \/>\n<span style=\"font-family: arial, helvetica, sans-serif;\">187<\/span><br \/>\n<span style=\"font-family: arial, helvetica, sans-serif;\">251<\/span><\/td>\n<\/tr>\n<tr style=\"height: 96px;\">\n<td class=\"attrib\" style=\"width: 58.2333%; height: 96px;\"><span style=\"font-family: arial, helvetica, sans-serif;\">Th\u00e0nh ph\u1ea7n<\/span><\/td>\n<td style=\"width: 93.5286%; height: 96px;\"><span style=\"font-family: arial, helvetica, sans-serif;\">Thanh trang tr\u00ed<\/span><\/p>\n<p><span style=\"font-family: arial, helvetica, sans-serif;\">Ph\u1ee5 ki\u1ec7n<\/span><\/p>\n<p><span style=\"font-family: arial, helvetica, sans-serif;\">\u0110\u00e8n chi\u1ebfu s\u00e1ng<\/span><\/p>\n<p>&nbsp;<\/td>\n<\/tr>\n<\/tbody>\n<\/table>","protected":false},"excerpt":{"rendered":"<ul style=\"list-style-type: square;\">\n<li><span style=\"font-family: arial, helvetica, sans-serif;\">Chi\u1ebfu s\u00e1ng cho ray h\u1ed9p AvanTech YOU\u00a0<\/span><\/li>\n<li><span style=\"font-family: arial, helvetica, sans-serif;\">C\u00f3 th\u1ec3 l\u1eafp \u0111\u1eb7t, d\u00f9ng cho ray h\u1ed9p v\u1edbi chi\u1ec1u cao 101 \/ 139 \/ 187 \/ 251 mm (t\u00f9y ch\u1ecdn)<\/span><\/li>\n<li><span style=\"font-family: arial, helvetica, sans-serif;\">\u00c1nh s\u00e1ng khu\u1ebfch t\u00e1n, nhi\u1ec7t \u0111\u1ed9 m\u00e0u 4000k <\/span><\/li>\n<li><span style=\"font-family: arial, helvetica, sans-serif;\">M\u1ed7i b\u1ed9 bao g\u1ed3m 1 pin s\u1ea1c<\/span><\/li>\n<li><span style=\"font-family: arial, helvetica, sans-serif;\">\u0110\u00e8n t\u1ef1 s\u00e1ng khi m\u1edf ng\u0103n k\u00e9o, t\u1eaft khi \u0111\u00f3ng ng\u0103n k\u00e9o <\/span><\/li>\n<\/ul>\n<p><span style=\"font-family: arial, helvetica, sans-serif;\">Bao g\u1ed3m<\/span><\/p>\n<ul style=\"list-style-type: square;\">\n<li><span style=\"font-family: arial, helvetica, sans-serif;\">2 b\u1ed9 \u0111\u00e8n LED\u00a0<\/span><\/li>\n<li><span style=\"font-family: arial, helvetica, sans-serif;\">1 nam ch\u00e2m\u00a0<\/span><\/li>\n<li><span style=\"font-family: arial, helvetica, sans-serif;\">1 pin s\u1ea1c\u00a0<\/span><\/li>\n<li><span style=\"font-family: arial, helvetica, sans-serif;\">1 gi\u00e1 \u0111\u1ee1 pin s\u1ea1c<\/span><\/li>\n<li><span style=\"font-family: arial, helvetica, sans-serif;\">1 Adapter s\u1ea1c pin<\/span><\/li>\n<li><span style=\"font-family: arial, helvetica, sans-serif;\">3 gi\u00e1 c\u00e1p<\/span><\/li>\n<li><span style=\"font-family: arial, helvetica, sans-serif;\">1 c\u00e1p s\u1ea1c, c\u1ed5ng k\u1ebft n\u1ed1i USB B<\/span><\/li>\n<li><span style=\"font-family: arial, helvetica, sans-serif;\">1 c\u00e1p n\u1ed1i\u00a0<\/span><\/li>\n<li><span style=\"font-family: arial, helvetica, sans-serif;\">V\u1eadt li\u1ec7u c\u1ed1 \u0111\u1ecbnh\u00a0<\/span><\/li>\n<\/ul>\n<p><span style=\"font-family: arial, helvetica, sans-serif;\">L\u01b0u \u00fd:<\/span><\/p>\n<ul style=\"list-style-type: square;\">\n<li><span style=\"font-family: arial, helvetica, sans-serif;\">Pin lithium-ion<\/span><\/li>\n<li><span style=\"font-family: arial, helvetica, sans-serif;\">\u0110i\u1ec7n \u00e1p 7.5 V DC<\/span><\/li>\n<li><span style=\"font-family: arial, helvetica, sans-serif;\">Dung l\u01b0\u1ee3ng 2300 mAh<\/span><\/li>\n<li><span style=\"font-family: arial, helvetica, sans-serif;\">C\u00f4ng su\u1ea5t 8.51 Wh<\/span><\/li>\n<li><span style=\"font-family: arial, helvetica, sans-serif;\">S\u1ea1c qua c\u1ed5ng k\u1ebft n\u1ed1i USB<\/span><\/li>\n<li><span style=\"font-family: arial, helvetica, sans-serif;\">Th\u1eddi gian s\u1ea1c kho\u1ea3ng 4 gi\u1edd v\u1edbi b\u1ed9 s\u1ea1c 500 mA<\/span><\/li>\n<li><span style=\"font-family: arial, helvetica, sans-serif;\">Chi\u1ec1u cao c\u00f3 th\u1ec3 ch\u00eanh l\u1ec7ch + 6 mm (so v\u1edbi b\u1ea3n thi\u1ebft k\u1ebf ti\u00eau chu\u1ea9n): \u0111i\u1ec1u ch\u1ec9nh chi\u1ec1u cao c\u1ee7a ray h\u1ed9p khi k\u1ebft h\u1ee3p v\u1edbi thi\u1ebft b\u1ecb k\u1ebft n\u1ed1i t\u1ea1i m\u1eb7t tr\u01b0\u1edbc ng\u0103n k\u00e9o.\u00a0<\/span><\/li>\n<\/ul>","protected":false},"featured_media":10585,"template":"","meta":{"_links_to":"","_links_to_target":""},"product_cat":[166,72],"product_tag":[],"class_list":{"0":"post-10581","1":"product","2":"type-product","3":"status-publish","4":"has-post-thumbnail","6":"product_cat-part","7":"product_cat-he-thong-ray-hop","9":"first","10":"instock","11":"taxable","12":"shipping-taxable","13":"purchasable","14":"product-type-simple"},"bundle_layout":"","bundle_add_to_cart_form_location":"","bundle_editable_in_cart":false,"bundle_sold_individually_context":"","bundle_item_grouping":"","bundle_min_size":"","bundle_max_size":"","bundled_by":[],"bundled_items":[],"_links":{"self":[{"href":"https:\/\/vn.hettichshop.com\/vi\/wp-json\/wp\/v2\/product\/10581","targetHints":{"allow":["GET"]}}],"collection":[{"href":"https:\/\/vn.hettichshop.com\/vi\/wp-json\/wp\/v2\/product"}],"about":[{"href":"https:\/\/vn.hettichshop.com\/vi\/wp-json\/wp\/v2\/types\/product"}],"version-history":[{"count":10,"href":"https:\/\/vn.hettichshop.com\/vi\/wp-json\/wp\/v2\/product\/10581\/revisions"}],"predecessor-version":[{"id":10963,"href":"https:\/\/vn.hettichshop.com\/vi\/wp-json\/wp\/v2\/product\/10581\/revisions\/10963"}],"wp:featuredmedia":[{"embeddable":true,"href":"https:\/\/vn.hettichshop.com\/vi\/wp-json\/wp\/v2\/media\/10585"}],"wp:attachment":[{"href":"https:\/\/vn.hettichshop.com\/vi\/wp-json\/wp\/v2\/media?parent=10581"}],"wp:term":[{"taxonomy":"product_cat","embeddable":true,"href":"https:\/\/vn.hettichshop.com\/vi\/wp-json\/wp\/v2\/product_cat?post=10581"},{"taxonomy":"product_tag","embeddable":true,"href":"https:\/\/vn.hettichshop.com\/vi\/wp-json\/wp\/v2\/product_tag?post=10581"}],"curies":[{"name":"wp","href":"https:\/\/api.w.org\/{rel}","templated":true}]}}