{"id":10534,"date":"2024-04-05T05:50:27","date_gmt":"2024-04-05T05:50:27","guid":{"rendered":"https:\/\/vn.hettichshop.com\/?post_type=product&#038;p=10534"},"modified":"2025-10-25T12:01:15","modified_gmt":"2025-10-25T04:01:15","slug":"avantech-you-connector-for-front-panel-187","status":"publish","type":"product","link":"https:\/\/vn.hettichshop.com\/vi\/san-pham\/avantech-you-connector-for-front-panel-187\/","title":{"rendered":"B\u1ed9 kh\u1edbp n\u1ed1i cho thanh nh\u00f4m m\u1eb7t tr\u01b0\u1edbc AvanTech You H187"},"content":{"rendered":"<table class=\"table\" style=\"width: 72.6355%; height: 212px;\">\n<tbody>\n<tr style=\"height: 24px;\">\n<td class=\"attrib\" style=\"height: 24px; width: 34.2105%;\"><span style=\"font-family: arial, helvetica, sans-serif;\">Chi\u1ec1u cao\u00a0<\/span><\/td>\n<td style=\"height: 24px; width: 66.8421%;\"><span style=\"font-family: arial, helvetica, sans-serif;\">187<\/span><\/td>\n<\/tr>\n<tr style=\"height: 24px;\">\n<td class=\"attrib\" style=\"height: 24px; width: 34.2105%;\"><span style=\"font-family: arial, helvetica, sans-serif;\">Chi\u1ec1u r\u1ed9ng t\u1ee7<\/span><\/td>\n<td style=\"height: 24px; width: 66.8421%;\"><span style=\"font-family: arial, helvetica, sans-serif;\">200 mm &#8211; 1200 mm<\/span><\/td>\n<\/tr>\n<tr style=\"height: 24px;\">\n<td class=\"attrib\" style=\"height: 20px; width: 34.2105%;\"><span style=\"font-family: arial, helvetica, sans-serif;\">M\u00f4 t\u1ea3<\/span><\/td>\n<td style=\"height: 20px; width: 66.8421%;\"><span style=\"font-family: arial, helvetica, sans-serif;\">Ray h\u1ed9p \u0111\u00f4i<br \/>\n\u0110\u1ed1i v\u1edbi m\u1eb7t b\u00ean ng\u0103n k\u00e9o kh\u00f4ng c\u00f3 h\u1ec7 th\u1ed1ng chi\u1ebfu s\u00e1ng<\/span><\/td>\n<\/tr>\n<tr style=\"height: 24px;\">\n<td class=\"attrib\" style=\"height: 24px; width: 34.2105%;\"><span style=\"font-family: arial, helvetica, sans-serif;\">M\u1eb7t l\u1eafp \u0111\u1eb7t<\/span><\/td>\n<td style=\"height: 24px; width: 66.8421%;\"><span style=\"font-family: arial, helvetica, sans-serif;\">Tr\u00e1i v\u00e0 ph\u1ea3i<\/span><\/td>\n<\/tr>\n<tr style=\"height: 48px;\">\n<td class=\"attrib\" style=\"height: 48px; width: 34.2105%;\"><span style=\"font-family: arial, helvetica, sans-serif;\">Ch\u1ea5t li\u1ec7u<\/span><\/td>\n<td style=\"height: 48px; width: 66.8421%;\"><span style=\"font-family: arial, helvetica, sans-serif;\">Nh\u1ef1a<br \/>\nTh\u00e9p<\/span><\/td>\n<\/tr>\n<tr style=\"height: 48px;\">\n<td class=\"attrib\" style=\"height: 48px; width: 34.2105%;\"><span style=\"font-family: arial, helvetica, sans-serif;\">T\u00f9y ch\u1ecdn<\/span><\/td>\n<td style=\"height: 48px; width: 66.8421%;\"><span style=\"font-family: arial, helvetica, sans-serif;\">M\u1eb7t tr\u01b0\u1edbc<\/span><br \/>\n<span style=\"font-family: arial, helvetica, sans-serif;\">Ph\u1ee5 ki\u1ec7n<\/span><\/td>\n<\/tr>\n<\/tbody>\n<\/table>","protected":false},"excerpt":{"rendered":"<ul style=\"list-style-type: square;\">\n<li><span style=\"font-family: arial, helvetica, sans-serif;\">D\u00f9ng \u0111\u1ec3 c\u1ed1 \u0111\u1ecbnh, k\u1ebft n\u1ed1i m\u1eb7t tr\u01b0\u1edbc v\u1edbi th\u00e0nh ray h\u1ed9p\u00a0<\/span><\/li>\n<li><span style=\"font-family: arial, helvetica, sans-serif;\">Th\u00e9p, nh\u1ef1a<\/span><\/li>\n<\/ul>\n<p><span style=\"font-family: arial, helvetica, sans-serif;\">Bao g\u1ed3m:<\/span><\/p>\n<ul style=\"list-style-type: square;\">\n<li><span style=\"font-family: arial, helvetica, sans-serif;\">2 kh\u1edbp n\u1ed1i m\u1eb7t tr\u01b0\u1edbc ray h\u1ed9p\u00a0<\/span><\/li>\n<li><span style=\"font-family: arial, helvetica, sans-serif;\">2 n\u1eafp trang tr\u00ed<\/span><\/li>\n<li><span style=\"font-family: arial, helvetica, sans-serif;\">2 bas c\u1ed1 \u0111\u1ecbnh m\u1eb7t tr\u01b0\u1edbc ng\u0103n k\u00e9o l\u1ecdt l\u00f2ng<\/span><\/li>\n<li><span style=\"font-family: arial, helvetica, sans-serif;\">V\u00edt b\u1eaft g\u00e1\u00a0<\/span><\/li>\n<\/ul>\n<p><span style=\"font-family: arial, helvetica, sans-serif;\">L\u01b0u \u00fd:<\/span><\/p>\n<ul style=\"list-style-type: square;\">\n<li><span style=\"font-family: arial, helvetica, sans-serif;\">Thanh n\u00e2ng c\u1ea5p m\u1eb7t tr\u01b0\u1edbc cho ng\u0103n k\u00e9o l\u1ecdt l\u00f2ng \u0111\u01b0\u1ee3c \u0111\u1eb7t h\u00e0ng ri\u00eang<\/span><\/li>\n<\/ul>","protected":false},"featured_media":10540,"template":"","meta":{"_links_to":"","_links_to_target":""},"product_cat":[166],"product_tag":[],"class_list":{"0":"post-10534","1":"product","2":"type-product","3":"status-publish","4":"has-post-thumbnail","6":"product_cat-part","7":"pa_color-silver","8":"pa_color-anthracite","9":"pa_color-white","11":"first","12":"instock","13":"taxable","14":"shipping-taxable","15":"purchasable","16":"product-type-variable","17":"has-default-attributes"},"bundle_layout":"","bundle_add_to_cart_form_location":"","bundle_editable_in_cart":false,"bundle_sold_individually_context":"","bundle_item_grouping":"","bundle_min_size":"","bundle_max_size":"","bundled_by":[],"bundled_items":[],"_links":{"self":[{"href":"https:\/\/vn.hettichshop.com\/vi\/wp-json\/wp\/v2\/product\/10534","targetHints":{"allow":["GET"]}}],"collection":[{"href":"https:\/\/vn.hettichshop.com\/vi\/wp-json\/wp\/v2\/product"}],"about":[{"href":"https:\/\/vn.hettichshop.com\/vi\/wp-json\/wp\/v2\/types\/product"}],"version-history":[{"count":11,"href":"https:\/\/vn.hettichshop.com\/vi\/wp-json\/wp\/v2\/product\/10534\/revisions"}],"predecessor-version":[{"id":14943,"href":"https:\/\/vn.hettichshop.com\/vi\/wp-json\/wp\/v2\/product\/10534\/revisions\/14943"}],"wp:featuredmedia":[{"embeddable":true,"href":"https:\/\/vn.hettichshop.com\/vi\/wp-json\/wp\/v2\/media\/10540"}],"wp:attachment":[{"href":"https:\/\/vn.hettichshop.com\/vi\/wp-json\/wp\/v2\/media?parent=10534"}],"wp:term":[{"taxonomy":"product_cat","embeddable":true,"href":"https:\/\/vn.hettichshop.com\/vi\/wp-json\/wp\/v2\/product_cat?post=10534"},{"taxonomy":"product_tag","embeddable":true,"href":"https:\/\/vn.hettichshop.com\/vi\/wp-json\/wp\/v2\/product_tag?post=10534"}],"curies":[{"name":"wp","href":"https:\/\/api.w.org\/{rel}","templated":true}]}}