{"id":10313,"date":"2024-04-04T03:26:24","date_gmt":"2024-04-04T03:26:24","guid":{"rendered":"https:\/\/vn.hettichshop.com\/?post_type=product&#038;p=10313"},"modified":"2025-03-12T10:53:36","modified_gmt":"2025-03-12T02:53:36","slug":"sensys-8675-110-hinge-overlay-blk-combo","status":"publish","type":"product","link":"https:\/\/vn.hettichshop.com\/vi\/san-pham\/sensys-8675-110-hinge-overlay-blk-combo\/","title":{"rendered":"Sensys 8675 &#8211; B\u1ed9 b\u1ea3n l\u1ec1 c\u00e1nh ti\u00eau chu\u1ea9n 110\u00b0 &#8211; Tr\u00f9m ngo\u00e0i &#8211; \u0110en obsidian"},"content":{"rendered":"","protected":false},"excerpt":{"rendered":"","protected":false},"featured_media":10473,"template":"","meta":{"_links_to":"","_links_to_target":""},"product_cat":[74,166],"product_tag":[],"class_list":{"0":"post-10313","1":"product","2":"type-product","3":"status-publish","4":"has-post-thumbnail","6":"product_cat-hinges","7":"product_cat-part","9":"first","10":"instock","11":"taxable","12":"shipping-taxable","13":"purchasable","14":"product-type-variable"},"bundle_layout":"","bundle_add_to_cart_form_location":"","bundle_editable_in_cart":false,"bundle_sold_individually_context":"","bundle_item_grouping":"","bundle_min_size":"","bundle_max_size":"","bundled_by":[],"bundled_items":[],"_links":{"self":[{"href":"https:\/\/vn.hettichshop.com\/vi\/wp-json\/wp\/v2\/product\/10313","targetHints":{"allow":["GET"]}}],"collection":[{"href":"https:\/\/vn.hettichshop.com\/vi\/wp-json\/wp\/v2\/product"}],"about":[{"href":"https:\/\/vn.hettichshop.com\/vi\/wp-json\/wp\/v2\/types\/product"}],"version-history":[{"count":7,"href":"https:\/\/vn.hettichshop.com\/vi\/wp-json\/wp\/v2\/product\/10313\/revisions"}],"predecessor-version":[{"id":13401,"href":"https:\/\/vn.hettichshop.com\/vi\/wp-json\/wp\/v2\/product\/10313\/revisions\/13401"}],"wp:featuredmedia":[{"embeddable":true,"href":"https:\/\/vn.hettichshop.com\/vi\/wp-json\/wp\/v2\/media\/10473"}],"wp:attachment":[{"href":"https:\/\/vn.hettichshop.com\/vi\/wp-json\/wp\/v2\/media?parent=10313"}],"wp:term":[{"taxonomy":"product_cat","embeddable":true,"href":"https:\/\/vn.hettichshop.com\/vi\/wp-json\/wp\/v2\/product_cat?post=10313"},{"taxonomy":"product_tag","embeddable":true,"href":"https:\/\/vn.hettichshop.com\/vi\/wp-json\/wp\/v2\/product_tag?post=10313"}],"curies":[{"name":"wp","href":"https:\/\/api.w.org\/{rel}","templated":true}]}}