{"id":10149,"date":"2024-04-02T04:47:09","date_gmt":"2024-04-02T04:47:09","guid":{"rendered":"https:\/\/vn.hettichshop.com\/?post_type=product&#038;p=10149"},"modified":"2025-10-25T16:55:10","modified_gmt":"2025-10-25T08:55:10","slug":"innotech-atira-s70-side-profile","status":"publish","type":"product","link":"https:\/\/vn.hettichshop.com\/vi\/san-pham\/innotech-atira-s70-side-profile\/","title":{"rendered":"H\u1ec7 th\u1ed1ng ray h\u1ed9p InnoTech Atira H70"},"content":{"rendered":"<p><span style=\"font-family: arial, helvetica, sans-serif;\">Bao g\u1ed3m:<\/span><\/p>\n<ul style=\"list-style-type: square;\">\n<li><span style=\"font-family: arial, helvetica, sans-serif;\">Th\u00e0nh h\u1ed9p b\u00ean tr\u00e1i v\u00e0 ph\u1ea3i\u00a0<\/span><\/li>\n<li><span style=\"font-family: arial, helvetica, sans-serif;\">2 kh\u1edbp n\u1ed1i m\u1eb7t tr\u01b0\u1edbc ng\u0103n k\u00e9o cho m\u1eb7t b\u00ean ng\u0103n k\u00e9o<\/span><\/li>\n<li><span style=\"font-family: arial, helvetica, sans-serif;\">2 n\u1eafp nh\u1ef1a v\u1edbi logo Hettich<\/span><\/li>\n<li><span style=\"font-family: arial, helvetica, sans-serif;\">1 b\u1ed9 kh\u1edbp n\u1ed1i m\u1eb7t sau, tr\u00e1i v\u00e0 ph\u1ea3i<\/span><\/li>\n<li><span style=\"font-family: arial, helvetica, sans-serif;\">V\u00edt c\u1ed1 \u0111\u1ecbnh<\/span><\/li>\n<\/ul>","protected":false},"excerpt":{"rendered":"<p><span style=\"font-family: arial, helvetica, sans-serif;\">Bao g\u1ed3m:<\/span><\/p>\n<ul style=\"list-style-type: square;\">\n<li><span style=\"font-family: arial, helvetica, sans-serif;\">Th\u00e0nh h\u1ed9p b\u00ean tr\u00e1i v\u00e0 ph\u1ea3i\u00a0<\/span><\/li>\n<li><span style=\"font-family: arial, helvetica, sans-serif;\">2 kh\u1edbp n\u1ed1i m\u1eb7t tr\u01b0\u1edbc ng\u0103n k\u00e9o cho m\u1eb7t b\u00ean ng\u0103n k\u00e9o<\/span><\/li>\n<li><span style=\"font-family: arial, helvetica, sans-serif;\">2 n\u1eafp nh\u1ef1a v\u1edbi logo Hettich<\/span><\/li>\n<li><span style=\"font-family: arial, helvetica, sans-serif;\">1 b\u1ed9 kh\u1edbp n\u1ed1i m\u1eb7t sau, tr\u00e1i v\u00e0 ph\u1ea3i<\/span><\/li>\n<li><span style=\"font-family: arial, helvetica, sans-serif;\">V\u00edt c\u1ed1 \u0111\u1ecbnh<\/span><\/li>\n<\/ul>","protected":false},"featured_media":9348,"template":"","meta":{"_links_to":"","_links_to_target":""},"product_cat":[166],"product_tag":[],"class_list":{"0":"post-10149","1":"product","2":"type-product","3":"status-publish","4":"has-post-thumbnail","6":"product_cat-part","7":"pa_color-silver","8":"pa_color-white","9":"pa_color-xam-den","10":"pa_runners-length-470mm","12":"first","13":"instock","14":"taxable","15":"shipping-taxable","16":"purchasable","17":"product-type-variable","18":"has-default-attributes"},"bundle_layout":"","bundle_add_to_cart_form_location":"","bundle_editable_in_cart":false,"bundle_sold_individually_context":"","bundle_item_grouping":"","bundle_min_size":"","bundle_max_size":"","bundled_by":[],"bundled_items":[],"_links":{"self":[{"href":"https:\/\/vn.hettichshop.com\/vi\/wp-json\/wp\/v2\/product\/10149","targetHints":{"allow":["GET"]}}],"collection":[{"href":"https:\/\/vn.hettichshop.com\/vi\/wp-json\/wp\/v2\/product"}],"about":[{"href":"https:\/\/vn.hettichshop.com\/vi\/wp-json\/wp\/v2\/types\/product"}],"version-history":[{"count":5,"href":"https:\/\/vn.hettichshop.com\/vi\/wp-json\/wp\/v2\/product\/10149\/revisions"}],"predecessor-version":[{"id":14961,"href":"https:\/\/vn.hettichshop.com\/vi\/wp-json\/wp\/v2\/product\/10149\/revisions\/14961"}],"wp:featuredmedia":[{"embeddable":true,"href":"https:\/\/vn.hettichshop.com\/vi\/wp-json\/wp\/v2\/media\/9348"}],"wp:attachment":[{"href":"https:\/\/vn.hettichshop.com\/vi\/wp-json\/wp\/v2\/media?parent=10149"}],"wp:term":[{"taxonomy":"product_cat","embeddable":true,"href":"https:\/\/vn.hettichshop.com\/vi\/wp-json\/wp\/v2\/product_cat?post=10149"},{"taxonomy":"product_tag","embeddable":true,"href":"https:\/\/vn.hettichshop.com\/vi\/wp-json\/wp\/v2\/product_tag?post=10149"}],"curies":[{"name":"wp","href":"https:\/\/api.w.org\/{rel}","templated":true}]}}